{"id":22082,"date":"2025-04-04T05:37:19","date_gmt":"2025-04-04T05:37:19","guid":{"rendered":"https:\/\/esquell.eu\/product\/ringe-mit-riffelblech-und-stahldreifuss-japanische-oder-europaeische-groesse\/"},"modified":"2025-04-04T05:37:19","modified_gmt":"2025-04-04T05:37:19","slug":"ringe-mit-riffelblech-und-stahldreifuss-japanische-oder-europaeische-groesse","status":"publish","type":"product","link":"https:\/\/esquell.eu\/de\/produkt\/ringe-mit-riffelblech-und-stahldreifuss-japanische-oder-europaeische-groesse\/","title":{"rendered":"Ringe mit Riffelblech und Stahldreifu\u00df. Japanische oder europ\u00e4ische Gr\u00f6\u00dfe"},"content":{"rendered":"<p>Sch\u00f6nes komplettes Set zum Herstellen und Modellieren von Ringen.<\/p>\n<ul>\n<li>Dreibeinig, Dorn. Gesamtl\u00e4nge 27 cm. Durchmesser unter 2,4 cm Durchmesser \u00fcber 1,1 cm Massiver Stahl. Ohne Gr\u00f6\u00dfenangabe, zum Vergr\u00f6\u00dfern, Kalibrieren und Modellieren von Ringen.   <\/li>\n<li>Juwelierhammer mit 1x Gummikopf und 1x Kunststoffkopf<\/li>\n<li>H\u00f6lzerner Ringstab (z.B. zum Modellieren von Ringen aus Metallton).<\/li>\n<li>Ringb\u00fcndel zur Bestimmung der Ringgr\u00f6\u00dfe. Sie haben die Wahl zwischen einem Ringbund mit europ\u00e4ischen oder japanischen Ma\u00dfen. (f\u00fcr die Verwendung mit Silver Clay \/ Art Clay Silber empfehlen wir das japanische B\u00fcndel, da die Arbeitsbeschreibungen oft auch mit diesen Ma\u00dfen funktionieren) <\/li>\n<\/ul>\n","protected":false},"excerpt":{"rendered":"<p>Sch\u00f6nes komplettes Set zum Herstellen und Modellieren von Ringen.<\/p>\n<ul>\n<li>Dreibeinig, Dorn. Gesamtl\u00e4nge 27 cm. Durchmesser unter 2,4 cm Durchmesser \u00fcber 1,1 cm Massiver Stahl. Ohne Gr\u00f6\u00dfenangabe, zum Vergr\u00f6\u00dfern, Kalibrieren und Modellieren von Ringen.     <\/li>\n<li>Juwelierhammer mit 1x Gummikopf und 1x Kunststoffkopf  <\/li>\n<li>H\u00f6lzerner Ringstab (z.B. zum Modellieren von Ringen aus Metallton).  <\/li>\n<li>Ringb\u00fcndel zur Bestimmung der Ringgr\u00f6\u00dfe. Sie haben die Wahl zwischen einem Ringbund mit europ\u00e4ischen Ma\u00dfen oder japanischen Ma\u00dfen. (f\u00fcr die Verwendung mit Silver Clay \/ Art Clay Silber empfehlen wir das japanische B\u00fcndel, da die Arbeitsbeschreibungen oft auch mit diesen Ma\u00dfen funktionieren)   <\/li>\n<\/ul>\n<p><\/p>\n","protected":false},"featured_media":22084,"comment_status":"closed","ping_status":"closed","template":"","meta":{"_acf_changed":false,"_seopress_robots_primary_cat":"none","_seopress_titles_title":"","_seopress_titles_desc":"","_seopress_robots_index":""},"more":[],"product_brand":[],"product_cat":[7882],"product_tag":[7803,6948,7798,6817,6802,6944,7812,6458,6790,6887,6415,6929,6840,7084,13761,7804,7128,12865,6826,8502,8905,8512,7802,14819,17222,6842,6824,6830,12875,6822,11312,13861,14818,10865,14814,13252,14810,9678,11644,6946,6836,8487,7336,6786,6885,14812,6932,6950,8498,6844,7801,6421,11376,6441,7800,8696,14769,14820,13392,6455,6832,12099,6788,12869,6828,6806,14807,14816,6777,10653,11339,14173,6928,6940,6419,13225,6558,7086,6490,9383,14176,7445,13250,7507,6834,11341,6784,6795,8483,8673,6814,6783,14808,6838,14806,7796],"class_list":{"0":"post-22082","1":"product","2":"type-product","3":"status-publish","4":"has-post-thumbnail","6":"product_cat-werkzeuge-fur-ringe","7":"product_tag-almelo","8":"product_tag-almere","9":"product_tag-amersfoort","10":"product_tag-amsterdam","11":"product_tag-angebot","12":"product_tag-assen","13":"product_tag-beilen","14":"product_tag-belgien","15":"product_tag-bestellung","16":"product_tag-biegsames-silber","17":"product_tag-billig","18":"product_tag-blei","19":"product_tag-brabant","20":"product_tag-breda","21":"product_tag-bundel-ringe","22":"product_tag-delft","23":"product_tag-den-haag","24":"product_tag-domburg","25":"product_tag-drenthe","26":"product_tag-dronten","27":"product_tag-einsteigerpaket","28":"product_tag-emmeloord","29":"product_tag-enschede","30":"product_tag-euro","31":"product_tag-euro-2","32":"product_tag-flevoland","33":"product_tag-friesland","34":"product_tag-gelderland","35":"product_tag-gouda","36":"product_tag-groningen","37":"product_tag-grose","38":"product_tag-grose-2","39":"product_tag-gulden","40":"product_tag-gummi","41":"product_tag-gummihammer","42":"product_tag-hammer-2","43":"product_tag-hammer-3","44":"product_tag-hardenberg","45":"product_tag-harlingen","46":"product_tag-heerenveen","47":"product_tag-holland","48":"product_tag-hoogeveen","49":"product_tag-japanisch-3","50":"product_tag-kaufen","51":"product_tag-kaufen-2","52":"product_tag-klingelton","53":"product_tag-leeuwarden","54":"product_tag-lelystad","55":"product_tag-lemmer","56":"product_tag-limburg","57":"product_tag-maastricht","58":"product_tag-machen","59":"product_tag-mandrel","60":"product_tag-metallton","61":"product_tag-middelburg","62":"product_tag-modellierung-2","63":"product_tag-munzen","64":"product_tag-munzen-2","65":"product_tag-nehmen-sie","66":"product_tag-niederlande","67":"product_tag-norden","68":"product_tag-ommen-2","69":"product_tag-online","70":"product_tag-ouddorp","71":"product_tag-overijssel","72":"product_tag-rabatt","73":"product_tag-renesse","74":"product_tag-ring-der","75":"product_tag-ringe","76":"product_tag-ringgrose","77":"product_tag-ringstock","78":"product_tag-roosendaal","79":"product_tag-rotterdam","80":"product_tag-scheveningen","81":"product_tag-schmuck","82":"product_tag-schmuckhammer","83":"product_tag-sie-selbst","84":"product_tag-silberschmiede","85":"product_tag-silberton","86":"product_tag-solide","87":"product_tag-spijkenisse","88":"product_tag-stahl","89":"product_tag-stahl-3","90":"product_tag-starterset","91":"product_tag-sud","92":"product_tag-tribulett","93":"product_tag-unter-2","94":"product_tag-utrecht","95":"product_tag-venlo","96":"product_tag-watteninseln","97":"product_tag-webshop","98":"product_tag-wobei","99":"product_tag-woerden","100":"product_tag-zeeland","101":"product_tag-zierikzee","102":"product_tag-zwolle","103":"product_shipping_class-standard","104":"pa_ringenbos-europaisch","105":"pa_ringenbos-japanisch","107":"first","108":"instock","109":"taxable","110":"shipping-taxable","111":"purchasable","112":"product-type-variable"},"acf":[],"_links":{"self":[{"href":"https:\/\/esquell.eu\/de\/wp-json\/wp\/v2\/product\/22082","targetHints":{"allow":["GET"]}}],"collection":[{"href":"https:\/\/esquell.eu\/de\/wp-json\/wp\/v2\/product"}],"about":[{"href":"https:\/\/esquell.eu\/de\/wp-json\/wp\/v2\/types\/product"}],"replies":[{"embeddable":true,"href":"https:\/\/esquell.eu\/de\/wp-json\/wp\/v2\/comments?post=22082"}],"wp:featuredmedia":[{"embeddable":true,"href":"https:\/\/esquell.eu\/de\/wp-json\/wp\/v2\/media\/22084"}],"wp:attachment":[{"href":"https:\/\/esquell.eu\/de\/wp-json\/wp\/v2\/media?parent=22082"}],"wp:term":[{"taxonomy":"more","embeddable":true,"href":"https:\/\/esquell.eu\/de\/wp-json\/wp\/v2\/more?post=22082"},{"taxonomy":"product_brand","embeddable":true,"href":"https:\/\/esquell.eu\/de\/wp-json\/wp\/v2\/product_brand?post=22082"},{"taxonomy":"product_cat","embeddable":true,"href":"https:\/\/esquell.eu\/de\/wp-json\/wp\/v2\/product_cat?post=22082"},{"taxonomy":"product_tag","embeddable":true,"href":"https:\/\/esquell.eu\/de\/wp-json\/wp\/v2\/product_tag?post=22082"}],"curies":[{"name":"wp","href":"https:\/\/api.w.org\/{rel}","templated":true}]}}