{"id":21925,"date":"2025-04-03T09:21:06","date_gmt":"2025-04-03T09:21:06","guid":{"rendered":"https:\/\/esquell.eu\/product\/japanischer-nylon-arbeitshammer-acs-r-0021\/"},"modified":"2025-04-03T09:21:06","modified_gmt":"2025-04-03T09:21:06","slug":"japanischer-nylon-arbeitshammer-acs-r-0021","status":"publish","type":"product","link":"https:\/\/esquell.eu\/de\/produkt\/japanischer-nylon-arbeitshammer-acs-r-0021\/","title":{"rendered":"Japanischer Nylon-Arbeitshammer ACS (R-0021)"},"content":{"rendered":"<p>Wenn Ihr Silberring nach dem Erhitzen oder Tragen etwas an Form verloren hat, k\u00f6nnen Sie den Metallringstab und diesen Gummihammer verwenden, um den Ring wieder rund zu klopfen oder den Ring zu vergr\u00f6\u00dfern, wenn er zu klein geworden ist.<\/p>\n","protected":false},"excerpt":{"rendered":"<p>Wenn Ihr Silberring nach dem Erhitzen oder Tragen etwas an Form verloren hat, k\u00f6nnen Sie den Metallringstab und diesen Gummihammer verwenden, um den Ring wieder rund zu klopfen oder den Ring zu vergr\u00f6\u00dfern, wenn er zu klein geworden ist.<\/p>\n","protected":false},"featured_media":21926,"comment_status":"closed","ping_status":"closed","template":"","meta":{"_acf_changed":false,"_seopress_robots_primary_cat":"none","_seopress_titles_title":"","_seopress_titles_desc":"","_seopress_robots_index":""},"more":[],"product_brand":[6413],"product_cat":[13249,10426],"product_tag":[13221,6492,6438,8543,7387,17178,6494,17184,8217,7680,7017,6767,7331,6452,10865,11399,14810,13252,6498,8019,7019,6421,6444,7756,10032,6441,8696,14769,14767,8001,7133,17180,8092,6777,6419,13225,17182,13481,6779,6417,6671,6812,7086,6490,6556,6500,6435,10717,13853,6818],"class_list":{"0":"post-21925","1":"product","2":"type-product","3":"status-publish","4":"has-post-thumbnail","6":"product_brand-acs","7":"product_cat-hammer","8":"product_cat-metall","9":"product_tag-arbeitshammer","10":"product_tag-artclay","11":"product_tag-artclaysilver","12":"product_tag-aussie","13":"product_tag-bronze","14":"product_tag-deformieren","15":"product_tag-diy","16":"product_tag-einkaufen-4","17":"product_tag-flex","18":"product_tag-formulare","19":"product_tag-fur","20":"product_tag-gold","21":"product_tag-gold-3","22":"product_tag-groshandel","23":"product_tag-gummi","24":"product_tag-gummi-2","25":"product_tag-hammer-3","26":"product_tag-hammer-2","27":"product_tag-kunst","28":"product_tag-kupfer-2","29":"product_tag-liefert","30":"product_tag-machen","31":"product_tag-metalclay","32":"product_tag-metall-2","33":"product_tag-metall-block","34":"product_tag-metallton","35":"product_tag-modellierung-2","36":"product_tag-munzen","37":"product_tag-munzringe","38":"product_tag-pmc","39":"product_tag-prometheus","40":"product_tag-reduzieren","41":"product_tag-ring","42":"product_tag-ringe","43":"product_tag-schmuck","44":"product_tag-schmuckhammer","45":"product_tag-schmuckwerkzeuge-6","46":"product_tag-schmuckwerkzeuge-4","47":"product_tag-selbstgemacht","48":"product_tag-silber","49":"product_tag-silber-2","50":"product_tag-silber-3","51":"product_tag-silberschmiede","52":"product_tag-silberton","53":"product_tag-ton-3","54":"product_tag-ton-2","55":"product_tag-ton","56":"product_tag-um","57":"product_tag-vergrosern","58":"product_tag-werkzeuge-2","59":"product_shipping_class-standard","61":"first","62":"instock","63":"taxable","64":"shipping-taxable","65":"purchasable","66":"product-type-simple"},"acf":[],"_links":{"self":[{"href":"https:\/\/esquell.eu\/de\/wp-json\/wp\/v2\/product\/21925","targetHints":{"allow":["GET"]}}],"collection":[{"href":"https:\/\/esquell.eu\/de\/wp-json\/wp\/v2\/product"}],"about":[{"href":"https:\/\/esquell.eu\/de\/wp-json\/wp\/v2\/types\/product"}],"replies":[{"embeddable":true,"href":"https:\/\/esquell.eu\/de\/wp-json\/wp\/v2\/comments?post=21925"}],"wp:featuredmedia":[{"embeddable":true,"href":"https:\/\/esquell.eu\/de\/wp-json\/wp\/v2\/media\/21926"}],"wp:attachment":[{"href":"https:\/\/esquell.eu\/de\/wp-json\/wp\/v2\/media?parent=21925"}],"wp:term":[{"taxonomy":"more","embeddable":true,"href":"https:\/\/esquell.eu\/de\/wp-json\/wp\/v2\/more?post=21925"},{"taxonomy":"product_brand","embeddable":true,"href":"https:\/\/esquell.eu\/de\/wp-json\/wp\/v2\/product_brand?post=21925"},{"taxonomy":"product_cat","embeddable":true,"href":"https:\/\/esquell.eu\/de\/wp-json\/wp\/v2\/product_cat?post=21925"},{"taxonomy":"product_tag","embeddable":true,"href":"https:\/\/esquell.eu\/de\/wp-json\/wp\/v2\/product_tag?post=21925"}],"curies":[{"name":"wp","href":"https:\/\/api.w.org\/{rel}","templated":true}]}}