{"id":21812,"date":"2025-04-03T09:21:06","date_gmt":"2025-04-03T09:21:06","guid":{"rendered":"https:\/\/esquell.eu\/product\/arbeitsmatte-arbeitsflaeche-schneidematte-groesse-a-4\/"},"modified":"2026-03-05T16:31:55","modified_gmt":"2026-03-05T16:31:55","slug":"arbeitsmatte-arbeitsflaeche-schneidematte-groesse-a-4","status":"publish","type":"product","link":"https:\/\/esquell.eu\/de\/produkt\/arbeitsmatte-arbeitsflaeche-schneidematte-groesse-a-4\/","title":{"rendered":"Arbeitsmatte Arbeitsfl\u00e4che Schneidematte Gr\u00f6\u00dfe A-4"},"content":{"rendered":"<p>Arbeitsmatte, Arbeitsfl\u00e4che, Schneidematte. Sowohl als Schneidematte als auch als Arbeitsunterlage geeignet.<br \/>\nMit Rasterlinien und Ma\u00dfangaben in cm.<br \/>\nA-4 Format <\/p>\n<p>Selbstreparierende Schneidematte.<\/p>\n<p>Wenn die Matte als Schneidematte verwendet wurde, ist sie nicht mehr als Arbeitsmatte f\u00fcr Silver Clay oder andere Tone geeignet.<\/p>\n<p>Wenn Sie die Matte nur f\u00fcr Ton verwenden, ist sie eine sehr sch\u00f6ne Arbeitsmatte f\u00fcr Silberton.<\/p>\n","protected":false},"excerpt":{"rendered":"<p>Arbeitsmatte, Arbeitsfl\u00e4che, Schneidematte. Sowohl als Schneidematte als auch als Arbeitsunterlage geeignet.<br \/>\nMit Rasterlinien und Ma\u00dfangaben in cm.<br \/>\nA-4 Format <\/p>\n<p>Selbstreparierende Schneidematte.<\/p>\n<p>Wenn die Matte als Schneidematte verwendet wurde, ist sie nicht mehr als Arbeitsmatte f\u00fcr Silver Clay oder andere Tone geeignet.<\/p>\n<p>Wenn Sie die Matte nur f\u00fcr Ton verwenden, ist sie eine sehr sch\u00f6ne Arbeitsmatte f\u00fcr Silberton.<\/p>\n","protected":false},"featured_media":30357,"comment_status":"closed","ping_status":"closed","template":"","meta":{"_acf_changed":false,"_seopress_robots_primary_cat":"none","_seopress_titles_title":"","_seopress_titles_desc":"","_seopress_robots_index":""},"more":[],"product_brand":[6365],"product_cat":[6367,6596],"product_tag":[15900,10699,10701,6488,6506,17080,17077,6802,6924,6773,13192,17082,13194,17069,13462,12692,7919,6492,6438,17096,6458,17092,17089,6415,8100,6840,6903,7392,7123,6936,6921,7076,17097,6494,6826,6628,10101,6793,17087,8027,7672,6842,7680,6824,7017,7369,6830,6934,17076,22138,17088,6822,6692,13205,6836,6696,6786,6691,17086,6498,6905,7137,6844,6421,15677,17094,6441,7552,8542,7553,8696,6455,8392,6832,6682,6788,6891,6828,11860,22139,6806,6419,8104,14088,17090,6899,22136,9195,6558,6812,8102,22137,6490,6920,11859,6834,11259,8580,6500,6556,6784,6795,8098,17074,7072,6814,6690,17084,6783,7064,6838,7915,17075],"class_list":{"0":"post-21812","1":"product","2":"type-product","3":"status-publish","4":"has-post-thumbnail","6":"product_brand-l1","7":"product_cat-erganzende-materialien","8":"product_cat-grundlegende-werkzeuge","9":"product_tag-hier-ist","10":"product_tag-10699","11":"product_tag-10701","12":"product_tag-6488","13":"product_tag-6506","14":"product_tag-a3","15":"product_tag-a4","16":"product_tag-angebot","17":"product_tag-anhanger-2","18":"product_tag-antwerpen","19":"product_tag-arbeitsflache","20":"product_tag-arbeitsflache-3","21":"product_tag-arbeitsmatte","22":"product_tag-arbeitsmatte-2","23":"product_tag-arbeitsplatz","24":"product_tag-armband-2","25":"product_tag-armbander-2","26":"product_tag-artclay","27":"product_tag-artclaysilver","28":"product_tag-artclaysilverworkshop","29":"product_tag-belgien","30":"product_tag-beratung","31":"product_tag-bezeichnung","32":"product_tag-billig","33":"product_tag-billiger","34":"product_tag-brabant","35":"product_tag-bronze-ton","36":"product_tag-bronzeclay","37":"product_tag-brucke","38":"product_tag-brussel","39":"product_tag-charme","40":"product_tag-charme-2","41":"product_tag-collier","42":"product_tag-diy","43":"product_tag-drenthe","44":"product_tag-einfugen","45":"product_tag-einfugen-3","46":"product_tag-einkaufen","47":"product_tag-erholen","48":"product_tag-erklarung","49":"product_tag-fimo","50":"product_tag-flevoland","51":"product_tag-formulare","52":"product_tag-friesland","53":"product_tag-fur","54":"product_tag-gegen","55":"product_tag-gelderland","56":"product_tag-gent","57":"product_tag-gitter-2","58":"product_tag-gitter-3","59":"product_tag-gitternetzlinien","60":"product_tag-groningen","61":"product_tag-handbuch","62":"product_tag-herrscher","63":"product_tag-holland","64":"product_tag-ideen","65":"product_tag-kaufen","66":"product_tag-kette","67":"product_tag-krangung","68":"product_tag-kunst","69":"product_tag-kupferton","70":"product_tag-kupferton-2","71":"product_tag-limburg","72":"product_tag-machen","73":"product_tag-matte-2","74":"product_tag-metalclayworkshop","75":"product_tag-metallton","76":"product_tag-mit","77":"product_tag-modellbau","78":"product_tag-modellierung","79":"product_tag-modellierung-2","80":"product_tag-niederlande","81":"product_tag-nop","82":"product_tag-norden","83":"product_tag-ohrringe","84":"product_tag-online","85":"product_tag-online-shop","86":"product_tag-overijssel","87":"product_tag-polder","88":"product_tag-prazistiv","89":"product_tag-rabatt","90":"product_tag-schmuck","91":"product_tag-schmuck-workshop","92":"product_tag-schneidematte","93":"product_tag-schnepfen","94":"product_tag-selbst","95":"product_tag-selbstheilung","96":"product_tag-shop-2","97":"product_tag-sie-selbst","98":"product_tag-silber-3","99":"product_tag-silber-ton-workshop","100":"product_tag-silberschiefer","101":"product_tag-silberton","102":"product_tag-sterling","103":"product_tag-substrat","104":"product_tag-sud","105":"product_tag-tipp","106":"product_tag-tipps","107":"product_tag-ton-2","108":"product_tag-ton-3","109":"product_tag-unter-2","110":"product_tag-utrecht","111":"product_tag-verkauf","112":"product_tag-verkauf-3","113":"product_tag-wattenmeer","114":"product_tag-webshop","115":"product_tag-werkstatten","116":"product_tag-wiederherstellende","117":"product_tag-wobei","118":"product_tag-workshop","119":"product_tag-zeeland","120":"product_tag-zeilen","121":"product_tag-zentimeter-2","122":"product_shipping_class-standard","124":"first","125":"instock","126":"taxable","127":"shipping-taxable","128":"purchasable","129":"product-type-simple"},"acf":[],"_links":{"self":[{"href":"https:\/\/esquell.eu\/de\/wp-json\/wp\/v2\/product\/21812","targetHints":{"allow":["GET"]}}],"collection":[{"href":"https:\/\/esquell.eu\/de\/wp-json\/wp\/v2\/product"}],"about":[{"href":"https:\/\/esquell.eu\/de\/wp-json\/wp\/v2\/types\/product"}],"replies":[{"embeddable":true,"href":"https:\/\/esquell.eu\/de\/wp-json\/wp\/v2\/comments?post=21812"}],"wp:featuredmedia":[{"embeddable":true,"href":"https:\/\/esquell.eu\/de\/wp-json\/wp\/v2\/media\/30357"}],"wp:attachment":[{"href":"https:\/\/esquell.eu\/de\/wp-json\/wp\/v2\/media?parent=21812"}],"wp:term":[{"taxonomy":"more","embeddable":true,"href":"https:\/\/esquell.eu\/de\/wp-json\/wp\/v2\/more?post=21812"},{"taxonomy":"product_brand","embeddable":true,"href":"https:\/\/esquell.eu\/de\/wp-json\/wp\/v2\/product_brand?post=21812"},{"taxonomy":"product_cat","embeddable":true,"href":"https:\/\/esquell.eu\/de\/wp-json\/wp\/v2\/product_cat?post=21812"},{"taxonomy":"product_tag","embeddable":true,"href":"https:\/\/esquell.eu\/de\/wp-json\/wp\/v2\/product_tag?post=21812"}],"curies":[{"name":"wp","href":"https:\/\/api.w.org\/{rel}","templated":true}]}}