{"id":21802,"date":"2025-04-03T09:21:06","date_gmt":"2025-04-03T09:21:06","guid":{"rendered":"https:\/\/esquell.eu\/product\/modellierspachtel-set-5-teilig-spachtel-fuer-ton-farbe-kann-variieren\/"},"modified":"2025-11-25T18:09:04","modified_gmt":"2025-11-25T18:09:04","slug":"modellierspachtel-set-5-teilig-spachtel-fuer-ton-farbe-kann-variieren","status":"publish","type":"product","link":"https:\/\/esquell.eu\/de\/produkt\/modellierspachtel-set-5-teilig-spachtel-fuer-ton-farbe-kann-variieren\/","title":{"rendered":"Modellierspachtel-Set 5-teilig. Spachtel f\u00fcr Ton. *Farbe kann variieren"},"content":{"rendered":"<p>Set mit 5 doppelseitigen Modellierspateln f\u00fcr Knete. 5 x Silikonmodellierspatel und 5 x Kugelspatel aus Edelstahl.<br \/>\nIdeal zum Modellieren von Metallton. Auch geeignet f\u00fcr z.B. Fimo, Cernit und Polymer Clay.<br \/>\nDie Edelstahlkugeln k\u00f6nnen auch als Polierstifte verwendet werden.<br \/>\nDie Kugeln sind ideal zum Polieren von schwer zug\u00e4nglichen Stellen.<br \/>\nDie Kugeln sind in verschiedenen Gr\u00f6\u00dfen erh\u00e4ltlich.<br \/>\nDie Spatel k\u00f6nnen verwendet werden, um Formen und Motive in den noch weichen Clay einzubringen und den Clay bei Bedarf zu gl\u00e4tten.<\/p>\n<p>*Farbe kann vom Bild abweichen<\/p>\n","protected":false},"excerpt":{"rendered":"<p>Set mit 5 doppelseitig verwendbaren Modellierspateln f\u00fcr Knete. 5 x Modellierspatel aus Silikon und 5 x Kugelspatel aus Edelstahl.<x id=\"gid_0\"><\/x>Ideal zum Modellieren von Metallton. Auch geeignet f\u00fcr Fimo, Cernit und Polymer Clay, u.a.<br \/>\nDie Edelstahlkugeln k\u00f6nnen auch als Polierstifte verwendet werden. Die Kugeln sind ideal zum Polieren von schwer zug\u00e4nglichen Stellen. Die Kugeln haben unterschiedliche Gr\u00f6\u00dfen.<br \/>\nDie Spatel k\u00f6nnen verwendet werden, um Formen und Muster auf den noch weichen Ton aufzutragen und den Ton bei Bedarf zu gl\u00e4tten.    <\/p>\n<p>*Farbe kann vom Bild abweichen<\/p>\n","protected":false},"featured_media":21804,"comment_status":"closed","ping_status":"closed","template":"","meta":{"_acf_changed":false,"_seopress_robots_primary_cat":"none","_seopress_titles_title":"","_seopress_titles_desc":"","_seopress_robots_index":""},"more":[],"product_brand":[6365],"product_cat":[6596,8215,7717],"product_tag":[6492,8330,6903,7676,7672,7555,7680,6769,14933,17027,17029,6905,6444,6441,8325,8605,17025,7553,8696,9262,13899,17026,7674,7742,17031,17030,6490,17028,17024,6435,6500],"class_list":{"0":"post-21802","1":"product","2":"type-product","3":"status-publish","4":"has-post-thumbnail","6":"product_brand-l1","7":"product_cat-grundlegende-werkzeuge","8":"product_cat-lehm","9":"product_cat-verkauf","10":"product_tag-artclay","11":"product_tag-biegsames-silber-2","12":"product_tag-bronze-ton","13":"product_tag-cernit","14":"product_tag-fimo","15":"product_tag-formbare","16":"product_tag-formulare","17":"product_tag-goldton","18":"product_tag-griffel","19":"product_tag-gummispatel","20":"product_tag-kugelschreiber-2","21":"product_tag-kupferton","22":"product_tag-metalclay","23":"product_tag-metallton","24":"product_tag-metallton-2","25":"product_tag-metallton-3","26":"product_tag-modellierspachtel","27":"product_tag-modellierung","28":"product_tag-modellierung-2","29":"product_tag-polieren","30":"product_tag-polieren-3","31":"product_tag-polierstifte","32":"product_tag-polymer-clay","33":"product_tag-rostfreier-stahl","34":"product_tag-sculping","35":"product_tag-shaper","36":"product_tag-silberton","37":"product_tag-silikonspatel","38":"product_tag-spatel","39":"product_tag-ton","40":"product_tag-ton-2","41":"product_shipping_class-standard","43":"first","44":"instock","45":"sale","46":"taxable","47":"shipping-taxable","48":"purchasable","49":"product-type-simple"},"acf":[],"_links":{"self":[{"href":"https:\/\/esquell.eu\/de\/wp-json\/wp\/v2\/product\/21802","targetHints":{"allow":["GET"]}}],"collection":[{"href":"https:\/\/esquell.eu\/de\/wp-json\/wp\/v2\/product"}],"about":[{"href":"https:\/\/esquell.eu\/de\/wp-json\/wp\/v2\/types\/product"}],"replies":[{"embeddable":true,"href":"https:\/\/esquell.eu\/de\/wp-json\/wp\/v2\/comments?post=21802"}],"wp:featuredmedia":[{"embeddable":true,"href":"https:\/\/esquell.eu\/de\/wp-json\/wp\/v2\/media\/21804"}],"wp:attachment":[{"href":"https:\/\/esquell.eu\/de\/wp-json\/wp\/v2\/media?parent=21802"}],"wp:term":[{"taxonomy":"more","embeddable":true,"href":"https:\/\/esquell.eu\/de\/wp-json\/wp\/v2\/more?post=21802"},{"taxonomy":"product_brand","embeddable":true,"href":"https:\/\/esquell.eu\/de\/wp-json\/wp\/v2\/product_brand?post=21802"},{"taxonomy":"product_cat","embeddable":true,"href":"https:\/\/esquell.eu\/de\/wp-json\/wp\/v2\/product_cat?post=21802"},{"taxonomy":"product_tag","embeddable":true,"href":"https:\/\/esquell.eu\/de\/wp-json\/wp\/v2\/product_tag?post=21802"}],"curies":[{"name":"wp","href":"https:\/\/api.w.org\/{rel}","templated":true}]}}