{"id":21792,"date":"2025-04-03T09:21:16","date_gmt":"2025-04-03T09:21:16","guid":{"rendered":"https:\/\/esquell.eu\/product\/lehmwalze-acryl\/"},"modified":"2026-03-05T16:32:06","modified_gmt":"2026-03-05T16:32:06","slug":"lehmwalze-acryl","status":"publish","type":"product","link":"https:\/\/esquell.eu\/de\/produkt\/lehmwalze-acryl\/","title":{"rendered":"Lehmwalze Acryl"},"content":{"rendered":"<div class=\"product-addition-content\">\n<p>Lehmrolle aus transparentem Acryl.<\/p>\n<p>Dank seines sehr glatten Materials hinterl\u00e4sst dieser Roller keine unerw\u00fcnschten Abdr\u00fccke auf dem Ton.<\/p>\n<p>Rollen Sie den Ton zwischen 2 gleich dicken Plastikstreifen (Abstandshaltern) aus. Die Dicke der Streifen bestimmt die Dicke Ihres Tonbogens. <\/p>\n<p>Bestreichen Sie die Tonrolle mit Oliven\u00f6l oder einer rutschfesten Antihaft-Formel.<\/p>\n<\/div>\n","protected":false},"excerpt":{"rendered":"<p>Lehmrolle aus transparentem Acryl.<\/p>\n<p>Dank seines sehr glatten Materials hinterl\u00e4sst dieser Roller keine unerw\u00fcnschten Abdr\u00fccke auf dem Ton.<\/p>\n<p>Rollen Sie den Ton zwischen 2 gleich dicken Plastikstreifen (Abstandshaltern) aus. Die Dicke der Streifen bestimmt die Dicke Ihres Tonbogens. <\/p>\n<p>Bestreichen Sie die Tonrolle mit Oliven\u00f6l oder einer <a href=\"?ObjectPath=\/Shops\/83636376\/Products\/AM0007\">rutschfesten Antihaft-Formel<\/a>.<\/p>\n","protected":false},"featured_media":21793,"comment_status":"closed","ping_status":"closed","template":"","meta":{"_acf_changed":false,"_seopress_robots_primary_cat":"none","_seopress_titles_title":"","_seopress_titles_desc":"","_seopress_robots_index":""},"more":[],"product_brand":[6365],"product_cat":[6596,8215],"product_tag":[9197,11617,8259,6817,6802,6689,6492,9208,15107,8330,6415,6840,7387,6903,7676,6603,8559,6494,6826,8907,9193,7672,6842,7680,6824,7017,6830,6767,6769,6822,6692,8763,6836,9184,6786,13750,6498,7131,6905,6775,6844,6421,6444,7557,8137,6441,10628,7553,8392,6832,8395,8770,9199,6682,8946,9200,9302,6788,6828,8001,7674,8092,6777,17010,9202,8767,6419,6820,9195,6889,6558,6490,15109,7507,7923,6834,8608,9204,6435,6500,6556,17008,17009,7748,6784,6795,9206,7072,6814,6690,7441,6605,6818,8658,6783,7064,6838,7068],"class_list":{"0":"post-21792","1":"product","2":"type-product","3":"status-publish","4":"has-post-thumbnail","6":"product_brand-l1","7":"product_cat-grundlegende-werkzeuge","8":"product_cat-lehm","9":"product_tag-9197","10":"product_tag-abstandshalter-3","11":"product_tag-acryl","12":"product_tag-amsterdam","13":"product_tag-angebot","14":"product_tag-armband","15":"product_tag-artclay","16":"product_tag-assecoires","17":"product_tag-ausrollen","18":"product_tag-biegsames-silber-2","19":"product_tag-billig","20":"product_tag-brabant","21":"product_tag-bronze","22":"product_tag-bronze-ton","23":"product_tag-cernit","24":"product_tag-cool","25":"product_tag-cooltools","26":"product_tag-diy","27":"product_tag-drenthe","28":"product_tag-einsteigerpakete","29":"product_tag-einsteigerpakete-2","30":"product_tag-fimo","31":"product_tag-flevoland","32":"product_tag-formulare","33":"product_tag-friesland","34":"product_tag-fur","35":"product_tag-gelderland","36":"product_tag-gold","37":"product_tag-goldton","38":"product_tag-groningen","39":"product_tag-handbuch","40":"product_tag-handbucher","41":"product_tag-holland","42":"product_tag-internet","43":"product_tag-kaufen","44":"product_tag-kitt","45":"product_tag-kunst","46":"product_tag-kupfer","47":"product_tag-kupferton","48":"product_tag-kurzwarengeschaft","49":"product_tag-limburg","50":"product_tag-machen","51":"product_tag-metalclay","52":"product_tag-metall","53":"product_tag-metall-3","54":"product_tag-metallton","55":"product_tag-mm","56":"product_tag-modellierung","57":"product_tag-nop","58":"product_tag-norden","59":"product_tag-nordholland","60":"product_tag-ohrring","61":"product_tag-ohrring-2","62":"product_tag-ohrringe","63":"product_tag-ohrstecker-2","64":"product_tag-ohrstecker-3","65":"product_tag-ohrstecker-5","66":"product_tag-online","67":"product_tag-overijssel","68":"product_tag-pmc","69":"product_tag-polymer-clay","70":"product_tag-ring","71":"product_tag-ringe","72":"product_tag-rolle","73":"product_tag-schleifen-2","74":"product_tag-schmuck-5","75":"product_tag-schmuck","76":"product_tag-schmuck-2","77":"product_tag-shop-2","78":"product_tag-shop","79":"product_tag-sie-selbst","80":"product_tag-silberton","81":"product_tag-sogar","82":"product_tag-starterset","83":"product_tag-starterset-2","84":"product_tag-sud","85":"product_tag-sudholland","86":"product_tag-textur","87":"product_tag-ton","88":"product_tag-ton-2","89":"product_tag-ton-3","90":"product_tag-tonwalze","91":"product_tag-tonwerkzeug","92":"product_tag-tonwerkzeuge","93":"product_tag-unter-2","94":"product_tag-utrecht","95":"product_tag-vorlagen","96":"product_tag-wattenmeer","97":"product_tag-webshop","98":"product_tag-werkstatten","99":"product_tag-werkzeug-2","100":"product_tag-werkzeuge","101":"product_tag-werkzeuge-2","102":"product_tag-wissensbasis","103":"product_tag-wobei","104":"product_tag-workshop","105":"product_tag-zeeland","106":"product_tag-zirkoniumdioxid","107":"product_shipping_class-standard","109":"first","110":"instock","111":"taxable","112":"shipping-taxable","113":"purchasable","114":"product-type-simple"},"acf":[],"_links":{"self":[{"href":"https:\/\/esquell.eu\/de\/wp-json\/wp\/v2\/product\/21792","targetHints":{"allow":["GET"]}}],"collection":[{"href":"https:\/\/esquell.eu\/de\/wp-json\/wp\/v2\/product"}],"about":[{"href":"https:\/\/esquell.eu\/de\/wp-json\/wp\/v2\/types\/product"}],"replies":[{"embeddable":true,"href":"https:\/\/esquell.eu\/de\/wp-json\/wp\/v2\/comments?post=21792"}],"wp:featuredmedia":[{"embeddable":true,"href":"https:\/\/esquell.eu\/de\/wp-json\/wp\/v2\/media\/21793"}],"wp:attachment":[{"href":"https:\/\/esquell.eu\/de\/wp-json\/wp\/v2\/media?parent=21792"}],"wp:term":[{"taxonomy":"more","embeddable":true,"href":"https:\/\/esquell.eu\/de\/wp-json\/wp\/v2\/more?post=21792"},{"taxonomy":"product_brand","embeddable":true,"href":"https:\/\/esquell.eu\/de\/wp-json\/wp\/v2\/product_brand?post=21792"},{"taxonomy":"product_cat","embeddable":true,"href":"https:\/\/esquell.eu\/de\/wp-json\/wp\/v2\/product_cat?post=21792"},{"taxonomy":"product_tag","embeddable":true,"href":"https:\/\/esquell.eu\/de\/wp-json\/wp\/v2\/product_tag?post=21792"}],"curies":[{"name":"wp","href":"https:\/\/api.w.org\/{rel}","templated":true}]}}