{"id":21684,"date":"2025-04-19T19:41:56","date_gmt":"2025-04-19T19:41:56","guid":{"rendered":"https:\/\/esquell.eu\/product\/zirkonia-aaaaa-rund-div-groesse-orange-staff-discount\/"},"modified":"2025-04-19T19:41:56","modified_gmt":"2025-04-19T19:41:56","slug":"zirkonia-aaaaa-rund-div-groesse-orange-staff-discount","status":"publish","type":"product","link":"https:\/\/esquell.eu\/de\/produkt\/zirkonia-aaaaa-rund-div-groesse-orange-staff-discount\/","title":{"rendered":"Zirkonia AAAAA rund Div Gr\u00f6\u00dfe Orange STAFF DISCOUNT"},"content":{"rendered":"<p><strong>Hinweis: Extra-Rabatt bei Bestellung mehrerer St\u00fccke<\/strong><\/p>\n<p>Zirkonia \/ Cubic Zirconia \/ CZ Stein.<br \/>\nHohe Qualit\u00e4t 5xA.<\/p>\n<p>Diese Kieselsteine sind nicht hitzebest\u00e4ndig!<\/p>\n<p>Diese Kieselsteine werden auch nach dem Backen hinzugef\u00fcgt. Zum Beispiel mit Hilfe eines Setzkastens oder Chatons. <\/p>\n","protected":false},"excerpt":{"rendered":"<p><strong>Hinweis: Extra-Rabatt bei Bestellung mehrerer St\u00fccke<\/strong><\/p>\n<p>Zirkonia \/ Cubic Zirconia \/ CZ Stein.<br \/>\nHohe Qualit\u00e4t 5xA.<\/p>\n<p>Diese Kieselsteine sind nicht hitzebest\u00e4ndig!<\/p>\n<p>Diese Kieselsteine werden auch nach dem Backen hinzugef\u00fcgt. Zum Beispiel mit Hilfe eines Setzkastens oder Chatons. <\/p>\n","protected":false},"featured_media":5215,"comment_status":"closed","ping_status":"closed","template":"","meta":{"_acf_changed":false,"_seopress_robots_primary_cat":"none","_seopress_titles_title":"","_seopress_titles_desc":"","_seopress_robots_index":""},"more":[],"product_brand":[6365],"product_cat":[15507],"product_tag":[11878,10696,10699,10701,8609,12103,10100,6446,11978,6802,6684,6790,6415,6721,13094,7463,7451,13111,13109,6675,8484,10107,7328,13082,6494,13098,6793,7461,7953,12550,11564,12298,7206,7216,7237,13084,9788,7808,10814,6767,13068,6452,7208,7259,13074,6673,6516,11016,13092,13160,13078,13150,12893,6704,9501,6510,6421,6444,6441,13157,6682,13086,6788,6891,8510,8782,11108,8011,13096,13080,13155,8786,6777,13066,13070,7212,13102,6419,6820,13106,6779,7435,6558,7086,6490,7334,7439,13072,13090,13076,13148,13100,7240,9686,6449,13108,7234,6814,7185,6783,13162,13088,13104,7068,8004],"class_list":{"0":"post-21684","1":"product","2":"type-product","3":"status-publish","4":"has-post-thumbnail","6":"product_brand-l1","7":"product_cat-runder-zirkoniumdioxid","8":"product_tag-11878","9":"product_tag-10696","10":"product_tag-10699","11":"product_tag-10701","12":"product_tag-8609","13":"product_tag-12103","14":"product_tag-aaaaa","15":"product_tag-aida","16":"product_tag-amber","17":"product_tag-angebot","18":"product_tag-anhanger","19":"product_tag-bestellung","20":"product_tag-billig","21":"product_tag-blau","22":"product_tag-brillant","23":"product_tag-bruhgruppe","24":"product_tag-chaton","25":"product_tag-collor","26":"product_tag-collors","27":"product_tag-craftlines","28":"product_tag-cz","29":"product_tag-daimond","30":"product_tag-diamant","31":"product_tag-die-2","32":"product_tag-diy","33":"product_tag-edelsteine-4","34":"product_tag-einkaufen","35":"product_tag-einstellbox","36":"product_tag-einstellung","37":"product_tag-facette","38":"product_tag-fallen-lassen-2","39":"product_tag-farbe","40":"product_tag-farben","41":"product_tag-gelb","42":"product_tag-gelb-2","43":"product_tag-gem","44":"product_tag-gemacht","45":"product_tag-glas","46":"product_tag-glas-2","47":"product_tag-gold","48":"product_tag-grosartig-2","49":"product_tag-groshandel","50":"product_tag-grun","51":"product_tag-grun-2","52":"product_tag-hitzebestandig","53":"product_tag-japan","54":"product_tag-kieselsteinchen","55":"product_tag-kubisch","56":"product_tag-kubisch-2","57":"product_tag-kubisch-3","58":"product_tag-labor","59":"product_tag-labor-2","60":"product_tag-lila-2","61":"product_tag-loschen","62":"product_tag-loschen-2","63":"product_tag-lunette","64":"product_tag-machen","65":"product_tag-metalclay","66":"product_tag-metallton","67":"product_tag-mulit","68":"product_tag-ohrringe","69":"product_tag-olive","70":"product_tag-online","71":"product_tag-online-shop","72":"product_tag-perlenladen","73":"product_tag-platz","74":"product_tag-platz-2","75":"product_tag-poliert","76":"product_tag-poliert-rund","77":"product_tag-pyramide","78":"product_tag-pyramide-2","79":"product_tag-reichweite","80":"product_tag-ringe","81":"product_tag-rio","82":"product_tag-riogrande","83":"product_tag-rot","84":"product_tag-saphir","85":"product_tag-schmuck","86":"product_tag-schmuck-2","87":"product_tag-schneiden-2","88":"product_tag-selbstgemacht","89":"product_tag-setzen","90":"product_tag-sie-selbst","91":"product_tag-silberschmiede","92":"product_tag-silberton","93":"product_tag-stein-2","94":"product_tag-stein-3","95":"product_tag-steine","96":"product_tag-swarofski","97":"product_tag-synthetisch-2","98":"product_tag-synthetisch-3","99":"product_tag-temperatur","100":"product_tag-transparent","101":"product_tag-verschiedene-2","102":"product_tag-verteiler","103":"product_tag-viel","104":"product_tag-violett","105":"product_tag-webshop","106":"product_tag-weis-2","107":"product_tag-wobei","108":"product_tag-x","109":"product_tag-zc","110":"product_tag-zirkon","111":"product_tag-zirkoniumdioxid","112":"product_tag-zirkoniumdioxid-2","113":"product_shipping_class-standard","114":"pa_afmeting-10mm","115":"pa_afmeting-2mm","116":"pa_afmeting-3mm","117":"pa_afmeting-4mm","118":"pa_afmeting-5mm","119":"pa_afmeting-6mm","120":"pa_afmeting-8mm","122":"first","123":"instock","124":"taxable","125":"shipping-taxable","126":"purchasable","127":"product-type-variable"},"acf":[],"_links":{"self":[{"href":"https:\/\/esquell.eu\/de\/wp-json\/wp\/v2\/product\/21684","targetHints":{"allow":["GET"]}}],"collection":[{"href":"https:\/\/esquell.eu\/de\/wp-json\/wp\/v2\/product"}],"about":[{"href":"https:\/\/esquell.eu\/de\/wp-json\/wp\/v2\/types\/product"}],"replies":[{"embeddable":true,"href":"https:\/\/esquell.eu\/de\/wp-json\/wp\/v2\/comments?post=21684"}],"wp:featuredmedia":[{"embeddable":true,"href":"https:\/\/esquell.eu\/de\/wp-json\/wp\/v2\/media\/5215"}],"wp:attachment":[{"href":"https:\/\/esquell.eu\/de\/wp-json\/wp\/v2\/media?parent=21684"}],"wp:term":[{"taxonomy":"more","embeddable":true,"href":"https:\/\/esquell.eu\/de\/wp-json\/wp\/v2\/more?post=21684"},{"taxonomy":"product_brand","embeddable":true,"href":"https:\/\/esquell.eu\/de\/wp-json\/wp\/v2\/product_brand?post=21684"},{"taxonomy":"product_cat","embeddable":true,"href":"https:\/\/esquell.eu\/de\/wp-json\/wp\/v2\/product_cat?post=21684"},{"taxonomy":"product_tag","embeddable":true,"href":"https:\/\/esquell.eu\/de\/wp-json\/wp\/v2\/product_tag?post=21684"}],"curies":[{"name":"wp","href":"https:\/\/api.w.org\/{rel}","templated":true}]}}