{"id":21170,"date":"2025-04-19T20:16:49","date_gmt":"2025-04-19T20:16:49","guid":{"rendered":"https:\/\/esquell.eu\/product\/zirkonia-aaaaa-round-assortment-helles-weiss-hitzebestaendig-18-stueck-div-groessen\/"},"modified":"2026-01-17T04:49:59","modified_gmt":"2026-01-17T04:49:59","slug":"zirkonia-aaaaa-round-assortment-helles-weiss-hitzebestaendig-18-stueck-div-groessen","status":"publish","type":"product","link":"https:\/\/esquell.eu\/de\/produkt\/zirkonia-aaaaa-round-assortment-helles-weiss-hitzebestaendig-18-stueck-div-groessen\/","title":{"rendered":"Zirkonia AAAAA Round Assortment Helles Wei\u00df. Hitzebest\u00e4ndig. 18 St\u00fcck Div. Gr\u00f6\u00dfen"},"content":{"rendered":"<p>18 St\u00fcck. Verschiedene Gr\u00f6\u00dfen <\/p>\n<p>2mm 6x<br \/>\n3mm 6x<br \/>\n4mm 6x<\/p>\n<p>Zirkonia \/ Cubic Zirconia \/ CZ Stein.<br \/>\nHochwertige 5xA. Hitzebest\u00e4ndig. <\/p>\n<p>Geeignet f\u00fcr das direkte Brennen in Silberton.<\/p>\n<p>Auch zum Mitbrennen in Bronze- oder Kupferton geeignet. In Kupfer- oder Bronzeton kann der Stein 4 Stunden lang in Aktivkohle bei 820 Grad gebrannt werden. <\/p>\n<p>Anstatt mitzubrennen, k\u00f6nnen Sie auch nach dem Brennen Steine hinzuf\u00fcgen. Zum Beispiel durch die Verwendung eines Setzers oder Chatons. <\/p>\n<p>Diese Ziegel k\u00f6nnen im Ofen, mit einer Fackel \/ einem Handbrenner oder auf dem Gasherd gebacken werden. Die Ziegel wurden f\u00fcr 30 Minuten bei 850\u00b0C getestet. <\/p>\n<p>Hinweis: Nicht im Wasser abk\u00fchlen. Die Kieselsteine bekommen Risse, werden matt und ver\u00e4ndern ihre Farbe durch den gro\u00dfen Temperaturunterschied. <\/p>\n<p>Gr\u00f6\u00dfere Ziegel sollten vorzugsweise in einem Ofen gebacken werden. Stellen Sie sie in einen kalten Ofen und lassen Sie sie nach dem Backen auf Raumtemperatur abk\u00fchlen. <\/p>\n","protected":false},"excerpt":{"rendered":"<p><strong>Hinweis: Extra-Rabatt bei Bestellung mehrerer St\u00fccke<\/strong><\/p>\n<p>Zirkonia \/ Cubic Zirconia \/ CZ Stein. Quadratisch Verschiedene Gr\u00f6\u00dfen.<br \/>\nHohe Qualit\u00e4t 5xA.  Hitzebest\u00e4ndig.<\/p>\n<p>Geeignet f\u00fcr das direkte Brennen in Silberton.<\/p>\n<p>&nbsp;<\/p>\n<p>Auch zum Mitbrennen in Bronze- oder Kupferton geeignet. In Kupfer- oder Bronzeton kann der Stein 4 Stunden lang in Aktivkohle bei 820 Grad gebrannt werden. <\/p>\n<p>Anstatt mitzubraten, k\u00f6nnen Steine auch nach dem Backen hinzugef\u00fcgt werden. Zum Beispiel mit Hilfe eines<a href=\"https:\/\/www.esquell.nl\/c\/shop\/sieraden-onderdelen\/zetkastjes-en-zetbakjes\"> <strong>Spachtelk\u00e4sten oder Chatons. <\/strong><\/a>  <\/p>\n<p>&nbsp;<\/p>\n<p>Diese Ziegel k\u00f6nnen im Ofen, mit einer Mikrotorche oder auf dem Gasherd gebacken werden. Die Ziegel wurden f\u00fcr 30 Minuten bei 850\u00b0C getestet. <\/p>\n<p>&nbsp;<\/p>\n<p>Hinweis: Nicht im Wasser abk\u00fchlen. Die Kieselsteine werden durch den gro\u00dfen Temperaturunterschied rei\u00dfen. <\/p>\n<p>&nbsp;<\/p>\n<p>Gr\u00f6\u00dfere Ziegel sollten vorzugsweise in einem Ofen gebacken werden. Stellen Sie sie in einen kalten Ofen und lassen Sie sie nach dem Backen auf Raumtemperatur abk\u00fchlen. <\/p>\n","protected":false},"featured_media":21179,"comment_status":"closed","ping_status":"closed","template":"","meta":{"_acf_changed":false,"_seopress_robots_primary_cat":"none","_seopress_titles_title":"","_seopress_titles_desc":"","_seopress_robots_index":""},"more":[],"product_brand":[6365],"product_cat":[15507,7717],"product_tag":[11878,10696,10699,10701,8609,12103,10100,6446,11978,6802,6684,6790,6415,6721,13094,7463,7451,13111,13109,6675,8484,10107,7328,13082,6494,13098,6793,7461,7953,12550,11564,12298,7206,7216,7237,13084,9788,7808,10814,6767,13068,6452,7208,7259,13074,6673,6516,11016,13092,13160,13078,13150,12893,6704,9501,6510,6421,6444,6441,13157,6682,13086,6788,6891,8510,8782,11108,8011,13096,13080,13155,8786,6777,13066,13070,7212,13102,6419,6820,13106,6779,7435,6558,7086,6490,7334,7439,13072,13090,13076,13148,13100,7240,9686,6449,13108,7234,6814,7185,6783,13162,13088,13104,7068,8004],"class_list":{"0":"post-21170","1":"product","2":"type-product","3":"status-publish","4":"has-post-thumbnail","6":"product_brand-l1","7":"product_cat-runder-zirkoniumdioxid","8":"product_cat-verkauf","9":"product_tag-11878","10":"product_tag-10696","11":"product_tag-10699","12":"product_tag-10701","13":"product_tag-8609","14":"product_tag-12103","15":"product_tag-aaaaa","16":"product_tag-aida","17":"product_tag-amber","18":"product_tag-angebot","19":"product_tag-anhanger","20":"product_tag-bestellung","21":"product_tag-billig","22":"product_tag-blau","23":"product_tag-brillant","24":"product_tag-bruhgruppe","25":"product_tag-chaton","26":"product_tag-collor","27":"product_tag-collors","28":"product_tag-craftlines","29":"product_tag-cz","30":"product_tag-daimond","31":"product_tag-diamant","32":"product_tag-die-2","33":"product_tag-diy","34":"product_tag-edelsteine-4","35":"product_tag-einkaufen","36":"product_tag-einstellbox","37":"product_tag-einstellung","38":"product_tag-facette","39":"product_tag-fallen-lassen-2","40":"product_tag-farbe","41":"product_tag-farben","42":"product_tag-gelb","43":"product_tag-gelb-2","44":"product_tag-gem","45":"product_tag-gemacht","46":"product_tag-glas","47":"product_tag-glas-2","48":"product_tag-gold","49":"product_tag-grosartig-2","50":"product_tag-groshandel","51":"product_tag-grun","52":"product_tag-grun-2","53":"product_tag-hitzebestandig","54":"product_tag-japan","55":"product_tag-kieselsteinchen","56":"product_tag-kubisch","57":"product_tag-kubisch-2","58":"product_tag-kubisch-3","59":"product_tag-labor","60":"product_tag-labor-2","61":"product_tag-lila-2","62":"product_tag-loschen","63":"product_tag-loschen-2","64":"product_tag-lunette","65":"product_tag-machen","66":"product_tag-metalclay","67":"product_tag-metallton","68":"product_tag-mulit","69":"product_tag-ohrringe","70":"product_tag-olive","71":"product_tag-online","72":"product_tag-online-shop","73":"product_tag-perlenladen","74":"product_tag-platz","75":"product_tag-platz-2","76":"product_tag-poliert","77":"product_tag-poliert-rund","78":"product_tag-pyramide","79":"product_tag-pyramide-2","80":"product_tag-reichweite","81":"product_tag-ringe","82":"product_tag-rio","83":"product_tag-riogrande","84":"product_tag-rot","85":"product_tag-saphir","86":"product_tag-schmuck","87":"product_tag-schmuck-2","88":"product_tag-schneiden-2","89":"product_tag-selbstgemacht","90":"product_tag-setzen","91":"product_tag-sie-selbst","92":"product_tag-silberschmiede","93":"product_tag-silberton","94":"product_tag-stein-2","95":"product_tag-stein-3","96":"product_tag-steine","97":"product_tag-swarofski","98":"product_tag-synthetisch-2","99":"product_tag-synthetisch-3","100":"product_tag-temperatur","101":"product_tag-transparent","102":"product_tag-verschiedene-2","103":"product_tag-verteiler","104":"product_tag-viel","105":"product_tag-violett","106":"product_tag-webshop","107":"product_tag-weis-2","108":"product_tag-wobei","109":"product_tag-x","110":"product_tag-zc","111":"product_tag-zirkon","112":"product_tag-zirkoniumdioxid","113":"product_tag-zirkoniumdioxid-2","114":"product_shipping_class-standard","115":"pa_afmeting-10mm","116":"pa_afmeting-2mm","117":"pa_afmeting-3mm","118":"pa_afmeting-4mm","119":"pa_afmeting-5mm","120":"pa_afmeting-6mm","121":"pa_afmeting-8mm","123":"first","124":"instock","125":"sale","126":"taxable","127":"shipping-taxable","128":"purchasable","129":"product-type-simple"},"acf":[],"_links":{"self":[{"href":"https:\/\/esquell.eu\/de\/wp-json\/wp\/v2\/product\/21170","targetHints":{"allow":["GET"]}}],"collection":[{"href":"https:\/\/esquell.eu\/de\/wp-json\/wp\/v2\/product"}],"about":[{"href":"https:\/\/esquell.eu\/de\/wp-json\/wp\/v2\/types\/product"}],"replies":[{"embeddable":true,"href":"https:\/\/esquell.eu\/de\/wp-json\/wp\/v2\/comments?post=21170"}],"wp:featuredmedia":[{"embeddable":true,"href":"https:\/\/esquell.eu\/de\/wp-json\/wp\/v2\/media\/21179"}],"wp:attachment":[{"href":"https:\/\/esquell.eu\/de\/wp-json\/wp\/v2\/media?parent=21170"}],"wp:term":[{"taxonomy":"more","embeddable":true,"href":"https:\/\/esquell.eu\/de\/wp-json\/wp\/v2\/more?post=21170"},{"taxonomy":"product_brand","embeddable":true,"href":"https:\/\/esquell.eu\/de\/wp-json\/wp\/v2\/product_brand?post=21170"},{"taxonomy":"product_cat","embeddable":true,"href":"https:\/\/esquell.eu\/de\/wp-json\/wp\/v2\/product_cat?post=21170"},{"taxonomy":"product_tag","embeddable":true,"href":"https:\/\/esquell.eu\/de\/wp-json\/wp\/v2\/product_tag?post=21170"}],"curies":[{"name":"wp","href":"https:\/\/api.w.org\/{rel}","templated":true}]}}