{"id":20572,"date":"2025-04-23T21:45:44","date_gmt":"2025-04-23T21:45:44","guid":{"rendered":"https:\/\/esquell.eu\/product\/zaepfchen-oval-925-sterling-silber-verschiedene-groessen\/"},"modified":"2025-12-22T10:57:41","modified_gmt":"2025-12-22T10:57:41","slug":"zaepfchen-oval-925-sterling-silber-verschiedene-groessen","status":"publish","type":"product","link":"https:\/\/esquell.eu\/de\/produkt\/zaepfchen-oval-925-sterling-silber-verschiedene-groessen\/","title":{"rendered":"Z\u00e4pfchen oval 925 Sterling Silber. Verschiedene Gr\u00f6\u00dfen"},"content":{"rendered":"<p>Kitt Oval 925 Silber.<\/p>\n<p>Verschiedene Gr\u00f6\u00dfen<\/p>\n<p>Glatter Rand.<br \/>\nF\u00fcr Strasssteine, Cabochons, Natursteine, Edelsteine, Halbedelsteine<\/p>\n","protected":false},"excerpt":{"rendered":"<p>Kittdosen oval 925 Silber.<\/p>\n<p>Verschiedene Gr\u00f6\u00dfen<\/p>\n<p>Glatter Rand.<\/p>\n<p>Geeignet f\u00fcr das Co-Brennen in Metallton.<\/p>\n","protected":false},"featured_media":20573,"comment_status":"closed","ping_status":"closed","template":"","meta":{"_acf_changed":false,"_seopress_robots_primary_cat":"none","_seopress_titles_title":"","_seopress_titles_desc":"","_seopress_robots_index":""},"more":[],"product_brand":[7173],"product_cat":[11005],"product_tag":[6508,6506,7957,7451,8484,11021,11061,11086,7461,6994,6510,6444,6432,6424,7023,6417,6671,6812,8022,6996,7439,6429,7457,7068,8004],"class_list":{"0":"post-20572","1":"product","2":"type-product","3":"status-publish","4":"has-post-thumbnail","6":"product_brand-rio","7":"product_cat-siedlungen-und-chatons","8":"product_tag-6508","9":"product_tag-6506","10":"product_tag-cabochon","11":"product_tag-chaton","12":"product_tag-cz","13":"product_tag-cz-stein","14":"product_tag-einbetten","15":"product_tag-eingebettet","16":"product_tag-einstellbox","17":"product_tag-gut","18":"product_tag-lunette","19":"product_tag-metalclay","20":"product_tag-real","21":"product_tag-rein","22":"product_tag-rein-3","23":"product_tag-silber","24":"product_tag-silber-2","25":"product_tag-silber-3","26":"product_tag-silberlehm","27":"product_tag-sollid","28":"product_tag-stein-3","29":"product_tag-wirklich","30":"product_tag-zetkast","31":"product_tag-zirkoniumdioxid","32":"product_tag-zirkoniumdioxid-2","33":"product_shipping_class-standard","34":"pa_afmeting-10-14-mm","35":"pa_afmeting-1012-mm","36":"pa_afmeting-108-mm","37":"pa_afmeting-1318-mm","38":"pa_afmeting-64-mm","39":"pa_afmeting-75-mm","40":"pa_afmeting-86-mm","41":"pa_afmeting-97-mm","43":"first","44":"instock","45":"taxable","46":"shipping-taxable","47":"purchasable","48":"product-type-variable"},"acf":[],"_links":{"self":[{"href":"https:\/\/esquell.eu\/de\/wp-json\/wp\/v2\/product\/20572","targetHints":{"allow":["GET"]}}],"collection":[{"href":"https:\/\/esquell.eu\/de\/wp-json\/wp\/v2\/product"}],"about":[{"href":"https:\/\/esquell.eu\/de\/wp-json\/wp\/v2\/types\/product"}],"replies":[{"embeddable":true,"href":"https:\/\/esquell.eu\/de\/wp-json\/wp\/v2\/comments?post=20572"}],"wp:featuredmedia":[{"embeddable":true,"href":"https:\/\/esquell.eu\/de\/wp-json\/wp\/v2\/media\/20573"}],"wp:attachment":[{"href":"https:\/\/esquell.eu\/de\/wp-json\/wp\/v2\/media?parent=20572"}],"wp:term":[{"taxonomy":"more","embeddable":true,"href":"https:\/\/esquell.eu\/de\/wp-json\/wp\/v2\/more?post=20572"},{"taxonomy":"product_brand","embeddable":true,"href":"https:\/\/esquell.eu\/de\/wp-json\/wp\/v2\/product_brand?post=20572"},{"taxonomy":"product_cat","embeddable":true,"href":"https:\/\/esquell.eu\/de\/wp-json\/wp\/v2\/product_cat?post=20572"},{"taxonomy":"product_tag","embeddable":true,"href":"https:\/\/esquell.eu\/de\/wp-json\/wp\/v2\/product_tag?post=20572"}],"curies":[{"name":"wp","href":"https:\/\/api.w.org\/{rel}","templated":true}]}}