{"id":20377,"date":"2025-04-23T18:20:54","date_gmt":"2025-04-23T18:20:54","guid":{"rendered":"https:\/\/esquell.eu\/product\/drehbare-arbeitsflaeche-fuer-ton-drehscheibe-clayboard-non-stick-arbeitsflaeche\/"},"modified":"2025-04-23T18:20:54","modified_gmt":"2025-04-23T18:20:54","slug":"drehbare-arbeitsflaeche-fuer-ton-drehscheibe-clayboard-non-stick-arbeitsflaeche","status":"publish","type":"product","link":"https:\/\/esquell.eu\/de\/produkt\/drehbare-arbeitsflaeche-fuer-ton-drehscheibe-clayboard-non-stick-arbeitsflaeche\/","title":{"rendered":"Drehbare Arbeitsfl\u00e4che f\u00fcr Ton Drehscheibe Clayboard Non-Stick Arbeitsfl\u00e4che"},"content":{"rendered":"<p>Diese rotierende Arbeitsfl\u00e4che von Cool Tools bietet eine glatte, antihaftbeschichtete Oberfl\u00e4che, an der Metallton nicht kleben bleibt. Die rotierende Arbeitsfl\u00e4che wurde speziell f\u00fcr das m\u00fchelose Spr\u00fchlackieren und andere filigrane Arbeiten entwickelt. <\/p>\n<p>Hinweis: Es wird NICHT empfohlen, Knete auf diesem Brett zu rollen, da das Brett dadurch umkippen k\u00f6nnte.<\/p>\n<p>Die Antihaftbeschichtung ist leicht zu ersetzen, wenn sie mit der Zeit abgenutzt ist.<\/p>\n","protected":false},"excerpt":{"rendered":"<p>Drehbare Arbeitsfl\u00e4che f\u00fcr Ton Drehscheibe Clayboard Non-Stick Arbeitsfl\u00e4che<\/p>\n","protected":false},"featured_media":5629,"comment_status":"closed","ping_status":"closed","template":"","meta":{"_acf_changed":false,"_seopress_robots_primary_cat":"none","_seopress_titles_title":"","_seopress_titles_desc":"","_seopress_robots_index":""},"more":[],"product_brand":[6595],"product_cat":[6596,8215,11955],"product_tag":[],"class_list":{"0":"post-20377","1":"product","2":"type-product","3":"status-publish","4":"has-post-thumbnail","6":"product_brand-coole-tools","7":"product_cat-grundlegende-werkzeuge","8":"product_cat-lehm","9":"product_cat-neu","11":"first","12":"instock","13":"taxable","14":"shipping-taxable","15":"purchasable","16":"product-type-simple"},"acf":[],"_links":{"self":[{"href":"https:\/\/esquell.eu\/de\/wp-json\/wp\/v2\/product\/20377","targetHints":{"allow":["GET"]}}],"collection":[{"href":"https:\/\/esquell.eu\/de\/wp-json\/wp\/v2\/product"}],"about":[{"href":"https:\/\/esquell.eu\/de\/wp-json\/wp\/v2\/types\/product"}],"replies":[{"embeddable":true,"href":"https:\/\/esquell.eu\/de\/wp-json\/wp\/v2\/comments?post=20377"}],"wp:featuredmedia":[{"embeddable":true,"href":"https:\/\/esquell.eu\/de\/wp-json\/wp\/v2\/media\/5629"}],"wp:attachment":[{"href":"https:\/\/esquell.eu\/de\/wp-json\/wp\/v2\/media?parent=20377"}],"wp:term":[{"taxonomy":"more","embeddable":true,"href":"https:\/\/esquell.eu\/de\/wp-json\/wp\/v2\/more?post=20377"},{"taxonomy":"product_brand","embeddable":true,"href":"https:\/\/esquell.eu\/de\/wp-json\/wp\/v2\/product_brand?post=20377"},{"taxonomy":"product_cat","embeddable":true,"href":"https:\/\/esquell.eu\/de\/wp-json\/wp\/v2\/product_cat?post=20377"},{"taxonomy":"product_tag","embeddable":true,"href":"https:\/\/esquell.eu\/de\/wp-json\/wp\/v2\/product_tag?post=20377"}],"curies":[{"name":"wp","href":"https:\/\/api.w.org\/{rel}","templated":true}]}}