{"id":20349,"date":"2025-04-22T19:44:29","date_gmt":"2025-04-22T19:44:29","guid":{"rendered":"https:\/\/esquell.eu\/product\/pam-east-schablone-textur-set-4-2-teiliges-set-pe2041\/"},"modified":"2025-04-22T19:44:29","modified_gmt":"2025-04-22T19:44:29","slug":"pam-east-schablone-textur-set-4-2-teiliges-set-pe2041","status":"publish","type":"product","link":"https:\/\/esquell.eu\/de\/produkt\/pam-east-schablone-textur-set-4-2-teiliges-set-pe2041\/","title":{"rendered":"Pam East Schablone &amp; Textur. Set 4. 2-teiliges Set PE2041"},"content":{"rendered":"<p>Mit den Pam East Schablonen- &amp; Textursets k\u00f6nnen Sie Texturformen perfekt mit der entsprechenden Schablone ausschneiden. Die Texturen sind besonders tief und eignen sich daher perfekt f\u00fcr Emails, Harze und Patinas. Diese Schablonen- und Textursets sind wirklich einzigartig.  . Jede Briefmarke ist sorgf\u00e4ltig lasergeschnitten, um einen tiefen und sch\u00f6nen Druck zu erhalten.<\/p>\n","protected":false},"excerpt":{"rendered":"<p>Mit den Pam East Schablonen- &amp; Textursets k\u00f6nnen Sie Texturformen perfekt mit der entsprechenden Schablone ausschneiden.<\/p>\n","protected":false},"featured_media":5568,"comment_status":"closed","ping_status":"closed","template":"","meta":{"_acf_changed":false,"_seopress_robots_primary_cat":"none","_seopress_titles_title":"","_seopress_titles_desc":"","_seopress_robots_index":""},"more":[],"product_brand":[10712],"product_cat":[11398],"product_tag":[11405,8646,7747,11399,7131,7674,6490,9204,11403,7511,11401],"class_list":{"0":"post-20349","1":"product","2":"type-product","3":"status-publish","4":"has-post-thumbnail","6":"product_brand-pameast","7":"product_cat-schablonen-fur-die-schmuckherstellung","8":"product_tag-briefmarke","9":"product_tag-drucken","10":"product_tag-einstellen","11":"product_tag-gummi-2","12":"product_tag-kupfer","13":"product_tag-polymer-clay","14":"product_tag-silberton","15":"product_tag-textur","16":"product_tag-texturmatte","17":"product_tag-tonschmuck","18":"product_tag-vorlage","19":"product_shipping_class-standard","21":"first","22":"instock","23":"taxable","24":"shipping-taxable","25":"purchasable","26":"product-type-simple"},"acf":[],"_links":{"self":[{"href":"https:\/\/esquell.eu\/de\/wp-json\/wp\/v2\/product\/20349","targetHints":{"allow":["GET"]}}],"collection":[{"href":"https:\/\/esquell.eu\/de\/wp-json\/wp\/v2\/product"}],"about":[{"href":"https:\/\/esquell.eu\/de\/wp-json\/wp\/v2\/types\/product"}],"replies":[{"embeddable":true,"href":"https:\/\/esquell.eu\/de\/wp-json\/wp\/v2\/comments?post=20349"}],"wp:featuredmedia":[{"embeddable":true,"href":"https:\/\/esquell.eu\/de\/wp-json\/wp\/v2\/media\/5568"}],"wp:attachment":[{"href":"https:\/\/esquell.eu\/de\/wp-json\/wp\/v2\/media?parent=20349"}],"wp:term":[{"taxonomy":"more","embeddable":true,"href":"https:\/\/esquell.eu\/de\/wp-json\/wp\/v2\/more?post=20349"},{"taxonomy":"product_brand","embeddable":true,"href":"https:\/\/esquell.eu\/de\/wp-json\/wp\/v2\/product_brand?post=20349"},{"taxonomy":"product_cat","embeddable":true,"href":"https:\/\/esquell.eu\/de\/wp-json\/wp\/v2\/product_cat?post=20349"},{"taxonomy":"product_tag","embeddable":true,"href":"https:\/\/esquell.eu\/de\/wp-json\/wp\/v2\/product_tag?post=20349"}],"curies":[{"name":"wp","href":"https:\/\/api.w.org\/{rel}","templated":true}]}}