{"id":20317,"date":"2025-04-22T19:10:25","date_gmt":"2025-04-22T19:10:25","guid":{"rendered":"https:\/\/esquell.eu\/product\/vorlage-vorlage-mit-vielen-verschiedenen-ovalen\/"},"modified":"2025-04-22T19:10:25","modified_gmt":"2025-04-22T19:10:25","slug":"vorlage-vorlage-mit-vielen-verschiedenen-ovalen","status":"publish","type":"product","link":"https:\/\/esquell.eu\/de\/produkt\/vorlage-vorlage-mit-vielen-verschiedenen-ovalen\/","title":{"rendered":"Vorlage, Vorlage mit vielen verschiedenen Ovalen."},"content":{"rendered":"<p>Schablone, geeignet f\u00fcr die Schmuckherstellung.<br \/>\nOvale in allen m\u00f6glichen Gr\u00f6\u00dfen, f\u00fcr Ringe, Ohrringe, Anh\u00e4nger und Glieder.<\/p>\n<p>Gr\u00f6\u00dfe der gesamten Schablone 15*27 cm<\/p>\n<p>Die Schablone ist aus stabilem, leicht flexiblem, transparentem Acryl hergestellt. Da die Schablone stabil ist, lassen sich die Formen leicht mit dem Claypick \/ Needle Pen \/ Needle Tool ausschneiden. <\/p>\n","protected":false},"excerpt":{"rendered":"<p>Schablone, geeignet f\u00fcr die Schmuckherstellung.<br \/>\nOvale in allen m\u00f6glichen Gr\u00f6\u00dfen, f\u00fcr Ringe, Ohrringe, Anh\u00e4nger und Glieder.<\/p>\n","protected":false},"featured_media":5547,"comment_status":"closed","ping_status":"closed","template":"","meta":{"_acf_changed":false,"_seopress_robots_primary_cat":"none","_seopress_titles_title":"","_seopress_titles_desc":"","_seopress_robots_index":""},"more":[],"product_brand":[6365],"product_cat":[11398],"product_tag":[16898,14253,7744,6421,16900,6419,7998,8500,16897,16901,10470,7240,11401,16899,9206],"class_list":{"0":"post-20317","1":"product","2":"type-product","3":"status-publish","4":"has-post-thumbnail","6":"product_brand-l1","7":"product_cat-schablonen-fur-die-schmuckherstellung","8":"product_tag-eindeutig-klar","9":"product_tag-juwelen","10":"product_tag-kutter-2","11":"product_tag-machen","12":"product_tag-outstanding","13":"product_tag-schmuck","14":"product_tag-schmuck-4","15":"product_tag-schmuck-selber-machen","16":"product_tag-schmuckformen-2","17":"product_tag-schmuckhersteller","18":"product_tag-schmuckherstellung-2","19":"product_tag-transparent","20":"product_tag-vorlage","21":"product_tag-vorlage-3","22":"product_tag-vorlagen","23":"product_shipping_class-standard","25":"first","26":"instock","27":"taxable","28":"shipping-taxable","29":"purchasable","30":"product-type-simple"},"acf":[],"_links":{"self":[{"href":"https:\/\/esquell.eu\/de\/wp-json\/wp\/v2\/product\/20317","targetHints":{"allow":["GET"]}}],"collection":[{"href":"https:\/\/esquell.eu\/de\/wp-json\/wp\/v2\/product"}],"about":[{"href":"https:\/\/esquell.eu\/de\/wp-json\/wp\/v2\/types\/product"}],"replies":[{"embeddable":true,"href":"https:\/\/esquell.eu\/de\/wp-json\/wp\/v2\/comments?post=20317"}],"wp:featuredmedia":[{"embeddable":true,"href":"https:\/\/esquell.eu\/de\/wp-json\/wp\/v2\/media\/5547"}],"wp:attachment":[{"href":"https:\/\/esquell.eu\/de\/wp-json\/wp\/v2\/media?parent=20317"}],"wp:term":[{"taxonomy":"more","embeddable":true,"href":"https:\/\/esquell.eu\/de\/wp-json\/wp\/v2\/more?post=20317"},{"taxonomy":"product_brand","embeddable":true,"href":"https:\/\/esquell.eu\/de\/wp-json\/wp\/v2\/product_brand?post=20317"},{"taxonomy":"product_cat","embeddable":true,"href":"https:\/\/esquell.eu\/de\/wp-json\/wp\/v2\/product_cat?post=20317"},{"taxonomy":"product_tag","embeddable":true,"href":"https:\/\/esquell.eu\/de\/wp-json\/wp\/v2\/product_tag?post=20317"}],"curies":[{"name":"wp","href":"https:\/\/api.w.org\/{rel}","templated":true}]}}