{"id":20304,"date":"2025-04-23T23:10:17","date_gmt":"2025-04-23T23:10:17","guid":{"rendered":"https:\/\/esquell.eu\/product\/tablett-rund-gezahnt-999-sterling-silber-verschiedene-groessen\/"},"modified":"2025-04-23T23:10:17","modified_gmt":"2025-04-23T23:10:17","slug":"tablett-rund-gezahnt-999-sterling-silber-verschiedene-groessen","status":"publish","type":"product","link":"https:\/\/esquell.eu\/de\/produkt\/tablett-rund-gezahnt-999-sterling-silber-verschiedene-groessen\/","title":{"rendered":"Tablett rund gezahnt 999 Sterling Silber. Verschiedene Gr\u00f6\u00dfen"},"content":{"rendered":"<p>Kitt, Fassungen, L\u00fcnette.<br \/>\nRund. Ger\u00e4ndelt<br \/>\nVerschiedene Gr\u00f6\u00dfen.<br \/>\n999 Silber. <\/p>\n<p>Geeignet zum Backen mit Silberton.<\/p>\n<p>Wir empfehlen Art Clay Overlay Paste, um eine feste Verbindung zu erzielen.<\/p>\n","protected":false},"excerpt":{"rendered":"<p>Legen Sie das Tablett, die Einstellungen und die L\u00fcnette ein.<\/p>\n<p>Rundherum. Kartell.<\/p>\n<p>Verschiedene Gr\u00f6\u00dfen.<\/p>\n<p>999 Silber.<\/p>\n<p>&nbsp;<\/p>\n<p>&nbsp;<\/p>\n","protected":false},"featured_media":5795,"comment_status":"closed","ping_status":"closed","template":"","meta":{"_acf_changed":false,"_seopress_robots_primary_cat":"none","_seopress_titles_title":"","_seopress_titles_desc":"","_seopress_robots_index":""},"more":[],"product_brand":[7173],"product_cat":[11005,11006],"product_tag":[6508,6506,6512,7463,7957,7451,8484,11021,7320,7461,7953,8535,10666,6510,6421,7317,6432,6424,7023,8092,12826,6417,6671,6812,6996,7439,6429,7457,7068,8004],"class_list":{"0":"post-20304","1":"product","2":"type-product","3":"status-publish","4":"has-post-thumbnail","6":"product_brand-rio","7":"product_cat-siedlungen-und-chatons","8":"product_cat-teile-die-fur-das-co-brennen-mit-metallton-geeignet-sind","9":"product_tag-6508","10":"product_tag-6506","11":"product_tag-blenden","12":"product_tag-bruhgruppe","13":"product_tag-cabochon","14":"product_tag-chaton","15":"product_tag-cz","16":"product_tag-cz-stein","17":"product_tag-edelstein","18":"product_tag-einstellbox","19":"product_tag-einstellung","20":"product_tag-einstellung-2","21":"product_tag-einstellungen","22":"product_tag-lunette","23":"product_tag-machen","24":"product_tag-naturstein","25":"product_tag-real","26":"product_tag-rein","27":"product_tag-rein-3","28":"product_tag-ring","29":"product_tag-selbstgemachter-schmuck-3","30":"product_tag-silber","31":"product_tag-silber-2","32":"product_tag-silber-3","33":"product_tag-sollid","34":"product_tag-stein-3","35":"product_tag-wirklich","36":"product_tag-zetkast","37":"product_tag-zirkoniumdioxid","38":"product_tag-zirkoniumdioxid-2","39":"product_shipping_class-standard","40":"pa_afmeting-10-mm","41":"pa_afmeting-12-mm","42":"pa_afmeting-14-mm","43":"pa_afmeting-16-mm","44":"pa_afmeting-18-mm","45":"pa_afmeting-20-mm","46":"pa_afmeting-25-mm","47":"pa_afmeting-3-mm","48":"pa_afmeting-4-mm","49":"pa_afmeting-5-mm","50":"pa_afmeting-6-mm","51":"pa_afmeting-8-mm","53":"first","54":"instock","55":"taxable","56":"shipping-taxable","57":"purchasable","58":"product-type-variable"},"acf":[],"_links":{"self":[{"href":"https:\/\/esquell.eu\/de\/wp-json\/wp\/v2\/product\/20304","targetHints":{"allow":["GET"]}}],"collection":[{"href":"https:\/\/esquell.eu\/de\/wp-json\/wp\/v2\/product"}],"about":[{"href":"https:\/\/esquell.eu\/de\/wp-json\/wp\/v2\/types\/product"}],"replies":[{"embeddable":true,"href":"https:\/\/esquell.eu\/de\/wp-json\/wp\/v2\/comments?post=20304"}],"wp:featuredmedia":[{"embeddable":true,"href":"https:\/\/esquell.eu\/de\/wp-json\/wp\/v2\/media\/5795"}],"wp:attachment":[{"href":"https:\/\/esquell.eu\/de\/wp-json\/wp\/v2\/media?parent=20304"}],"wp:term":[{"taxonomy":"more","embeddable":true,"href":"https:\/\/esquell.eu\/de\/wp-json\/wp\/v2\/more?post=20304"},{"taxonomy":"product_brand","embeddable":true,"href":"https:\/\/esquell.eu\/de\/wp-json\/wp\/v2\/product_brand?post=20304"},{"taxonomy":"product_cat","embeddable":true,"href":"https:\/\/esquell.eu\/de\/wp-json\/wp\/v2\/product_cat?post=20304"},{"taxonomy":"product_tag","embeddable":true,"href":"https:\/\/esquell.eu\/de\/wp-json\/wp\/v2\/product_tag?post=20304"}],"curies":[{"name":"wp","href":"https:\/\/api.w.org\/{rel}","templated":true}]}}