{"id":20287,"date":"2025-04-27T11:13:08","date_gmt":"2025-04-27T11:13:08","guid":{"rendered":"https:\/\/esquell.eu\/product\/ohrstecker-fuer-6-mm-zirkonia-mit-anhaengender-oese-925-sterling-silber\/"},"modified":"2026-02-14T10:26:13","modified_gmt":"2026-02-14T10:26:13","slug":"ohrstecker-fuer-6-mm-zirkonia-mit-anhaengender-oese-925-sterling-silber","status":"publish","type":"product","link":"https:\/\/esquell.eu\/de\/produkt\/ohrstecker-fuer-6-mm-zirkonia-mit-anhaengender-oese-925-sterling-silber\/","title":{"rendered":"Ohrstecker f\u00fcr 6 mm Zirkonia mit anh\u00e4ngender \u00d6se. 925 Sterling Silber"},"content":{"rendered":"<p>Ohrstecker f\u00fcr 6 mm Zirkonia mit anh\u00e4ngender \u00d6se.<\/p>\n<p>925 Sterling Silber<\/p>\n<p>Gl\u00e4nzend<\/p>\n<p>Inklusive Silberbackstopper \/ poucette Schmetterling<\/p>\n","protected":false},"excerpt":{"rendered":"<p>Ohrstecker f\u00fcr 6 mm Zirkonia mit anh\u00e4ngender \u00d6se.<\/p>\n<p>925 Sterling Silber<\/p>\n<p>Gl\u00e4nzend<\/p>\n<p>Inklusive Silberbackstopper \/ poucette Schmetterling<\/p>\n<p>&nbsp;<\/p>\n","protected":false},"featured_media":20296,"comment_status":"closed","ping_status":"closed","template":"","meta":{"_acf_changed":false,"_seopress_robots_primary_cat":"none","_seopress_titles_title":"","_seopress_titles_desc":"","_seopress_robots_index":""},"more":[],"product_brand":[8480],"product_cat":[12066],"product_tag":[11878,7078,10696,7080,10699,12116,10701,8609,12103,12113,6942,6948,8375,6817,6799,12130,6797,6944,7812,6458,12137,9618,6790,6415,6929,8514,7810,7804,7807,8471,7128,10748,6494,12095,8502,7799,6793,12080,6895,12091,6822,12073,9663,11312,6452,9678,6946,8487,12150,8516,12078,6897,6786,6885,6804,12083,8504,6932,6950,8498,7801,6421,7800,10628,12168,6455,7797,12122,9288,12131,6682,7931,9200,12099,6788,6891,12169,11421,12070,10486,10506,6928,12125,12165,12128,12120,6899,7509,6901,9677,7445,10492,12107,12170,12229,12067,8379,9672,6893,6784,7811,6795,8483,10715,6814,10105,6783,12110,7796],"class_list":{"0":"post-20287","1":"product","2":"type-product","3":"status-publish","4":"has-post-thumbnail","6":"product_brand-925-handwerk","7":"product_cat-ohrring-teile-925","8":"product_tag-11878","9":"product_tag-7078","10":"product_tag-10696","11":"product_tag-7080","12":"product_tag-10699","13":"product_tag-30-2","14":"product_tag-10701","15":"product_tag-8609","16":"product_tag-12103","17":"product_tag-12113","18":"product_tag-alkmaar","19":"product_tag-almere","20":"product_tag-ameland","21":"product_tag-amsterdam","22":"product_tag-apeldoorn","23":"product_tag-appelscha","24":"product_tag-arnheim","25":"product_tag-assen","26":"product_tag-beilen","27":"product_tag-belgien","28":"product_tag-bellingwolde","29":"product_tag-beste","30":"product_tag-bestellung","31":"product_tag-billig","32":"product_tag-blei","33":"product_tag-blick","34":"product_tag-coevorden","35":"product_tag-delft","36":"product_tag-delftzijl","37":"product_tag-den-bosch","38":"product_tag-den-haag","39":"product_tag-den-helder","40":"product_tag-diy","41":"product_tag-doetichem-2","42":"product_tag-dronten","43":"product_tag-eindhoven","44":"product_tag-einkaufen","45":"product_tag-elburg","46":"product_tag-es","47":"product_tag-gestut-2","48":"product_tag-groningen","49":"product_tag-gros","50":"product_tag-grosartig","51":"product_tag-grose","52":"product_tag-groshandel","53":"product_tag-hardenberg","54":"product_tag-heerenveen","55":"product_tag-hoogeveen","56":"product_tag-hoogezand","57":"product_tag-horn","58":"product_tag-hypoallergen","59":"product_tag-ihr","60":"product_tag-kaufen","61":"product_tag-kaufen-2","62":"product_tag-kostenlos","63":"product_tag-kostenlos-2","64":"product_tag-lager","65":"product_tag-leeuwarden","66":"product_tag-lelystad","67":"product_tag-lemmer","68":"product_tag-maastricht","69":"product_tag-machen","70":"product_tag-middelburg","71":"product_tag-mm","72":"product_tag-nes","73":"product_tag-niederlande","74":"product_tag-nijmegen","75":"product_tag-ohr","76":"product_tag-ohrhaken","77":"product_tag-ohrhaken-3","78":"product_tag-ohrringe","79":"product_tag-ohrringe-2","80":"product_tag-ohrstecker-3","81":"product_tag-ommen-2","82":"product_tag-online","83":"product_tag-online-shop","84":"product_tag-poucette","85":"product_tag-rost","86":"product_tag-rostfrei-2","87":"product_tag-rostfreier-stahl-3","88":"product_tag-rostfreier-stahl-4","89":"product_tag-rotterdam","90":"product_tag-ruckseiten","91":"product_tag-sappermeer","92":"product_tag-schmetterlinge-2","93":"product_tag-schmuckqualitat","94":"product_tag-selbst","95":"product_tag-senden","96":"product_tag-sie-selbst-2","97":"product_tag-sperren","98":"product_tag-stahl","99":"product_tag-stehlen","100":"product_tag-stift","101":"product_tag-stopsel","102":"product_tag-taste","103":"product_tag-terneuzen","104":"product_tag-texel","105":"product_tag-tiel","106":"product_tag-tun","107":"product_tag-unter-2","108":"product_tag-urk","109":"product_tag-utrecht","110":"product_tag-venlo","111":"product_tag-vollenhove","112":"product_tag-webshop","113":"product_tag-winschoten","114":"product_tag-wobei","115":"product_tag-zuruck-2","116":"product_tag-zwolle","117":"product_shipping_class-standard","119":"first","120":"instock","121":"taxable","122":"shipping-taxable","123":"purchasable","124":"product-type-simple"},"acf":[],"_links":{"self":[{"href":"https:\/\/esquell.eu\/de\/wp-json\/wp\/v2\/product\/20287","targetHints":{"allow":["GET"]}}],"collection":[{"href":"https:\/\/esquell.eu\/de\/wp-json\/wp\/v2\/product"}],"about":[{"href":"https:\/\/esquell.eu\/de\/wp-json\/wp\/v2\/types\/product"}],"replies":[{"embeddable":true,"href":"https:\/\/esquell.eu\/de\/wp-json\/wp\/v2\/comments?post=20287"}],"wp:featuredmedia":[{"embeddable":true,"href":"https:\/\/esquell.eu\/de\/wp-json\/wp\/v2\/media\/20296"}],"wp:attachment":[{"href":"https:\/\/esquell.eu\/de\/wp-json\/wp\/v2\/media?parent=20287"}],"wp:term":[{"taxonomy":"more","embeddable":true,"href":"https:\/\/esquell.eu\/de\/wp-json\/wp\/v2\/more?post=20287"},{"taxonomy":"product_brand","embeddable":true,"href":"https:\/\/esquell.eu\/de\/wp-json\/wp\/v2\/product_brand?post=20287"},{"taxonomy":"product_cat","embeddable":true,"href":"https:\/\/esquell.eu\/de\/wp-json\/wp\/v2\/product_cat?post=20287"},{"taxonomy":"product_tag","embeddable":true,"href":"https:\/\/esquell.eu\/de\/wp-json\/wp\/v2\/product_tag?post=20287"}],"curies":[{"name":"wp","href":"https:\/\/api.w.org\/{rel}","templated":true}]}}