{"id":20188,"date":"2025-04-23T22:53:48","date_gmt":"2025-04-23T22:53:48","guid":{"rendered":"https:\/\/esquell.eu\/product\/topftablett-rund-999-silber-verschiedene-groessen\/"},"modified":"2026-03-24T15:10:15","modified_gmt":"2026-03-24T15:10:15","slug":"topftablett-rund-999-silber-verschiedene-groessen","status":"publish","type":"product","link":"https:\/\/esquell.eu\/de\/produkt\/topftablett-rund-999-silber-verschiedene-groessen\/","title":{"rendered":"Topftablett rund 999 Silber. Verschiedene Gr\u00f6\u00dfen"},"content":{"rendered":"<p>Kitt, Fassungen, L\u00fcnetten.<br \/>\nRund. Glatt<br \/>\nVerschiedene Gr\u00f6\u00dfen.<br \/>\n999 Silber. <\/p>\n","protected":false},"excerpt":{"rendered":"<p>Fassungsboxen, Fassungen, L\u00fcnetten.<\/p>\n<p>Rund verschiedene Gr\u00f6\u00dfen.<\/p>\n<p>925 Sterlingsilber.<\/p>\n<p>&nbsp;<\/p>\n<p>&nbsp;<\/p>\n","protected":false},"featured_media":20189,"comment_status":"closed","ping_status":"closed","template":"","meta":{"_acf_changed":false,"_seopress_robots_primary_cat":"none","_seopress_titles_title":"","_seopress_titles_desc":"","_seopress_robots_index":""},"more":[],"product_brand":[7173],"product_cat":[11005],"product_tag":[6508,6506,6512,7463,7957,7451,8484,11021,7320,7461,7953,8535,10666,6510,6421,7317,6432,6424,7023,8092,12826,6417,6671,6812,6996,7439,6429,7457,7068,8004],"class_list":{"0":"post-20188","1":"product","2":"type-product","3":"status-publish","4":"has-post-thumbnail","6":"product_brand-rio","7":"product_cat-siedlungen-und-chatons","8":"product_tag-6508","9":"product_tag-6506","10":"product_tag-blenden","11":"product_tag-bruhgruppe","12":"product_tag-cabochon","13":"product_tag-chaton","14":"product_tag-cz","15":"product_tag-cz-stein","16":"product_tag-edelstein","17":"product_tag-einstellbox","18":"product_tag-einstellung","19":"product_tag-einstellung-2","20":"product_tag-einstellungen","21":"product_tag-lunette","22":"product_tag-machen","23":"product_tag-naturstein","24":"product_tag-real","25":"product_tag-rein","26":"product_tag-rein-3","27":"product_tag-ring","28":"product_tag-selbstgemachter-schmuck-3","29":"product_tag-silber","30":"product_tag-silber-2","31":"product_tag-silber-3","32":"product_tag-sollid","33":"product_tag-stein-3","34":"product_tag-wirklich","35":"product_tag-zetkast","36":"product_tag-zirkoniumdioxid","37":"product_tag-zirkoniumdioxid-2","38":"product_shipping_class-standard","39":"pa_afmeting-10-mm","40":"pa_afmeting-12-mm","41":"pa_afmeting-14-mm","42":"pa_afmeting-16-mm","43":"pa_afmeting-18-mm","44":"pa_afmeting-20-mm","45":"pa_afmeting-25-mm","46":"pa_afmeting-3-mm","47":"pa_afmeting-4-mm","48":"pa_afmeting-5-mm","49":"pa_afmeting-6-mm","50":"pa_afmeting-8-mm","52":"first","53":"instock","54":"taxable","55":"shipping-taxable","56":"purchasable","57":"product-type-variable"},"acf":[],"_links":{"self":[{"href":"https:\/\/esquell.eu\/de\/wp-json\/wp\/v2\/product\/20188","targetHints":{"allow":["GET"]}}],"collection":[{"href":"https:\/\/esquell.eu\/de\/wp-json\/wp\/v2\/product"}],"about":[{"href":"https:\/\/esquell.eu\/de\/wp-json\/wp\/v2\/types\/product"}],"replies":[{"embeddable":true,"href":"https:\/\/esquell.eu\/de\/wp-json\/wp\/v2\/comments?post=20188"}],"wp:featuredmedia":[{"embeddable":true,"href":"https:\/\/esquell.eu\/de\/wp-json\/wp\/v2\/media\/20189"}],"wp:attachment":[{"href":"https:\/\/esquell.eu\/de\/wp-json\/wp\/v2\/media?parent=20188"}],"wp:term":[{"taxonomy":"more","embeddable":true,"href":"https:\/\/esquell.eu\/de\/wp-json\/wp\/v2\/more?post=20188"},{"taxonomy":"product_brand","embeddable":true,"href":"https:\/\/esquell.eu\/de\/wp-json\/wp\/v2\/product_brand?post=20188"},{"taxonomy":"product_cat","embeddable":true,"href":"https:\/\/esquell.eu\/de\/wp-json\/wp\/v2\/product_cat?post=20188"},{"taxonomy":"product_tag","embeddable":true,"href":"https:\/\/esquell.eu\/de\/wp-json\/wp\/v2\/product_tag?post=20188"}],"curies":[{"name":"wp","href":"https:\/\/api.w.org\/{rel}","templated":true}]}}