{"id":20172,"date":"2025-04-23T22:29:27","date_gmt":"2025-04-23T22:29:27","guid":{"rendered":"https:\/\/esquell.eu\/product\/umschaltboxen-marquis-925er-silber-verschiedene-groessen\/"},"modified":"2025-11-20T23:48:34","modified_gmt":"2025-11-20T23:48:34","slug":"umschaltboxen-marquis-925er-silber-verschiedene-groessen","status":"publish","type":"product","link":"https:\/\/esquell.eu\/de\/produkt\/umschaltboxen-marquis-925er-silber-verschiedene-groessen\/","title":{"rendered":"Umschaltboxen Marquis. 925er Silber. Verschiedene Gr\u00f6\u00dfen"},"content":{"rendered":"<p>Putty Marquise Div Gr\u00f6\u00dfen<\/p>\n<p>925 Silber<\/p>\n<p>Geeignet f\u00fcr Marquise Zirkonia<\/p>\n","protected":false},"excerpt":{"rendered":"<p>Pfahldosen Marquise<\/p>\n<p>925 Sterling Silber<\/p>\n<p>Geeignet f\u00fcr Zirkonia<\/p>\n","protected":false},"featured_media":20173,"comment_status":"closed","ping_status":"closed","template":"","meta":{"_acf_changed":false,"_seopress_robots_primary_cat":"none","_seopress_titles_title":"","_seopress_titles_desc":"","_seopress_robots_index":""},"more":[],"product_brand":[6703],"product_cat":[11005],"product_tag":[],"class_list":{"0":"post-20172","1":"product","2":"type-product","3":"status-publish","4":"has-post-thumbnail","6":"product_brand-bm","7":"product_cat-siedlungen-und-chatons","8":"pa_afmeting-63-mm","9":"pa_afmeting-84-mm","11":"first","12":"instock","13":"taxable","14":"shipping-taxable","15":"purchasable","16":"product-type-variable"},"acf":[],"_links":{"self":[{"href":"https:\/\/esquell.eu\/de\/wp-json\/wp\/v2\/product\/20172","targetHints":{"allow":["GET"]}}],"collection":[{"href":"https:\/\/esquell.eu\/de\/wp-json\/wp\/v2\/product"}],"about":[{"href":"https:\/\/esquell.eu\/de\/wp-json\/wp\/v2\/types\/product"}],"replies":[{"embeddable":true,"href":"https:\/\/esquell.eu\/de\/wp-json\/wp\/v2\/comments?post=20172"}],"wp:featuredmedia":[{"embeddable":true,"href":"https:\/\/esquell.eu\/de\/wp-json\/wp\/v2\/media\/20173"}],"wp:attachment":[{"href":"https:\/\/esquell.eu\/de\/wp-json\/wp\/v2\/media?parent=20172"}],"wp:term":[{"taxonomy":"more","embeddable":true,"href":"https:\/\/esquell.eu\/de\/wp-json\/wp\/v2\/more?post=20172"},{"taxonomy":"product_brand","embeddable":true,"href":"https:\/\/esquell.eu\/de\/wp-json\/wp\/v2\/product_brand?post=20172"},{"taxonomy":"product_cat","embeddable":true,"href":"https:\/\/esquell.eu\/de\/wp-json\/wp\/v2\/product_cat?post=20172"},{"taxonomy":"product_tag","embeddable":true,"href":"https:\/\/esquell.eu\/de\/wp-json\/wp\/v2\/product_tag?post=20172"}],"curies":[{"name":"wp","href":"https:\/\/api.w.org\/{rel}","templated":true}]}}