{"id":20145,"date":"2025-04-27T11:31:52","date_gmt":"2025-04-27T11:31:52","guid":{"rendered":"https:\/\/esquell.eu\/product\/ohrringe-ohrstecker-mit-offenem-ring-rueckseiten-925-silber\/"},"modified":"2026-02-14T10:44:45","modified_gmt":"2026-02-14T10:44:45","slug":"ohrringe-ohrstecker-mit-offenem-ring-rueckseiten-925-silber","status":"publish","type":"product","link":"https:\/\/esquell.eu\/de\/produkt\/ohrringe-ohrstecker-mit-offenem-ring-rueckseiten-925-silber\/","title":{"rendered":"Ohrstecker 3mm Birne mit Ring + Unterlage 925 Silber."},"content":{"rendered":"<p>Ohrstecker mit einer 3 mm gro\u00dfen Kugel an der Spitze<br \/>\nGr\u00f6\u00dfe des Stifts einschlie\u00dflich der Kugel 13,5 mm<br \/>\nRing zur Befestigung des Schmucks<br \/>\nVeredelung gl\u00e4nzend<\/p>\n<p>Inklusive 925 Silberstopper.<\/p>\n","protected":false},"excerpt":{"rendered":"<p>Ohrstecker mit einer 3 mm gro\u00dfen Kugel an der Spitze<br \/>\nGr\u00f6\u00dfe des Stifts einschlie\u00dflich der Kugel 14,5 mm<br \/>\nOffener Ring zum Anbringen von Schmuck<br \/>\nVeredelung gl\u00e4nzend<\/p>\n<p>Inklusive 925 Silberstopper.<\/p>\n<p>&nbsp;<\/p>\n","protected":false},"featured_media":30121,"comment_status":"closed","ping_status":"closed","template":"","meta":{"_acf_changed":false,"_seopress_robots_primary_cat":"none","_seopress_titles_title":"","_seopress_titles_desc":"","_seopress_robots_index":""},"more":[],"product_brand":[8480],"product_cat":[12066],"product_tag":[11878,7078,10696,7080,10699,12116,10701,8609,12103,12113,6942,6948,8375,6817,6799,12130,6797,6944,12230,7812,6458,12137,9618,6790,6415,6929,8514,7810,7804,7807,8471,7128,10748,6494,12095,8502,7799,6793,12080,12238,6895,12091,12234,7349,6822,12073,9663,11312,6452,9678,6946,8487,12150,8516,12078,6897,6786,6885,6804,12083,8504,6932,6950,8498,7801,6421,7800,10628,12168,6455,7797,12122,9288,12131,12240,12087,6682,7931,8637,12231,12232,7959,9200,9291,12099,6788,6891,11175,12169,12239,11421,12070,10486,10506,6928,12125,12165,12128,11059,12120,6899,9692,7509,6901,7354,7352,9677,7445,10492,12107,12170,12229,12067,8379,9672,8547,6893,6784,7811,6795,8483,10715,6814,10105,6783,12110,7796],"class_list":{"0":"post-20145","1":"product","2":"type-product","3":"status-publish","4":"has-post-thumbnail","6":"product_brand-925-handwerk","7":"product_cat-ohrring-teile-925","8":"product_tag-11878","9":"product_tag-7078","10":"product_tag-10696","11":"product_tag-7080","12":"product_tag-10699","13":"product_tag-30-2","14":"product_tag-10701","15":"product_tag-8609","16":"product_tag-12103","17":"product_tag-12113","18":"product_tag-alkmaar","19":"product_tag-almere","20":"product_tag-ameland","21":"product_tag-amsterdam","22":"product_tag-apeldoorn","23":"product_tag-appelscha","24":"product_tag-arnheim","25":"product_tag-assen","26":"product_tag-backstoppers","27":"product_tag-beilen","28":"product_tag-belgien","29":"product_tag-bellingwolde","30":"product_tag-beste","31":"product_tag-bestellung","32":"product_tag-billig","33":"product_tag-blei","34":"product_tag-blick","35":"product_tag-coevorden","36":"product_tag-delft","37":"product_tag-delftzijl","38":"product_tag-den-bosch","39":"product_tag-den-haag","40":"product_tag-den-helder","41":"product_tag-diy","42":"product_tag-doetichem-2","43":"product_tag-dronten","44":"product_tag-eindhoven","45":"product_tag-einkaufen","46":"product_tag-elburg","47":"product_tag-epoxid-ohrringe","48":"product_tag-es","49":"product_tag-gestut-2","50":"product_tag-glas-ohrringe","51":"product_tag-goldschmied","52":"product_tag-groningen","53":"product_tag-gros","54":"product_tag-grosartig","55":"product_tag-grose","56":"product_tag-groshandel","57":"product_tag-hardenberg","58":"product_tag-heerenveen","59":"product_tag-hoogeveen","60":"product_tag-hoogezand","61":"product_tag-horn","62":"product_tag-hypoallergen","63":"product_tag-ihr","64":"product_tag-kaufen","65":"product_tag-kaufen-2","66":"product_tag-kostenlos","67":"product_tag-kostenlos-2","68":"product_tag-lager","69":"product_tag-leeuwarden","70":"product_tag-lelystad","71":"product_tag-lemmer","72":"product_tag-maastricht","73":"product_tag-machen","74":"product_tag-middelburg","75":"product_tag-mm","76":"product_tag-nes","77":"product_tag-niederlande","78":"product_tag-nijmegen","79":"product_tag-ohr","80":"product_tag-ohrhaken","81":"product_tag-ohrhaken-3","82":"product_tag-ohrring-anstecknadel","83":"product_tag-ohrring-ohrstecker-2","84":"product_tag-ohrringe","85":"product_tag-ohrringe-2","86":"product_tag-ohrringe-3","87":"product_tag-ohrringruckseiten","88":"product_tag-ohrringteile","89":"product_tag-ohrstecker","90":"product_tag-ohrstecker-3","91":"product_tag-ohrstecker-4","92":"product_tag-ommen-2","93":"product_tag-online","94":"product_tag-online-shop","95":"product_tag-perlenohrringe","96":"product_tag-poucette","97":"product_tag-poucettes","98":"product_tag-rost","99":"product_tag-rostfrei-2","100":"product_tag-rostfreier-stahl-3","101":"product_tag-rostfreier-stahl-4","102":"product_tag-rotterdam","103":"product_tag-ruckseiten","104":"product_tag-sappermeer","105":"product_tag-schmetterlinge-2","106":"product_tag-schmieden","107":"product_tag-schmuckqualitat","108":"product_tag-selbst","109":"product_tag-selbstgemachte-ohrringe","110":"product_tag-senden","111":"product_tag-sie-selbst-2","112":"product_tag-silberschmied","113":"product_tag-silberschmiede-2","114":"product_tag-sperren","115":"product_tag-stahl","116":"product_tag-stehlen","117":"product_tag-stift","118":"product_tag-stopsel","119":"product_tag-taste","120":"product_tag-terneuzen","121":"product_tag-texel","122":"product_tag-tiel","123":"product_tag-ton-ohrringe","124":"product_tag-tun","125":"product_tag-unter-2","126":"product_tag-urk","127":"product_tag-utrecht","128":"product_tag-venlo","129":"product_tag-vollenhove","130":"product_tag-webshop","131":"product_tag-winschoten","132":"product_tag-wobei","133":"product_tag-zuruck-2","134":"product_tag-zwolle","135":"product_shipping_class-standard","137":"first","138":"instock","139":"taxable","140":"shipping-taxable","141":"purchasable","142":"product-type-simple"},"acf":[],"_links":{"self":[{"href":"https:\/\/esquell.eu\/de\/wp-json\/wp\/v2\/product\/20145","targetHints":{"allow":["GET"]}}],"collection":[{"href":"https:\/\/esquell.eu\/de\/wp-json\/wp\/v2\/product"}],"about":[{"href":"https:\/\/esquell.eu\/de\/wp-json\/wp\/v2\/types\/product"}],"replies":[{"embeddable":true,"href":"https:\/\/esquell.eu\/de\/wp-json\/wp\/v2\/comments?post=20145"}],"wp:featuredmedia":[{"embeddable":true,"href":"https:\/\/esquell.eu\/de\/wp-json\/wp\/v2\/media\/30121"}],"wp:attachment":[{"href":"https:\/\/esquell.eu\/de\/wp-json\/wp\/v2\/media?parent=20145"}],"wp:term":[{"taxonomy":"more","embeddable":true,"href":"https:\/\/esquell.eu\/de\/wp-json\/wp\/v2\/more?post=20145"},{"taxonomy":"product_brand","embeddable":true,"href":"https:\/\/esquell.eu\/de\/wp-json\/wp\/v2\/product_brand?post=20145"},{"taxonomy":"product_cat","embeddable":true,"href":"https:\/\/esquell.eu\/de\/wp-json\/wp\/v2\/product_cat?post=20145"},{"taxonomy":"product_tag","embeddable":true,"href":"https:\/\/esquell.eu\/de\/wp-json\/wp\/v2\/product_tag?post=20145"}],"curies":[{"name":"wp","href":"https:\/\/api.w.org\/{rel}","templated":true}]}}