{"id":20139,"date":"2025-04-27T11:16:40","date_gmt":"2025-04-27T11:16:40","guid":{"rendered":"https:\/\/esquell.eu\/product\/ohrstecker-mit-anhaengeroese-und-8mm-fassung-925-sterling-silber\/"},"modified":"2025-04-27T11:16:40","modified_gmt":"2025-04-27T11:16:40","slug":"ohrstecker-mit-anhaengeroese-und-8mm-fassung-925-sterling-silber","status":"publish","type":"product","link":"https:\/\/esquell.eu\/de\/produkt\/ohrstecker-mit-anhaengeroese-und-8mm-fassung-925-sterling-silber\/","title":{"rendered":"Ohrstecker mit Anh\u00e4nger\u00f6se und 8mm Fassung 925 Sterling Silber"},"content":{"rendered":"<p>Ohrstecker mit Anh\u00e4nger\u00f6se und 8mm Fassung<\/p>\n<p>925 Sterling Silber<\/p>\n<p>Inklusive Backstopper, Poucette Schmetterling.<\/p>\n<p>8mm ist die Innengr\u00f6\u00dfe der Fassung.<\/p>\n<p>Geeignet f\u00fcr 8mm Cabochons<\/p>\n<p>Auch geeignet zum F\u00fcllen mit Led und UV-Harz<\/p>\n","protected":false},"excerpt":{"rendered":"<p>Ohrstecker mit Anh\u00e4nger\u00f6se und 8mm Fassung<\/p>\n<p>925 Sterling Silber<\/p>\n<p>Inklusive Backstopper, Poucette Schmetterling.<\/p>\n<p>8mm ist die Innengr\u00f6\u00dfe der Fassung.<\/p>\n<p>Geeignet f\u00fcr 8mm Cabochons<\/p>\n<p>Auch geeignet zum F\u00fcllen mit Led und UV-Harz<\/p>\n<p>&nbsp;<\/p>\n","protected":false},"featured_media":5960,"comment_status":"closed","ping_status":"closed","template":"","meta":{"_acf_changed":false,"_seopress_robots_primary_cat":"none","_seopress_titles_title":"","_seopress_titles_desc":"","_seopress_robots_index":""},"more":[],"product_brand":[8480],"product_cat":[9913,12066],"product_tag":[11878,7078,10696,7080,10699,12116,10701,8609,12103,12113,6942,6948,8375,6817,6799,12130,6797,6944,12230,7812,6458,12137,9618,6790,6415,6929,8514,7810,7804,7807,8471,7128,10748,6494,12095,8502,7799,6793,12080,12238,6895,12091,12234,7349,6822,12073,9663,11312,6452,9678,6946,8487,12150,8516,12078,6897,6786,6885,6804,12083,8504,6932,6950,8498,7801,6421,7800,10628,12168,6455,7797,12122,9288,12131,12240,12087,6682,7931,8637,12231,12232,7959,9200,9291,12099,6788,6891,11175,12169,12239,11421,12070,10486,10506,6928,12125,12165,12128,11059,12120,6899,9692,7509,6901,7354,7352,9677,7445,10492,12107,12170,12229,12067,8379,9672,8547,6893,6784,7811,6795,8483,10715,6814,10105,6783,12110,7796],"class_list":{"0":"post-20139","1":"product","2":"type-product","3":"status-publish","4":"has-post-thumbnail","6":"product_brand-925-handwerk","7":"product_cat-led-und-uv-harz","8":"product_cat-ohrring-teile-925","9":"product_tag-11878","10":"product_tag-7078","11":"product_tag-10696","12":"product_tag-7080","13":"product_tag-10699","14":"product_tag-30-2","15":"product_tag-10701","16":"product_tag-8609","17":"product_tag-12103","18":"product_tag-12113","19":"product_tag-alkmaar","20":"product_tag-almere","21":"product_tag-ameland","22":"product_tag-amsterdam","23":"product_tag-apeldoorn","24":"product_tag-appelscha","25":"product_tag-arnheim","26":"product_tag-assen","27":"product_tag-backstoppers","28":"product_tag-beilen","29":"product_tag-belgien","30":"product_tag-bellingwolde","31":"product_tag-beste","32":"product_tag-bestellung","33":"product_tag-billig","34":"product_tag-blei","35":"product_tag-blick","36":"product_tag-coevorden","37":"product_tag-delft","38":"product_tag-delftzijl","39":"product_tag-den-bosch","40":"product_tag-den-haag","41":"product_tag-den-helder","42":"product_tag-diy","43":"product_tag-doetichem-2","44":"product_tag-dronten","45":"product_tag-eindhoven","46":"product_tag-einkaufen","47":"product_tag-elburg","48":"product_tag-epoxid-ohrringe","49":"product_tag-es","50":"product_tag-gestut-2","51":"product_tag-glas-ohrringe","52":"product_tag-goldschmied","53":"product_tag-groningen","54":"product_tag-gros","55":"product_tag-grosartig","56":"product_tag-grose","57":"product_tag-groshandel","58":"product_tag-hardenberg","59":"product_tag-heerenveen","60":"product_tag-hoogeveen","61":"product_tag-hoogezand","62":"product_tag-horn","63":"product_tag-hypoallergen","64":"product_tag-ihr","65":"product_tag-kaufen","66":"product_tag-kaufen-2","67":"product_tag-kostenlos","68":"product_tag-kostenlos-2","69":"product_tag-lager","70":"product_tag-leeuwarden","71":"product_tag-lelystad","72":"product_tag-lemmer","73":"product_tag-maastricht","74":"product_tag-machen","75":"product_tag-middelburg","76":"product_tag-mm","77":"product_tag-nes","78":"product_tag-niederlande","79":"product_tag-nijmegen","80":"product_tag-ohr","81":"product_tag-ohrhaken","82":"product_tag-ohrhaken-3","83":"product_tag-ohrring-anstecknadel","84":"product_tag-ohrring-ohrstecker-2","85":"product_tag-ohrringe","86":"product_tag-ohrringe-2","87":"product_tag-ohrringe-3","88":"product_tag-ohrringruckseiten","89":"product_tag-ohrringteile","90":"product_tag-ohrstecker","91":"product_tag-ohrstecker-3","92":"product_tag-ohrstecker-4","93":"product_tag-ommen-2","94":"product_tag-online","95":"product_tag-online-shop","96":"product_tag-perlenohrringe","97":"product_tag-poucette","98":"product_tag-poucettes","99":"product_tag-rost","100":"product_tag-rostfrei-2","101":"product_tag-rostfreier-stahl-3","102":"product_tag-rostfreier-stahl-4","103":"product_tag-rotterdam","104":"product_tag-ruckseiten","105":"product_tag-sappermeer","106":"product_tag-schmetterlinge-2","107":"product_tag-schmieden","108":"product_tag-schmuckqualitat","109":"product_tag-selbst","110":"product_tag-selbstgemachte-ohrringe","111":"product_tag-senden","112":"product_tag-sie-selbst-2","113":"product_tag-silberschmied","114":"product_tag-silberschmiede-2","115":"product_tag-sperren","116":"product_tag-stahl","117":"product_tag-stehlen","118":"product_tag-stift","119":"product_tag-stopsel","120":"product_tag-taste","121":"product_tag-terneuzen","122":"product_tag-texel","123":"product_tag-tiel","124":"product_tag-ton-ohrringe","125":"product_tag-tun","126":"product_tag-unter-2","127":"product_tag-urk","128":"product_tag-utrecht","129":"product_tag-venlo","130":"product_tag-vollenhove","131":"product_tag-webshop","132":"product_tag-winschoten","133":"product_tag-wobei","134":"product_tag-zuruck-2","135":"product_tag-zwolle","136":"product_shipping_class-standard","138":"first","139":"instock","140":"taxable","141":"shipping-taxable","142":"purchasable","143":"product-type-simple"},"acf":[],"_links":{"self":[{"href":"https:\/\/esquell.eu\/de\/wp-json\/wp\/v2\/product\/20139","targetHints":{"allow":["GET"]}}],"collection":[{"href":"https:\/\/esquell.eu\/de\/wp-json\/wp\/v2\/product"}],"about":[{"href":"https:\/\/esquell.eu\/de\/wp-json\/wp\/v2\/types\/product"}],"replies":[{"embeddable":true,"href":"https:\/\/esquell.eu\/de\/wp-json\/wp\/v2\/comments?post=20139"}],"wp:featuredmedia":[{"embeddable":true,"href":"https:\/\/esquell.eu\/de\/wp-json\/wp\/v2\/media\/5960"}],"wp:attachment":[{"href":"https:\/\/esquell.eu\/de\/wp-json\/wp\/v2\/media?parent=20139"}],"wp:term":[{"taxonomy":"more","embeddable":true,"href":"https:\/\/esquell.eu\/de\/wp-json\/wp\/v2\/more?post=20139"},{"taxonomy":"product_brand","embeddable":true,"href":"https:\/\/esquell.eu\/de\/wp-json\/wp\/v2\/product_brand?post=20139"},{"taxonomy":"product_cat","embeddable":true,"href":"https:\/\/esquell.eu\/de\/wp-json\/wp\/v2\/product_cat?post=20139"},{"taxonomy":"product_tag","embeddable":true,"href":"https:\/\/esquell.eu\/de\/wp-json\/wp\/v2\/product_tag?post=20139"}],"curies":[{"name":"wp","href":"https:\/\/api.w.org\/{rel}","templated":true}]}}