{"id":20061,"date":"2025-04-28T09:48:48","date_gmt":"2025-04-28T09:48:48","guid":{"rendered":"https:\/\/esquell.eu\/product\/universeller-backofenspachtel-zum-aufnehmen-von-dreifuessen-oder-gitterrosten\/"},"modified":"2025-04-28T09:48:48","modified_gmt":"2025-04-28T09:48:48","slug":"universeller-backofenspachtel-zum-aufnehmen-von-dreifuessen-oder-gitterrosten","status":"publish","type":"product","link":"https:\/\/esquell.eu\/de\/produkt\/universeller-backofenspachtel-zum-aufnehmen-von-dreifuessen-oder-gitterrosten\/","title":{"rendered":"Universeller Backofenspachtel zum Aufnehmen von Dreif\u00fc\u00dfen oder Gitterrosten."},"content":{"rendered":"<p>Dieser universelle Pfannenwender aus rostfreiem Stahl, entworfen von Pam East, hat eine spitz zulaufende, leicht gebogene Klinge, die sich ideal zum Aufnehmen aller Dreif\u00fc\u00dfe und Grills eignet, von den kleinsten bis zu den gr\u00f6\u00dften.<\/p>\n<p>Der Spachtel aus Edelstahl besteht aus zwei Teilen, so dass Sie ihn zur Aufbewahrung zusammenklappen oder mitnehmen und bei Bedarf in Sekundenschnelle wieder zusammensetzen k\u00f6nnen.<\/p>\n<p>Der geformte Griff bietet sicheren Halt und Griffigkeit bei der Verwendung des Spatels. Eine einfache Fl\u00fcgelmutter sichert den Griff in geschlossener oder ge\u00f6ffneter Position. <\/p>\n","protected":false},"excerpt":{"rendered":"<p>Dieser universelle Pfannenwender aus rostfreiem Stahl, entworfen von Pam East, hat eine spitz zulaufende, leicht gebogene Klinge, die sich ideal zum Aufnehmen aller Dreif\u00fc\u00dfe und Grills eignet, von den kleinsten bis zu den gr\u00f6\u00dften.<\/p>\n","protected":false},"featured_media":6153,"comment_status":"closed","ping_status":"closed","template":"","meta":{"_acf_changed":false,"_seopress_robots_primary_cat":"none","_seopress_titles_title":"","_seopress_titles_desc":"","_seopress_robots_index":""},"more":[],"product_brand":[10712],"product_cat":[9853,7505,7996],"product_tag":[],"class_list":{"0":"post-20061","1":"product","2":"type-product","3":"status-publish","4":"has-post-thumbnail","6":"product_brand-pameast","7":"product_cat-bake-off","8":"product_cat-emaillierwerkzeuge-und-zubehor","9":"product_cat-werkzeuge-und-zubehor-fur-glas","11":"first","12":"instock","13":"taxable","14":"shipping-taxable","15":"purchasable","16":"product-type-simple"},"acf":[],"_links":{"self":[{"href":"https:\/\/esquell.eu\/de\/wp-json\/wp\/v2\/product\/20061","targetHints":{"allow":["GET"]}}],"collection":[{"href":"https:\/\/esquell.eu\/de\/wp-json\/wp\/v2\/product"}],"about":[{"href":"https:\/\/esquell.eu\/de\/wp-json\/wp\/v2\/types\/product"}],"replies":[{"embeddable":true,"href":"https:\/\/esquell.eu\/de\/wp-json\/wp\/v2\/comments?post=20061"}],"wp:featuredmedia":[{"embeddable":true,"href":"https:\/\/esquell.eu\/de\/wp-json\/wp\/v2\/media\/6153"}],"wp:attachment":[{"href":"https:\/\/esquell.eu\/de\/wp-json\/wp\/v2\/media?parent=20061"}],"wp:term":[{"taxonomy":"more","embeddable":true,"href":"https:\/\/esquell.eu\/de\/wp-json\/wp\/v2\/more?post=20061"},{"taxonomy":"product_brand","embeddable":true,"href":"https:\/\/esquell.eu\/de\/wp-json\/wp\/v2\/product_brand?post=20061"},{"taxonomy":"product_cat","embeddable":true,"href":"https:\/\/esquell.eu\/de\/wp-json\/wp\/v2\/product_cat?post=20061"},{"taxonomy":"product_tag","embeddable":true,"href":"https:\/\/esquell.eu\/de\/wp-json\/wp\/v2\/product_tag?post=20061"}],"curies":[{"name":"wp","href":"https:\/\/api.w.org\/{rel}","templated":true}]}}