{"id":19876,"date":"2025-05-01T19:34:56","date_gmt":"2025-05-01T19:34:56","guid":{"rendered":"https:\/\/esquell.eu\/product\/buegel-groesse-75x4mm-silber-925\/"},"modified":"2025-12-22T11:02:27","modified_gmt":"2025-12-22T11:02:27","slug":"buegel-groesse-75x4mm-silber-925","status":"publish","type":"product","link":"https:\/\/esquell.eu\/de\/produkt\/buegel-groesse-75x4mm-silber-925\/","title":{"rendered":"B\u00fcgel, Gr\u00f6\u00dfe 7,5x4mm, Silber. 925"},"content":{"rendered":"<div class=\"product-addition\">\n<div class=\"product-addition-content\">\n<p>B\u00fcgel, Gr\u00f6\u00dfe 7,5x4mm,<\/p>\n<p>Offener Haken zur Befestigung<br \/>\nVeredelung gl\u00e4nzend<\/p>\n<p>925 Sterling Silber<\/p>\n<\/div>\n<\/div>\n","protected":false},"excerpt":{"rendered":"<p>B\u00fcgel, glatt, speziell zum Aufstecken eines Glasanh\u00e4ngers<br \/>\nDie Gesamtl\u00e4nge des B\u00fcgels betr\u00e4gt 15mm, die Breite 4mm<br \/>\nDer Aufsteckteil ist ca. 8,5mm, das Gewindeloch ist ca. 4mm<\/p>\n<p>925 Sterling Silber<\/p>\n","protected":false},"featured_media":19879,"comment_status":"closed","ping_status":"closed","template":"","meta":{"_acf_changed":false,"_seopress_robots_primary_cat":"none","_seopress_titles_title":"","_seopress_titles_desc":"","_seopress_robots_index":""},"more":[],"product_brand":[8480],"product_cat":[12313],"product_tag":[],"class_list":{"0":"post-19876","1":"product","2":"type-product","3":"status-publish","4":"has-post-thumbnail","6":"product_brand-925-handwerk","7":"product_cat-anhangerosen-bugel-und-schraubosen","9":"first","10":"instock","11":"taxable","12":"shipping-taxable","13":"purchasable","14":"product-type-simple"},"acf":[],"_links":{"self":[{"href":"https:\/\/esquell.eu\/de\/wp-json\/wp\/v2\/product\/19876","targetHints":{"allow":["GET"]}}],"collection":[{"href":"https:\/\/esquell.eu\/de\/wp-json\/wp\/v2\/product"}],"about":[{"href":"https:\/\/esquell.eu\/de\/wp-json\/wp\/v2\/types\/product"}],"replies":[{"embeddable":true,"href":"https:\/\/esquell.eu\/de\/wp-json\/wp\/v2\/comments?post=19876"}],"wp:featuredmedia":[{"embeddable":true,"href":"https:\/\/esquell.eu\/de\/wp-json\/wp\/v2\/media\/19879"}],"wp:attachment":[{"href":"https:\/\/esquell.eu\/de\/wp-json\/wp\/v2\/media?parent=19876"}],"wp:term":[{"taxonomy":"more","embeddable":true,"href":"https:\/\/esquell.eu\/de\/wp-json\/wp\/v2\/more?post=19876"},{"taxonomy":"product_brand","embeddable":true,"href":"https:\/\/esquell.eu\/de\/wp-json\/wp\/v2\/product_brand?post=19876"},{"taxonomy":"product_cat","embeddable":true,"href":"https:\/\/esquell.eu\/de\/wp-json\/wp\/v2\/product_cat?post=19876"},{"taxonomy":"product_tag","embeddable":true,"href":"https:\/\/esquell.eu\/de\/wp-json\/wp\/v2\/product_tag?post=19876"}],"curies":[{"name":"wp","href":"https:\/\/api.w.org\/{rel}","templated":true}]}}