{"id":19866,"date":"2025-05-01T19:29:45","date_gmt":"2025-05-01T19:29:45","guid":{"rendered":"https:\/\/esquell.eu\/product\/buegel-mit-klebeflaeche-fuer-glasanhaenger-925-sterling-silber\/"},"modified":"2025-05-01T19:29:45","modified_gmt":"2025-05-01T19:29:45","slug":"buegel-mit-klebeflaeche-fuer-glasanhaenger-925-sterling-silber","status":"publish","type":"product","link":"https:\/\/esquell.eu\/de\/produkt\/buegel-mit-klebeflaeche-fuer-glasanhaenger-925-sterling-silber\/","title":{"rendered":"B\u00fcgel, mit Klebefl\u00e4che f\u00fcr Glasanh\u00e4nger. 925 Sterling Silber"},"content":{"rendered":"<div class=\"product-addition\">\n<div class=\"product-addition-content\">\n<p>B\u00fcgel, glatt, speziell zum Aufstecken eines Glasanh\u00e4ngers<br \/>\nDie Gesamtl\u00e4nge des B\u00fcgels betr\u00e4gt 15mm, die Breite 4mm<br \/>\nDer Aufsteckteil ist ca. 8,5mm, das Gewindeloch ist ca. 4mm<\/p>\n<p>925 Sterling Silber<\/p>\n<\/div>\n<\/div>\n","protected":false},"excerpt":{"rendered":"<p>B\u00fcgel, glatt, speziell zum Aufstecken eines Glasanh\u00e4ngers<br \/>\nDie Gesamtl\u00e4nge des B\u00fcgels betr\u00e4gt 15mm, die Breite 4mm<br \/>\nDer Aufsteckteil ist ca. 8,5mm, das Gewindeloch ist ca. 4mm<\/p>\n<p>925 Sterling Silber<\/p>\n","protected":false},"featured_media":6357,"comment_status":"closed","ping_status":"closed","template":"","meta":{"_acf_changed":false,"_seopress_robots_primary_cat":"none","_seopress_titles_title":"","_seopress_titles_desc":"","_seopress_robots_index":""},"more":[],"product_brand":[6992],"product_cat":[12313,7996],"product_tag":[],"class_list":{"0":"post-19866","1":"product","2":"type-product","3":"status-publish","4":"has-post-thumbnail","6":"product_brand-ayu","7":"product_cat-anhangerosen-bugel-und-schraubosen","8":"product_cat-werkzeuge-und-zubehor-fur-glas","10":"first","11":"instock","12":"taxable","13":"shipping-taxable","14":"purchasable","15":"product-type-simple"},"acf":[],"_links":{"self":[{"href":"https:\/\/esquell.eu\/de\/wp-json\/wp\/v2\/product\/19866","targetHints":{"allow":["GET"]}}],"collection":[{"href":"https:\/\/esquell.eu\/de\/wp-json\/wp\/v2\/product"}],"about":[{"href":"https:\/\/esquell.eu\/de\/wp-json\/wp\/v2\/types\/product"}],"replies":[{"embeddable":true,"href":"https:\/\/esquell.eu\/de\/wp-json\/wp\/v2\/comments?post=19866"}],"wp:featuredmedia":[{"embeddable":true,"href":"https:\/\/esquell.eu\/de\/wp-json\/wp\/v2\/media\/6357"}],"wp:attachment":[{"href":"https:\/\/esquell.eu\/de\/wp-json\/wp\/v2\/media?parent=19866"}],"wp:term":[{"taxonomy":"more","embeddable":true,"href":"https:\/\/esquell.eu\/de\/wp-json\/wp\/v2\/more?post=19866"},{"taxonomy":"product_brand","embeddable":true,"href":"https:\/\/esquell.eu\/de\/wp-json\/wp\/v2\/product_brand?post=19866"},{"taxonomy":"product_cat","embeddable":true,"href":"https:\/\/esquell.eu\/de\/wp-json\/wp\/v2\/product_cat?post=19866"},{"taxonomy":"product_tag","embeddable":true,"href":"https:\/\/esquell.eu\/de\/wp-json\/wp\/v2\/product_tag?post=19866"}],"curies":[{"name":"wp","href":"https:\/\/api.w.org\/{rel}","templated":true}]}}