{"id":19864,"date":"2025-05-01T19:25:39","date_gmt":"2025-05-01T19:25:39","guid":{"rendered":"https:\/\/esquell.eu\/product\/pendelauge-bail-925er-silber-mit-offener-oese-108-4-mm\/"},"modified":"2025-05-01T19:25:39","modified_gmt":"2025-05-01T19:25:39","slug":"pendelauge-bail-925er-silber-mit-offener-oese-108-4-mm","status":"publish","type":"product","link":"https:\/\/esquell.eu\/de\/produkt\/pendelauge-bail-925er-silber-mit-offener-oese-108-4-mm\/","title":{"rendered":"Pendelauge, Bail. 925er Silber. Mit offener \u00d6se. 10,8 * 4 mm"},"content":{"rendered":"<div class=\"product-addition\">\n<div class=\"product-addition-content\">\n<p>B\u00fcgel, Gr\u00f6\u00dfe 10,8 * 4 mm,<br \/>\nMit offenem Haken zur Befestigung<br \/>\nVeredelung gl\u00e4nzend<\/p>\n<p>925 Sterling Silber<\/p>\n<\/div>\n<\/div>\n","protected":false},"excerpt":{"rendered":"<p>Anh\u00e4nger Auge mit Sprungfeder,<\/p>\n<p>925 Sterling Silber<\/p>\n<p>Gl\u00e4nzend<\/p>\n<p>Gesamth\u00f6he : 9.20 mm<\/p>\n<p>Durchmesser gro\u00dfes Auge: 5.00 mm<\/p>\n<p>Innendurchmesser kleines Auge: 1.50 mm<\/p>\n<p>Gewicht 0.23 g<\/p>\n","protected":false},"featured_media":6355,"comment_status":"closed","ping_status":"closed","template":"","meta":{"_acf_changed":false,"_seopress_robots_primary_cat":"none","_seopress_titles_title":"","_seopress_titles_desc":"","_seopress_robots_index":""},"more":[],"product_brand":[8480],"product_cat":[12313],"product_tag":[],"class_list":{"0":"post-19864","1":"product","2":"type-product","3":"status-publish","4":"has-post-thumbnail","6":"product_brand-925-handwerk","7":"product_cat-anhangerosen-bugel-und-schraubosen","9":"first","10":"instock","11":"taxable","12":"shipping-taxable","13":"purchasable","14":"product-type-simple"},"acf":[],"_links":{"self":[{"href":"https:\/\/esquell.eu\/de\/wp-json\/wp\/v2\/product\/19864","targetHints":{"allow":["GET"]}}],"collection":[{"href":"https:\/\/esquell.eu\/de\/wp-json\/wp\/v2\/product"}],"about":[{"href":"https:\/\/esquell.eu\/de\/wp-json\/wp\/v2\/types\/product"}],"replies":[{"embeddable":true,"href":"https:\/\/esquell.eu\/de\/wp-json\/wp\/v2\/comments?post=19864"}],"wp:featuredmedia":[{"embeddable":true,"href":"https:\/\/esquell.eu\/de\/wp-json\/wp\/v2\/media\/6355"}],"wp:attachment":[{"href":"https:\/\/esquell.eu\/de\/wp-json\/wp\/v2\/media?parent=19864"}],"wp:term":[{"taxonomy":"more","embeddable":true,"href":"https:\/\/esquell.eu\/de\/wp-json\/wp\/v2\/more?post=19864"},{"taxonomy":"product_brand","embeddable":true,"href":"https:\/\/esquell.eu\/de\/wp-json\/wp\/v2\/product_brand?post=19864"},{"taxonomy":"product_cat","embeddable":true,"href":"https:\/\/esquell.eu\/de\/wp-json\/wp\/v2\/product_cat?post=19864"},{"taxonomy":"product_tag","embeddable":true,"href":"https:\/\/esquell.eu\/de\/wp-json\/wp\/v2\/product_tag?post=19864"}],"curies":[{"name":"wp","href":"https:\/\/api.w.org\/{rel}","templated":true}]}}