{"id":19824,"date":"2025-05-01T19:12:56","date_gmt":"2025-05-01T19:12:56","guid":{"rendered":"https:\/\/esquell.eu\/product\/anhaenger-oese-buegel-groesse-74-5mm\/"},"modified":"2025-05-01T19:12:56","modified_gmt":"2025-05-01T19:12:56","slug":"anhaenger-oese-buegel-groesse-74-5mm","status":"publish","type":"product","link":"https:\/\/esquell.eu\/de\/produkt\/anhaenger-oese-buegel-groesse-74-5mm\/","title":{"rendered":"Anh\u00e4nger \u00d6se \/ B\u00fcgel , Gr\u00f6\u00dfe 7*4.5mm"},"content":{"rendered":"<p>Anh\u00e4nger \u00d6se\/Bail, Gr\u00f6\u00dfe 7*4,5mm.<\/p>\n<p>Mit versteckter Anh\u00e4nger\u00f6se.<\/p>\n<p>Offene \u00d6se<\/p>\n<p>Finishing gl\u00e4nzend<\/p>\n<p>925 Sterling Silber<\/p>\n<p>Gewicht 0,23 g<\/p>\n","protected":false},"excerpt":{"rendered":"<p>Anh\u00e4nger \u00d6se\/Bail, Gr\u00f6\u00dfe 7*4,5mm.<\/p>\n<p>Mit versteckter Anh\u00e4nger\u00f6se.<\/p>\n<p>Offene \u00d6se<\/p>\n<p>Finishing gl\u00e4nzend<\/p>\n<p>925 Sterling Silber<\/p>\n<p>Gewicht 0,23 g<\/p>\n","protected":false},"featured_media":6345,"comment_status":"closed","ping_status":"closed","template":"","meta":{"_acf_changed":false,"_seopress_robots_primary_cat":"none","_seopress_titles_title":"","_seopress_titles_desc":"","_seopress_robots_index":""},"more":[],"product_brand":[8480],"product_cat":[12313],"product_tag":[],"class_list":{"0":"post-19824","1":"product","2":"type-product","3":"status-publish","4":"has-post-thumbnail","6":"product_brand-925-handwerk","7":"product_cat-anhangerosen-bugel-und-schraubosen","9":"first","10":"instock","11":"taxable","12":"shipping-taxable","13":"purchasable","14":"product-type-simple"},"acf":[],"_links":{"self":[{"href":"https:\/\/esquell.eu\/de\/wp-json\/wp\/v2\/product\/19824","targetHints":{"allow":["GET"]}}],"collection":[{"href":"https:\/\/esquell.eu\/de\/wp-json\/wp\/v2\/product"}],"about":[{"href":"https:\/\/esquell.eu\/de\/wp-json\/wp\/v2\/types\/product"}],"replies":[{"embeddable":true,"href":"https:\/\/esquell.eu\/de\/wp-json\/wp\/v2\/comments?post=19824"}],"wp:featuredmedia":[{"embeddable":true,"href":"https:\/\/esquell.eu\/de\/wp-json\/wp\/v2\/media\/6345"}],"wp:attachment":[{"href":"https:\/\/esquell.eu\/de\/wp-json\/wp\/v2\/media?parent=19824"}],"wp:term":[{"taxonomy":"more","embeddable":true,"href":"https:\/\/esquell.eu\/de\/wp-json\/wp\/v2\/more?post=19824"},{"taxonomy":"product_brand","embeddable":true,"href":"https:\/\/esquell.eu\/de\/wp-json\/wp\/v2\/product_brand?post=19824"},{"taxonomy":"product_cat","embeddable":true,"href":"https:\/\/esquell.eu\/de\/wp-json\/wp\/v2\/product_cat?post=19824"},{"taxonomy":"product_tag","embeddable":true,"href":"https:\/\/esquell.eu\/de\/wp-json\/wp\/v2\/product_tag?post=19824"}],"curies":[{"name":"wp","href":"https:\/\/api.w.org\/{rel}","templated":true}]}}