{"id":19809,"date":"2025-04-30T20:31:50","date_gmt":"2025-04-30T20:31:50","guid":{"rendered":"https:\/\/esquell.eu\/product\/naturstein-cabochon-oval-tigerauge-braun-verschiedene-groessen\/"},"modified":"2025-04-30T20:31:50","modified_gmt":"2025-04-30T20:31:50","slug":"naturstein-cabochon-oval-tigerauge-braun-verschiedene-groessen","status":"publish","type":"product","link":"https:\/\/esquell.eu\/de\/produkt\/naturstein-cabochon-oval-tigerauge-braun-verschiedene-groessen\/","title":{"rendered":"Naturstein Cabochon Oval Tigerauge Braun Verschiedene Gr\u00f6\u00dfen."},"content":{"rendered":"<p>Naturstein-Cabochon verschiedene Gr\u00f6\u00dfen<\/p>\n<p>Oval. Das Auge des Tigers. Braun <\/p>\n<p><strong>*Da es sich um einen Naturstein handelt, unterscheiden sich alle Cabochons in Farbe und Motiv.  <\/strong><\/p>\n<p>Im Shop finden Sie passende Fasstabletts und Fassungsboxen aus 925 Sterling Silber, 999 Feinsilber und anderen Metallen,<\/p>\n<p>Auch Fassungsdraht in Silber, Bronze und Kupfer ist f\u00fcr die Herstellung eigener Fassungen erh\u00e4ltlich.<\/p>\n<p>Ein Fassungsstahl wird verwendet, um die Steine sch\u00f6n und fest in die Fassungen zu setzen.<\/p>\n<p>Bei Verwendung in Kombination mit Metallton:<\/p>\n<p>Den Stein nachr\u00fcsten.<\/p>\n<p>Brennen Sie Natursteine nicht zusammen mit Metallton. Naturstein ist im Allgemeinen nicht best\u00e4ndig gegen die Brenntemperatur von Metallton. <\/p>\n<p>M\u00f6chten Sie eine organische Silberton-Fassung? Dann verwenden Sie das Anti Shrinkage Compound <\/p>\n<p>Der Schutz von Naturstein vor hohen Temperaturen, z.B. beim L\u00f6ten, kann mit Technoflux<\/p>\n<p>Sehen Sie hier nach geeigneten Klebern zum Kleben von Cabochons<\/p>\n","protected":false},"excerpt":{"rendered":"<p>Naturstein-Cabochon verschiedene Gr\u00f6\u00dfen Oval. Das Auge des Tigers. Braun *Da es sich um einen Naturstein handelt, unterscheiden sich alle Cabochons in Farbe und Motiv. Im Shop finden Sie passende Fasstabletts und Fassungsboxen aus 925 Sterling Silber, 999 Feinsilber und anderen Metallen, Auch Fassungsdraht in Silber, Bronze und Kupfer ist f\u00fcr die Herstellung eigener Fassungen erh\u00e4ltlich&#8230;.<\/p>\n","protected":false},"featured_media":6316,"comment_status":"closed","ping_status":"closed","template":"","meta":{"_acf_changed":false,"_seopress_robots_primary_cat":"none","_seopress_titles_title":"","_seopress_titles_desc":"","_seopress_robots_index":""},"more":[],"product_brand":[6365,12223],"product_cat":[12330],"product_tag":[],"class_list":{"0":"post-19809","1":"product","2":"type-product","3":"status-publish","4":"has-post-thumbnail","6":"product_brand-l1","7":"product_brand-mtn","8":"product_cat-cabochons-oval","9":"pa_afmeting-1014-mm","10":"pa_afmeting-1318-mm","11":"pa_afmeting-1520mm","12":"pa_afmeting-1825-mm","13":"pa_afmeting-2030-mm","14":"pa_afmeting-2230mm","15":"pa_afmeting-3040mm","16":"pa_afmeting-46-mm","17":"pa_afmeting-68-mm","18":"pa_afmeting-79-mm","19":"pa_afmeting-810-mm","21":"first","22":"instock","23":"taxable","24":"shipping-taxable","25":"purchasable","26":"product-type-variable"},"acf":[],"_links":{"self":[{"href":"https:\/\/esquell.eu\/de\/wp-json\/wp\/v2\/product\/19809","targetHints":{"allow":["GET"]}}],"collection":[{"href":"https:\/\/esquell.eu\/de\/wp-json\/wp\/v2\/product"}],"about":[{"href":"https:\/\/esquell.eu\/de\/wp-json\/wp\/v2\/types\/product"}],"replies":[{"embeddable":true,"href":"https:\/\/esquell.eu\/de\/wp-json\/wp\/v2\/comments?post=19809"}],"wp:featuredmedia":[{"embeddable":true,"href":"https:\/\/esquell.eu\/de\/wp-json\/wp\/v2\/media\/6316"}],"wp:attachment":[{"href":"https:\/\/esquell.eu\/de\/wp-json\/wp\/v2\/media?parent=19809"}],"wp:term":[{"taxonomy":"more","embeddable":true,"href":"https:\/\/esquell.eu\/de\/wp-json\/wp\/v2\/more?post=19809"},{"taxonomy":"product_brand","embeddable":true,"href":"https:\/\/esquell.eu\/de\/wp-json\/wp\/v2\/product_brand?post=19809"},{"taxonomy":"product_cat","embeddable":true,"href":"https:\/\/esquell.eu\/de\/wp-json\/wp\/v2\/product_cat?post=19809"},{"taxonomy":"product_tag","embeddable":true,"href":"https:\/\/esquell.eu\/de\/wp-json\/wp\/v2\/product_tag?post=19809"}],"curies":[{"name":"wp","href":"https:\/\/api.w.org\/{rel}","templated":true}]}}