{"id":19608,"date":"2025-05-01T21:41:34","date_gmt":"2025-05-01T21:41:34","guid":{"rendered":"https:\/\/esquell.eu\/product\/schrauboese-bronze-zum-mitbrennen-in-bronzeton-oval\/"},"modified":"2025-05-01T21:41:34","modified_gmt":"2025-05-01T21:41:34","slug":"schrauboese-bronze-zum-mitbrennen-in-bronzeton-oval","status":"publish","type":"product","link":"https:\/\/esquell.eu\/de\/produkt\/schrauboese-bronze-zum-mitbrennen-in-bronzeton-oval\/","title":{"rendered":"Schraub\u00f6se Bronze zum Mitbrennen in Bronzeton. Oval"},"content":{"rendered":"<p>Flache Schraub\u00f6se aus Bronze<\/p>\n<p>\u00d6se Oval<\/p>\n<p>Befestigen Sie bronzene Kurzwaren in Ihren Bronze-Tondesigns, solange diese noch weich sind.<\/p>\n<p>&nbsp;<\/p>\n","protected":false},"excerpt":{"rendered":"<p>B\u00fcgel, Anh\u00e4nger\u00f6se<br \/>\nInnenma\u00df 6&#215;3,2mm L\u00e4nge ca. 7,5 mm<\/p>\n<p>Verpackt zu 5 St\u00fcck<\/p>\n<p>Einrastbar.<br \/>\nEinfach zu montieren, ohne auf die Gr\u00f6\u00dfe\/Dicke des Verschlusses achten zu m\u00fcssen.<br \/>\nDiese Anh\u00e4nger\u00f6se kann an jeder beliebigen Stelle auf die Kette geschoben werden.<\/p>\n<p>Verarbeitung gl\u00e4nzend<\/p>\n<p>925 Silber<\/p>\n<p>&nbsp;<\/p>\n","protected":false},"featured_media":6432,"comment_status":"closed","ping_status":"closed","template":"","meta":{"_acf_changed":false,"_seopress_robots_primary_cat":"none","_seopress_titles_title":"","_seopress_titles_desc":"","_seopress_robots_index":""},"more":[],"product_brand":[6518],"product_cat":[12313,11006,7996],"product_tag":[6488,10393,14198,6924,14337,12827,9401,16666,16656,7387,13002,16665,16662,10034,16660,12326,7017,9398,9399,10823,16661,6994,7171,16657,16165,16663,12316,14359,7131,16664,6775,7019,16655,11528,6682,6891,11182,12314,12518,9425,16654,8532,6432,6926,7021,12521,6417,6671,6812,9383,6996,12786,6920,12107,16659,16658,14358,6694,6814,6429],"class_list":{"0":"post-19608","1":"product","2":"type-product","3":"status-publish","4":"has-post-thumbnail","6":"product_brand-prometheus","7":"product_cat-anhangerosen-bugel-und-schraubosen","8":"product_cat-teile-die-fur-das-co-brennen-mit-metallton-geeignet-sind","9":"product_cat-werkzeuge-und-zubehor-fur-glas","10":"product_tag-6488","11":"product_tag-acrylharz","12":"product_tag-andern-2","13":"product_tag-anhanger-2","14":"product_tag-anhanger-5","15":"product_tag-anhanger-zum-selbermachen","16":"product_tag-austauschbar","17":"product_tag-austauschbarer-schmuck","18":"product_tag-befestigung","19":"product_tag-bronze","20":"product_tag-bronzeschmuck-3","21":"product_tag-bronzeschmuck-4","22":"product_tag-edelsteine-5","23":"product_tag-epoxid","24":"product_tag-epoxid-anhanger-epoxid-schmuck","25":"product_tag-ey","26":"product_tag-fur","27":"product_tag-glas-anhanger","28":"product_tag-glasanhanger","29":"product_tag-glasschmuck-2","30":"product_tag-glasschmuck-3","31":"product_tag-gut","32":"product_tag-gut-2","33":"product_tag-halb-gebohrt-2","34":"product_tag-halb-gebohrt","35":"product_tag-harz-3","36":"product_tag-kaution","37":"product_tag-kaution-3","38":"product_tag-kupfer","39":"product_tag-kupferschmuck","40":"product_tag-kurzwarengeschaft","41":"product_tag-liefert","42":"product_tag-mutze-2","43":"product_tag-naturstein-perle","44":"product_tag-ohrringe","45":"product_tag-online-shop","46":"product_tag-osen-verbinden","47":"product_tag-pendelauge","48":"product_tag-pendelauge-2","49":"product_tag-perle","50":"product_tag-perlenmutze","51":"product_tag-perlenmutzen","52":"product_tag-real","53":"product_tag-rein-2","54":"product_tag-schmuck-3","55":"product_tag-schraubose","56":"product_tag-silber","57":"product_tag-silber-2","58":"product_tag-silber-3","59":"product_tag-solide","60":"product_tag-sollid","61":"product_tag-springend","62":"product_tag-sterling","63":"product_tag-stift","64":"product_tag-unsichtbar-2","65":"product_tag-verborgener-anhanger-auge","66":"product_tag-versteckt","67":"product_tag-von","68":"product_tag-webshop","69":"product_tag-wirklich","70":"product_shipping_class-standard","72":"first","73":"outofstock","74":"taxable","75":"shipping-taxable","76":"purchasable","77":"product-type-simple"},"acf":[],"_links":{"self":[{"href":"https:\/\/esquell.eu\/de\/wp-json\/wp\/v2\/product\/19608","targetHints":{"allow":["GET"]}}],"collection":[{"href":"https:\/\/esquell.eu\/de\/wp-json\/wp\/v2\/product"}],"about":[{"href":"https:\/\/esquell.eu\/de\/wp-json\/wp\/v2\/types\/product"}],"replies":[{"embeddable":true,"href":"https:\/\/esquell.eu\/de\/wp-json\/wp\/v2\/comments?post=19608"}],"wp:featuredmedia":[{"embeddable":true,"href":"https:\/\/esquell.eu\/de\/wp-json\/wp\/v2\/media\/6432"}],"wp:attachment":[{"href":"https:\/\/esquell.eu\/de\/wp-json\/wp\/v2\/media?parent=19608"}],"wp:term":[{"taxonomy":"more","embeddable":true,"href":"https:\/\/esquell.eu\/de\/wp-json\/wp\/v2\/more?post=19608"},{"taxonomy":"product_brand","embeddable":true,"href":"https:\/\/esquell.eu\/de\/wp-json\/wp\/v2\/product_brand?post=19608"},{"taxonomy":"product_cat","embeddable":true,"href":"https:\/\/esquell.eu\/de\/wp-json\/wp\/v2\/product_cat?post=19608"},{"taxonomy":"product_tag","embeddable":true,"href":"https:\/\/esquell.eu\/de\/wp-json\/wp\/v2\/product_tag?post=19608"}],"curies":[{"name":"wp","href":"https:\/\/api.w.org\/{rel}","templated":true}]}}