{"id":19571,"date":"2025-05-01T20:41:10","date_gmt":"2025-05-01T20:41:10","guid":{"rendered":"https:\/\/esquell.eu\/product\/anhaenger-eye-sticky-eye-versilbert-mit-klebeflaeche-11mm-55mm-verpackt-zu-5-stueck\/"},"modified":"2025-05-01T20:41:10","modified_gmt":"2025-05-01T20:41:10","slug":"anhaenger-eye-sticky-eye-versilbert-mit-klebeflaeche-11mm-55mm-verpackt-zu-5-stueck","status":"publish","type":"product","link":"https:\/\/esquell.eu\/de\/produkt\/anhaenger-eye-sticky-eye-versilbert-mit-klebeflaeche-11mm-55mm-verpackt-zu-5-stueck\/","title":{"rendered":"Anh\u00e4nger Eye Sticky Eye Versilbert mit Klebefl\u00e4che 11mm * 5,5mm Verpackt zu 5 St\u00fcck"},"content":{"rendered":"<p>Anh\u00e4nger\u00f6se mit Klebefl\u00e4che. Versilbert.<x id=\"gid_0\"><\/x>Hypoallergen. Set mit 5 St\u00fcck.<x id=\"gid_1\"><\/x>Gr\u00f6\u00dfe 11*5,5 mm. Innendurchmesser \u00d6se ca. 7*4mm   <\/p>\n<p>Klebender Aufh\u00e4nger. F\u00fcr z.B. Glas-Anh\u00e4nger <\/p>\n<p>Mit starkem, transparentem, dauerelastischem Schmuckkleber zu befestigen.<\/p>\n","protected":false},"excerpt":{"rendered":"<p>\u00d6se mit Perlenkappe und Nadel.<\/p>\n<p>925 Silber<\/p>\n<p>Geeignet f\u00fcr das Co-Brennen in Silberton.<\/p>\n<p>Eine Packung Feinsilber (SV990) \u00d6sen mit doppelten Enden.<\/p>\n<p>Sie verwenden sie auf die gleiche Weise wie unsere anderen Schraub\u00f6sen, aber Sie k\u00f6nnen beide Enden verwenden. Dr\u00fccken Sie einfach das Ende, das Sie nicht zeigen m\u00f6chten, in Ihren Ton. An dem sichtbaren Ring k\u00f6nnen Sie dann einen Sprungring befestigen. \u00d6sen 6 und 4 mm, mit L\u00f6chern von 1 und 2 mm Durchmesser. Eine Packung enth\u00e4lt 10 St\u00fcck.    <\/p>\n","protected":false},"featured_media":6392,"comment_status":"closed","ping_status":"closed","template":"","meta":{"_acf_changed":false,"_seopress_robots_primary_cat":"none","_seopress_titles_title":"","_seopress_titles_desc":"","_seopress_robots_index":""},"more":[],"product_brand":[6365],"product_cat":[12313,7996],"product_tag":[6488,6924,14337,7017,6994,7171,16165,16657,12316,6775,7019,16655,11528,6682,6891,11182,12518,9425,16654,8532,6432,6926,6417,6671,6812,9383,6996,12786,6920,12107,6814,6429],"class_list":{"0":"post-19571","1":"product","2":"type-product","3":"status-publish","4":"has-post-thumbnail","6":"product_brand-l1","7":"product_cat-anhangerosen-bugel-und-schraubosen","8":"product_cat-werkzeuge-und-zubehor-fur-glas","9":"product_tag-6488","10":"product_tag-anhanger-2","11":"product_tag-anhanger-5","12":"product_tag-fur","13":"product_tag-gut","14":"product_tag-gut-2","15":"product_tag-halb-gebohrt","16":"product_tag-halb-gebohrt-2","17":"product_tag-kaution","18":"product_tag-kurzwarengeschaft","19":"product_tag-liefert","20":"product_tag-mutze-2","21":"product_tag-naturstein-perle","22":"product_tag-ohrringe","23":"product_tag-online-shop","24":"product_tag-osen-verbinden","25":"product_tag-pendelauge-2","26":"product_tag-perle","27":"product_tag-perlenmutze","28":"product_tag-perlenmutzen","29":"product_tag-real","30":"product_tag-rein-2","31":"product_tag-silber","32":"product_tag-silber-2","33":"product_tag-silber-3","34":"product_tag-solide","35":"product_tag-sollid","36":"product_tag-springend","37":"product_tag-sterling","38":"product_tag-stift","39":"product_tag-webshop","40":"product_tag-wirklich","41":"product_shipping_class-standard","43":"first","44":"instock","45":"taxable","46":"shipping-taxable","47":"purchasable","48":"product-type-simple"},"acf":[],"_links":{"self":[{"href":"https:\/\/esquell.eu\/de\/wp-json\/wp\/v2\/product\/19571","targetHints":{"allow":["GET"]}}],"collection":[{"href":"https:\/\/esquell.eu\/de\/wp-json\/wp\/v2\/product"}],"about":[{"href":"https:\/\/esquell.eu\/de\/wp-json\/wp\/v2\/types\/product"}],"replies":[{"embeddable":true,"href":"https:\/\/esquell.eu\/de\/wp-json\/wp\/v2\/comments?post=19571"}],"wp:featuredmedia":[{"embeddable":true,"href":"https:\/\/esquell.eu\/de\/wp-json\/wp\/v2\/media\/6392"}],"wp:attachment":[{"href":"https:\/\/esquell.eu\/de\/wp-json\/wp\/v2\/media?parent=19571"}],"wp:term":[{"taxonomy":"more","embeddable":true,"href":"https:\/\/esquell.eu\/de\/wp-json\/wp\/v2\/more?post=19571"},{"taxonomy":"product_brand","embeddable":true,"href":"https:\/\/esquell.eu\/de\/wp-json\/wp\/v2\/product_brand?post=19571"},{"taxonomy":"product_cat","embeddable":true,"href":"https:\/\/esquell.eu\/de\/wp-json\/wp\/v2\/product_cat?post=19571"},{"taxonomy":"product_tag","embeddable":true,"href":"https:\/\/esquell.eu\/de\/wp-json\/wp\/v2\/product_tag?post=19571"}],"curies":[{"name":"wp","href":"https:\/\/api.w.org\/{rel}","templated":true}]}}