{"id":19561,"date":"2025-05-01T19:51:56","date_gmt":"2025-05-01T19:51:56","guid":{"rendered":"https:\/\/esquell.eu\/product\/anhaenger-oese-bail-925-silber-gerade-roehre-mit-oese\/"},"modified":"2026-01-10T14:26:32","modified_gmt":"2026-01-10T14:26:32","slug":"anhaenger-oese-bail-925-silber-gerade-roehre-mit-oese","status":"publish","type":"product","link":"https:\/\/esquell.eu\/de\/produkt\/anhaenger-oese-bail-925-silber-gerade-roehre-mit-oese\/","title":{"rendered":"Anh\u00e4nger \u00d6se Bail 925 Silber. Gerade R\u00f6hre mit \u00d6se"},"content":{"rendered":"<div class=\"product-addition\">\n<div class=\"product-addition-content\">\n<p>B\u00fcgel, Anh\u00e4nger\u00f6se<br \/>\nGerade R\u00f6hre<br \/>\n3,5mm rund<br \/>\n17,5mm lang,<br \/>\nGewindebohrung 3mm<br \/>\nAu\u00dfenma\u00df offener Ring 4mm<br \/>\nEndbearbeitung gl\u00e4nzend<\/p>\n<p>925 Sterling Silber<\/p>\n<\/div>\n<\/div>\n","protected":false},"excerpt":{"rendered":"<div class=\"product-addition-content\">\n<p>B\u00fcgel, gerade R\u00f6hre<br \/>\n3,5mm rund<br \/>\n17,5mm lang,<br \/>\nGewindebohrung 3mm<br \/>\nAu\u00dfengr\u00f6\u00dfe offener Ring 4mm<br \/>\nOberfl\u00e4che gl\u00e4nzend<\/p>\n<p>925 Sterling Silber<\/p>\n<\/div>\n","protected":false},"featured_media":19562,"comment_status":"closed","ping_status":"closed","template":"","meta":{"_acf_changed":false,"_seopress_robots_primary_cat":"none","_seopress_titles_title":"","_seopress_titles_desc":"","_seopress_robots_index":""},"more":[],"product_brand":[6992],"product_cat":[12313],"product_tag":[6488,7076,12326,6693,9379,9641,10620,12316,14327,6691,10764,10762,10618,11245,16804,12518,6432,6424,6926,6417,6671,6812,6996,6920,6429],"class_list":{"0":"post-19561","1":"product","2":"type-product","3":"status-publish","4":"has-post-thumbnail","6":"product_brand-ayu","7":"product_cat-anhangerosen-bugel-und-schraubosen","8":"product_tag-6488","9":"product_tag-charme-2","10":"product_tag-ey","11":"product_tag-halskette","12":"product_tag-halskette-3","13":"product_tag-kabel","14":"product_tag-kabel-2","15":"product_tag-kaution","16":"product_tag-kaution-2","17":"product_tag-kette","18":"product_tag-kordel-halskette","19":"product_tag-kordelkette","20":"product_tag-leder-2","21":"product_tag-lederkordel","22":"product_tag-lederkordel-3","23":"product_tag-pendelauge-2","24":"product_tag-real","25":"product_tag-rein","26":"product_tag-rein-2","27":"product_tag-silber","28":"product_tag-silber-2","29":"product_tag-silber-3","30":"product_tag-sollid","31":"product_tag-sterling","32":"product_tag-wirklich","34":"first","35":"instock","36":"taxable","37":"shipping-taxable","38":"purchasable","39":"product-type-simple"},"acf":[],"_links":{"self":[{"href":"https:\/\/esquell.eu\/de\/wp-json\/wp\/v2\/product\/19561","targetHints":{"allow":["GET"]}}],"collection":[{"href":"https:\/\/esquell.eu\/de\/wp-json\/wp\/v2\/product"}],"about":[{"href":"https:\/\/esquell.eu\/de\/wp-json\/wp\/v2\/types\/product"}],"replies":[{"embeddable":true,"href":"https:\/\/esquell.eu\/de\/wp-json\/wp\/v2\/comments?post=19561"}],"wp:featuredmedia":[{"embeddable":true,"href":"https:\/\/esquell.eu\/de\/wp-json\/wp\/v2\/media\/19562"}],"wp:attachment":[{"href":"https:\/\/esquell.eu\/de\/wp-json\/wp\/v2\/media?parent=19561"}],"wp:term":[{"taxonomy":"more","embeddable":true,"href":"https:\/\/esquell.eu\/de\/wp-json\/wp\/v2\/more?post=19561"},{"taxonomy":"product_brand","embeddable":true,"href":"https:\/\/esquell.eu\/de\/wp-json\/wp\/v2\/product_brand?post=19561"},{"taxonomy":"product_cat","embeddable":true,"href":"https:\/\/esquell.eu\/de\/wp-json\/wp\/v2\/product_cat?post=19561"},{"taxonomy":"product_tag","embeddable":true,"href":"https:\/\/esquell.eu\/de\/wp-json\/wp\/v2\/product_tag?post=19561"}],"curies":[{"name":"wp","href":"https:\/\/api.w.org\/{rel}","templated":true}]}}