{"id":19554,"date":"2025-05-01T20:05:10","date_gmt":"2025-05-01T20:05:10","guid":{"rendered":"https:\/\/esquell.eu\/product\/buegel-groesse-75x4mm-silber-925-vergoldet-2\/"},"modified":"2025-05-01T20:05:10","modified_gmt":"2025-05-01T20:05:10","slug":"buegel-groesse-75x4mm-silber-925-vergoldet-2","status":"publish","type":"product","link":"https:\/\/esquell.eu\/de\/produkt\/buegel-groesse-75x4mm-silber-925-vergoldet-2\/","title":{"rendered":"B\u00fcgel, Gr\u00f6\u00dfe 7,5x4mm, Silber. 925 vergoldet"},"content":{"rendered":"<div class=\"product-addition\">\n<div class=\"product-addition-content\">\n<p>B\u00fcgel, 4mm Perle<br \/>\nBohrung 1.8mm<br \/>\nDichter Ring 3.5mm unten<br \/>\nSilberne Anh\u00e4nger\u00f6se mit Goldplattierung,<\/p>\n<p>Finishing gl\u00e4nzend<\/p>\n<\/div>\n<\/div>\n","protected":false},"excerpt":{"rendered":"<div class=\"product-addition-content\">\n<p>B\u00fcgel, 4mm Perle<br \/>\nBohrung 1.8mm<br \/>\nDichter Ring 3.5mm unten<br \/>\nSilberne Anh\u00e4nger\u00f6se mit Goldplattierung,<\/p>\n<p>Finishing gl\u00e4nzend<\/p>\n<\/div>\n","protected":false},"featured_media":6380,"comment_status":"closed","ping_status":"closed","template":"","meta":{"_acf_changed":false,"_seopress_robots_primary_cat":"none","_seopress_titles_title":"","_seopress_titles_desc":"","_seopress_robots_index":""},"more":[],"product_brand":[6992],"product_cat":[12313],"product_tag":[16808,6488,12391,7076,12326,6767,6693,9379,12078,16806,9641,10620,7097,12316,14327,6691,10764,10762,10618,11245,16804,12518,6432,6424,6926,12070,13887,7742,10486,6417,6671,6812,6996,7445,10495,6920,7963,15477,14289,6429],"class_list":{"0":"post-19554","1":"product","2":"type-product","3":"status-publish","4":"has-post-thumbnail","6":"product_brand-ayu","7":"product_cat-anhangerosen-bugel-und-schraubosen","8":"product_tag-16808","9":"product_tag-6488","10":"product_tag-allergen","11":"product_tag-charme-2","12":"product_tag-ey","13":"product_tag-gold","14":"product_tag-halskette","15":"product_tag-halskette-3","16":"product_tag-hypoallergen","17":"product_tag-hypoallergen-2","18":"product_tag-kabel","19":"product_tag-kabel-2","20":"product_tag-karat","21":"product_tag-kaution","22":"product_tag-kaution-2","23":"product_tag-kette","24":"product_tag-kordel-halskette","25":"product_tag-kordelkette","26":"product_tag-leder-2","27":"product_tag-lederkordel","28":"product_tag-lederkordel-3","29":"product_tag-pendelauge-2","30":"product_tag-real","31":"product_tag-rein","32":"product_tag-rein-2","33":"product_tag-rostfrei-2","34":"product_tag-rostfrei-3","35":"product_tag-rostfreier-stahl","36":"product_tag-rostfreier-stahl-3","37":"product_tag-silber","38":"product_tag-silber-2","39":"product_tag-silber-3","40":"product_tag-sollid","41":"product_tag-stahl","42":"product_tag-stahl-2","43":"product_tag-sterling","44":"product_tag-vergoldet","45":"product_tag-vergoldung","46":"product_tag-vermeil","47":"product_tag-wirklich","49":"first","50":"instock","51":"taxable","52":"shipping-taxable","53":"purchasable","54":"product-type-simple"},"acf":[],"_links":{"self":[{"href":"https:\/\/esquell.eu\/de\/wp-json\/wp\/v2\/product\/19554","targetHints":{"allow":["GET"]}}],"collection":[{"href":"https:\/\/esquell.eu\/de\/wp-json\/wp\/v2\/product"}],"about":[{"href":"https:\/\/esquell.eu\/de\/wp-json\/wp\/v2\/types\/product"}],"replies":[{"embeddable":true,"href":"https:\/\/esquell.eu\/de\/wp-json\/wp\/v2\/comments?post=19554"}],"wp:featuredmedia":[{"embeddable":true,"href":"https:\/\/esquell.eu\/de\/wp-json\/wp\/v2\/media\/6380"}],"wp:attachment":[{"href":"https:\/\/esquell.eu\/de\/wp-json\/wp\/v2\/media?parent=19554"}],"wp:term":[{"taxonomy":"more","embeddable":true,"href":"https:\/\/esquell.eu\/de\/wp-json\/wp\/v2\/more?post=19554"},{"taxonomy":"product_brand","embeddable":true,"href":"https:\/\/esquell.eu\/de\/wp-json\/wp\/v2\/product_brand?post=19554"},{"taxonomy":"product_cat","embeddable":true,"href":"https:\/\/esquell.eu\/de\/wp-json\/wp\/v2\/product_cat?post=19554"},{"taxonomy":"product_tag","embeddable":true,"href":"https:\/\/esquell.eu\/de\/wp-json\/wp\/v2\/product_tag?post=19554"}],"curies":[{"name":"wp","href":"https:\/\/api.w.org\/{rel}","templated":true}]}}