{"id":19506,"date":"2025-05-01T21:12:52","date_gmt":"2025-05-01T21:12:52","guid":{"rendered":"https:\/\/esquell.eu\/product\/art-clay-bail-back-versteckter-anhaenger-auge-standard-999-feinsilber-k-008-10er-packung\/"},"modified":"2025-05-01T21:12:52","modified_gmt":"2025-05-01T21:12:52","slug":"art-clay-bail-back-versteckter-anhaenger-auge-standard-999-feinsilber-k-008-10er-packung","status":"publish","type":"product","link":"https:\/\/esquell.eu\/de\/produkt\/art-clay-bail-back-versteckter-anhaenger-auge-standard-999-feinsilber-k-008-10er-packung\/","title":{"rendered":"Art Clay Bail Back \/ versteckter Anh\u00e4nger Auge Standard 999 Feinsilber ( K-008) 10er-Packung"},"content":{"rendered":"<p>Standard-Bailback aus reinem Silber (SV1000)<br \/>\nL\u00e4nge 10mm,<\/p>\n<p>Verdeckte Anh\u00e4nger\u00f6se zur Befestigung an der R\u00fcckseite des Schmucks.<\/p>\n<p>Geeignet zum Co-Brennen mit Silberton und anderen Tonen.<\/p>\n<p>Anmerkung:<\/p>\n<p>Der B\u00fcgel hat eine kleine Anh\u00e4nger\u00f6se, so dass die meisten Halsketten nicht richtig hindurch passen. Durch Erhitzen des B\u00fcgels (dadurch wird das Silber weicher) k\u00f6nnen Sie den B\u00fcgel biegen und die Gr\u00f6\u00dfe der Anh\u00e4nger\u00f6se anpassen. <\/p>\n","protected":false},"excerpt":{"rendered":"<p>Flache Schraub\u00f6se aus Kupfer. Geeignet zum Mitbrennen in Kupferton. <\/p>\n<p>Durchmesser der \u00d6se 2,5 mm<\/p>\n<p>Unter anderem geeignet zum Mitbrennen in Silver Clay, Art Clay Silver, Metal Clay, anderen Clays und Harz.<\/p>\n","protected":false},"featured_media":6405,"comment_status":"closed","ping_status":"closed","template":"","meta":{"_acf_changed":false,"_seopress_robots_primary_cat":"none","_seopress_titles_title":"","_seopress_titles_desc":"","_seopress_robots_index":""},"more":[],"product_brand":[6518],"product_cat":[12313,9913,11006,7996],"product_tag":[6488,10393,6924,14337,12827,16656,7387,13002,16665,16662,10034,16660,12326,7017,9398,9399,10823,16661,6994,7171,16165,16657,16663,12316,14359,7131,16664,6775,7019,16655,11528,6682,6891,11182,12314,12518,9425,16654,8532,6432,6926,12521,6417,6671,6812,9383,6996,12786,6920,12107,16659,16658,14358,6694,6814,6429],"class_list":{"0":"post-19506","1":"product","2":"type-product","3":"status-publish","4":"has-post-thumbnail","6":"product_brand-prometheus","7":"product_cat-anhangerosen-bugel-und-schraubosen","8":"product_cat-led-und-uv-harz","9":"product_cat-teile-die-fur-das-co-brennen-mit-metallton-geeignet-sind","10":"product_cat-werkzeuge-und-zubehor-fur-glas","11":"product_tag-6488","12":"product_tag-acrylharz","13":"product_tag-anhanger-2","14":"product_tag-anhanger-5","15":"product_tag-anhanger-zum-selbermachen","16":"product_tag-befestigung","17":"product_tag-bronze","18":"product_tag-bronzeschmuck-3","19":"product_tag-bronzeschmuck-4","20":"product_tag-edelsteine-5","21":"product_tag-epoxid","22":"product_tag-epoxid-anhanger-epoxid-schmuck","23":"product_tag-ey","24":"product_tag-fur","25":"product_tag-glas-anhanger","26":"product_tag-glasanhanger","27":"product_tag-glasschmuck-2","28":"product_tag-glasschmuck-3","29":"product_tag-gut","30":"product_tag-gut-2","31":"product_tag-halb-gebohrt","32":"product_tag-halb-gebohrt-2","33":"product_tag-harz-3","34":"product_tag-kaution","35":"product_tag-kaution-3","36":"product_tag-kupfer","37":"product_tag-kupferschmuck","38":"product_tag-kurzwarengeschaft","39":"product_tag-liefert","40":"product_tag-mutze-2","41":"product_tag-naturstein-perle","42":"product_tag-ohrringe","43":"product_tag-online-shop","44":"product_tag-osen-verbinden","45":"product_tag-pendelauge","46":"product_tag-pendelauge-2","47":"product_tag-perle","48":"product_tag-perlenmutze","49":"product_tag-perlenmutzen","50":"product_tag-real","51":"product_tag-rein-2","52":"product_tag-schraubose","53":"product_tag-silber","54":"product_tag-silber-2","55":"product_tag-silber-3","56":"product_tag-solide","57":"product_tag-sollid","58":"product_tag-springend","59":"product_tag-sterling","60":"product_tag-stift","61":"product_tag-unsichtbar-2","62":"product_tag-verborgener-anhanger-auge","63":"product_tag-versteckt","64":"product_tag-von","65":"product_tag-webshop","66":"product_tag-wirklich","67":"product_shipping_class-standard","69":"first","70":"instock","71":"sale","72":"taxable","73":"shipping-taxable","74":"purchasable","75":"product-type-simple"},"acf":[],"_links":{"self":[{"href":"https:\/\/esquell.eu\/de\/wp-json\/wp\/v2\/product\/19506","targetHints":{"allow":["GET"]}}],"collection":[{"href":"https:\/\/esquell.eu\/de\/wp-json\/wp\/v2\/product"}],"about":[{"href":"https:\/\/esquell.eu\/de\/wp-json\/wp\/v2\/types\/product"}],"replies":[{"embeddable":true,"href":"https:\/\/esquell.eu\/de\/wp-json\/wp\/v2\/comments?post=19506"}],"wp:featuredmedia":[{"embeddable":true,"href":"https:\/\/esquell.eu\/de\/wp-json\/wp\/v2\/media\/6405"}],"wp:attachment":[{"href":"https:\/\/esquell.eu\/de\/wp-json\/wp\/v2\/media?parent=19506"}],"wp:term":[{"taxonomy":"more","embeddable":true,"href":"https:\/\/esquell.eu\/de\/wp-json\/wp\/v2\/more?post=19506"},{"taxonomy":"product_brand","embeddable":true,"href":"https:\/\/esquell.eu\/de\/wp-json\/wp\/v2\/product_brand?post=19506"},{"taxonomy":"product_cat","embeddable":true,"href":"https:\/\/esquell.eu\/de\/wp-json\/wp\/v2\/product_cat?post=19506"},{"taxonomy":"product_tag","embeddable":true,"href":"https:\/\/esquell.eu\/de\/wp-json\/wp\/v2\/product_tag?post=19506"}],"curies":[{"name":"wp","href":"https:\/\/api.w.org\/{rel}","templated":true}]}}