{"id":19490,"date":"2025-05-01T21:09:19","date_gmt":"2025-05-01T21:09:19","guid":{"rendered":"https:\/\/esquell.eu\/product\/flache-schrauboese-aus-kupfer-zum-backen-mit-kupferton-verpackt-pro-5-stueck\/"},"modified":"2025-12-20T16:29:04","modified_gmt":"2025-12-20T16:29:04","slug":"flache-schrauboese-aus-kupfer-zum-backen-mit-kupferton-verpackt-pro-5-stueck","status":"publish","type":"product","link":"https:\/\/esquell.eu\/de\/produkt\/flache-schrauboese-aus-kupfer-zum-backen-mit-kupferton-verpackt-pro-5-stueck\/","title":{"rendered":"Flache Schraub\u00f6se aus Kupfer. Zum Backen mit Kupferton. Verpackt pro 5 St\u00fcck"},"content":{"rendered":"<p>Flache Schraub\u00f6se aus Kupfer. Geeignet zum Mitbrennen in Kupferton. <\/p>\n<p>Durchmesser der \u00d6se 2,5 mm<\/p>\n<p>Unter anderem geeignet zum Mitbrennen in Silver Clay, Art Clay Silver, Metal Clay, anderen Clays und Harz.<\/p>\n<p>Pro 5 St\u00fcck<\/p>\n","protected":false},"excerpt":{"rendered":"<p>Flache Schraub\u00f6se aus Kupfer. Geeignet zum Mitbrennen in Kupferton. <\/p>\n<p>Durchmesser der \u00d6se 2,5 mm<\/p>\n<p>Unter anderem geeignet zum Mitbrennen in Silver Clay, Art Clay Silver, Metal Clay, anderen Clays und Harz.<\/p>\n","protected":false},"featured_media":19494,"comment_status":"closed","ping_status":"closed","template":"","meta":{"_acf_changed":false,"_seopress_robots_primary_cat":"none","_seopress_titles_title":"","_seopress_titles_desc":"","_seopress_robots_index":""},"more":[],"product_brand":[6595,6518],"product_cat":[12313,9913,11006,7996],"product_tag":[6488,10393,6924,14337,12827,16656,7387,13002,16665,16662,10034,16660,12326,7017,9398,9399,10823,16661,6994,7171,16165,16657,16663,12316,14359,7131,16664,6775,7019,16655,11528,6682,6891,11182,12314,12518,9425,16654,8532,6432,6926,12521,6417,6671,6812,9383,6996,12786,6920,12107,16659,16658,14358,6694,6814,6429],"class_list":{"0":"post-19490","1":"product","2":"type-product","3":"status-publish","4":"has-post-thumbnail","6":"product_brand-coole-tools","7":"product_brand-prometheus","8":"product_cat-anhangerosen-bugel-und-schraubosen","9":"product_cat-led-und-uv-harz","10":"product_cat-teile-die-fur-das-co-brennen-mit-metallton-geeignet-sind","11":"product_cat-werkzeuge-und-zubehor-fur-glas","12":"product_tag-6488","13":"product_tag-acrylharz","14":"product_tag-anhanger-2","15":"product_tag-anhanger-5","16":"product_tag-anhanger-zum-selbermachen","17":"product_tag-befestigung","18":"product_tag-bronze","19":"product_tag-bronzeschmuck-3","20":"product_tag-bronzeschmuck-4","21":"product_tag-edelsteine-5","22":"product_tag-epoxid","23":"product_tag-epoxid-anhanger-epoxid-schmuck","24":"product_tag-ey","25":"product_tag-fur","26":"product_tag-glas-anhanger","27":"product_tag-glasanhanger","28":"product_tag-glasschmuck-2","29":"product_tag-glasschmuck-3","30":"product_tag-gut","31":"product_tag-gut-2","32":"product_tag-halb-gebohrt","33":"product_tag-halb-gebohrt-2","34":"product_tag-harz-3","35":"product_tag-kaution","36":"product_tag-kaution-3","37":"product_tag-kupfer","38":"product_tag-kupferschmuck","39":"product_tag-kurzwarengeschaft","40":"product_tag-liefert","41":"product_tag-mutze-2","42":"product_tag-naturstein-perle","43":"product_tag-ohrringe","44":"product_tag-online-shop","45":"product_tag-osen-verbinden","46":"product_tag-pendelauge","47":"product_tag-pendelauge-2","48":"product_tag-perle","49":"product_tag-perlenmutze","50":"product_tag-perlenmutzen","51":"product_tag-real","52":"product_tag-rein-2","53":"product_tag-schraubose","54":"product_tag-silber","55":"product_tag-silber-2","56":"product_tag-silber-3","57":"product_tag-solide","58":"product_tag-sollid","59":"product_tag-springend","60":"product_tag-sterling","61":"product_tag-stift","62":"product_tag-unsichtbar-2","63":"product_tag-verborgener-anhanger-auge","64":"product_tag-versteckt","65":"product_tag-von","66":"product_tag-webshop","67":"product_tag-wirklich","68":"product_shipping_class-standard","70":"first","71":"instock","72":"taxable","73":"shipping-taxable","74":"purchasable","75":"product-type-simple"},"acf":[],"_links":{"self":[{"href":"https:\/\/esquell.eu\/de\/wp-json\/wp\/v2\/product\/19490","targetHints":{"allow":["GET"]}}],"collection":[{"href":"https:\/\/esquell.eu\/de\/wp-json\/wp\/v2\/product"}],"about":[{"href":"https:\/\/esquell.eu\/de\/wp-json\/wp\/v2\/types\/product"}],"replies":[{"embeddable":true,"href":"https:\/\/esquell.eu\/de\/wp-json\/wp\/v2\/comments?post=19490"}],"wp:featuredmedia":[{"embeddable":true,"href":"https:\/\/esquell.eu\/de\/wp-json\/wp\/v2\/media\/19494"}],"wp:attachment":[{"href":"https:\/\/esquell.eu\/de\/wp-json\/wp\/v2\/media?parent=19490"}],"wp:term":[{"taxonomy":"more","embeddable":true,"href":"https:\/\/esquell.eu\/de\/wp-json\/wp\/v2\/more?post=19490"},{"taxonomy":"product_brand","embeddable":true,"href":"https:\/\/esquell.eu\/de\/wp-json\/wp\/v2\/product_brand?post=19490"},{"taxonomy":"product_cat","embeddable":true,"href":"https:\/\/esquell.eu\/de\/wp-json\/wp\/v2\/product_cat?post=19490"},{"taxonomy":"product_tag","embeddable":true,"href":"https:\/\/esquell.eu\/de\/wp-json\/wp\/v2\/product_tag?post=19490"}],"curies":[{"name":"wp","href":"https:\/\/api.w.org\/{rel}","templated":true}]}}