{"id":19486,"date":"2025-05-01T21:04:57","date_gmt":"2025-05-01T21:04:57","guid":{"rendered":"https:\/\/esquell.eu\/product\/flache-schrauboese-9-mm-medium-10-stueck-standard-990-silber-ok-006\/"},"modified":"2025-12-22T10:49:29","modified_gmt":"2025-12-22T10:49:29","slug":"flache-schrauboese-9-mm-medium-10-stueck-standard-990-silber-ok-006","status":"publish","type":"product","link":"https:\/\/esquell.eu\/de\/produkt\/flache-schrauboese-9-mm-medium-10-stueck-standard-990-silber-ok-006\/","title":{"rendered":"Flache Schraub\u00f6se 9 mm Medium 10 St\u00fcck Standard. 990 Silber (OK-006)"},"content":{"rendered":"<p>Flache Schraub\u00f6se aus Feinsilber.<br \/>\n990 Silber<\/p>\n<p>Standardqualit\u00e4t.<br \/>\n10 St\u00fcck in einem Beutel.<br \/>\nGesamtl\u00e4nge 9 mm, \u00d6se 2 mm. (Mittel) <\/p>\n<p>Unter anderem geeignet zum Mitbrennen in Silver Clay, Art Clay Silver, Metal Clay, anderen Clays und Harz.<\/p>\n","protected":false},"excerpt":{"rendered":"<p>Flache Schraub\u00f6se (klein) aus reinem Silber (SV1000), Beutel mit 10 St\u00fcck.<\/p>\n<p>Gesamtl\u00e4nge 6 mm, \u00d6se 1 mm.<\/p>\n<p>Geeignet zum Mitbrennen in Silberton, Metallton, anderen Tonarten und zur Verarbeitung in Resinschmuck, u.a.<\/p>\n<p>Sehen Sie sich das Video f\u00fcr eine detaillierte Erkl\u00e4rung an<\/p>\n","protected":false},"featured_media":19489,"comment_status":"closed","ping_status":"closed","template":"","meta":{"_acf_changed":false,"_seopress_robots_primary_cat":"none","_seopress_titles_title":"","_seopress_titles_desc":"","_seopress_robots_index":""},"more":[],"product_brand":[6518],"product_cat":[12313,9913,11006,7996],"product_tag":[6488,14337,6924,12827,16656,7387,16662,16660,12326,7017,9398,9399,16661,10823,6994,7171,16657,16165,12316,14359,6775,7019,16655,11528,6682,6891,11182,12314,12518,9425,16654,8532,6432,6926,12521,6812,6671,6417,9383,6996,12786,6920,12107,16659,16658,14358,6694,6814,6429],"class_list":{"0":"post-19486","1":"product","2":"type-product","3":"status-publish","4":"has-post-thumbnail","6":"product_brand-prometheus","7":"product_cat-anhangerosen-bugel-und-schraubosen","8":"product_cat-led-und-uv-harz","9":"product_cat-teile-die-fur-das-co-brennen-mit-metallton-geeignet-sind","10":"product_cat-werkzeuge-und-zubehor-fur-glas","11":"product_tag-6488","12":"product_tag-anhanger-5","13":"product_tag-anhanger-2","14":"product_tag-anhanger-zum-selbermachen","15":"product_tag-befestigung","16":"product_tag-bronze","17":"product_tag-edelsteine-5","18":"product_tag-epoxid-anhanger-epoxid-schmuck","19":"product_tag-ey","20":"product_tag-fur","21":"product_tag-glas-anhanger","22":"product_tag-glasanhanger","23":"product_tag-glasschmuck-3","24":"product_tag-glasschmuck-2","25":"product_tag-gut","26":"product_tag-gut-2","27":"product_tag-halb-gebohrt-2","28":"product_tag-halb-gebohrt","29":"product_tag-kaution","30":"product_tag-kaution-3","31":"product_tag-kurzwarengeschaft","32":"product_tag-liefert","33":"product_tag-mutze-2","34":"product_tag-naturstein-perle","35":"product_tag-ohrringe","36":"product_tag-online-shop","37":"product_tag-osen-verbinden","38":"product_tag-pendelauge","39":"product_tag-pendelauge-2","40":"product_tag-perle","41":"product_tag-perlenmutze","42":"product_tag-perlenmutzen","43":"product_tag-real","44":"product_tag-rein-2","45":"product_tag-schraubose","46":"product_tag-silber-3","47":"product_tag-silber-2","48":"product_tag-silber","49":"product_tag-solide","50":"product_tag-sollid","51":"product_tag-springend","52":"product_tag-sterling","53":"product_tag-stift","54":"product_tag-unsichtbar-2","55":"product_tag-verborgener-anhanger-auge","56":"product_tag-versteckt","57":"product_tag-von","58":"product_tag-webshop","59":"product_tag-wirklich","60":"product_shipping_class-standard","62":"first","63":"outofstock","64":"taxable","65":"shipping-taxable","66":"purchasable","67":"product-type-simple"},"acf":[],"_links":{"self":[{"href":"https:\/\/esquell.eu\/de\/wp-json\/wp\/v2\/product\/19486","targetHints":{"allow":["GET"]}}],"collection":[{"href":"https:\/\/esquell.eu\/de\/wp-json\/wp\/v2\/product"}],"about":[{"href":"https:\/\/esquell.eu\/de\/wp-json\/wp\/v2\/types\/product"}],"replies":[{"embeddable":true,"href":"https:\/\/esquell.eu\/de\/wp-json\/wp\/v2\/comments?post=19486"}],"wp:featuredmedia":[{"embeddable":true,"href":"https:\/\/esquell.eu\/de\/wp-json\/wp\/v2\/media\/19489"}],"wp:attachment":[{"href":"https:\/\/esquell.eu\/de\/wp-json\/wp\/v2\/media?parent=19486"}],"wp:term":[{"taxonomy":"more","embeddable":true,"href":"https:\/\/esquell.eu\/de\/wp-json\/wp\/v2\/more?post=19486"},{"taxonomy":"product_brand","embeddable":true,"href":"https:\/\/esquell.eu\/de\/wp-json\/wp\/v2\/product_brand?post=19486"},{"taxonomy":"product_cat","embeddable":true,"href":"https:\/\/esquell.eu\/de\/wp-json\/wp\/v2\/product_cat?post=19486"},{"taxonomy":"product_tag","embeddable":true,"href":"https:\/\/esquell.eu\/de\/wp-json\/wp\/v2\/product_tag?post=19486"}],"curies":[{"name":"wp","href":"https:\/\/api.w.org\/{rel}","templated":true}]}}