{"id":19482,"date":"2025-05-01T21:22:28","date_gmt":"2025-05-01T21:22:28","guid":{"rendered":"https:\/\/esquell.eu\/product\/art-clay-schrauboese-gross-fuer-austauschbaren-schmuck-k-1003\/"},"modified":"2025-12-22T10:50:09","modified_gmt":"2025-12-22T10:50:09","slug":"art-clay-schrauboese-gross-fuer-austauschbaren-schmuck-k-1003","status":"publish","type":"product","link":"https:\/\/esquell.eu\/de\/produkt\/art-clay-schrauboese-gross-fuer-austauschbaren-schmuck-k-1003\/","title":{"rendered":"Art Clay Schraub\u00f6se gro\u00df f\u00fcr austauschbaren Schmuck. K-1003"},"content":{"rendered":"<p>Art Clay Schraub\u00f6se gro\u00df f\u00fcr austauschbaren Schmuck. \u00d6se 6 mm <\/p>\n<p>Rhodiniertes Messing<\/p>\n<p>Dieser Faden aus Feinsilber kann in Silver Clay und Copper Clay gebrannt werden.<\/p>\n<p>Zur Kombination mit <a href=\"https:\/\/esquell.eu\/de\/produkt\/art-clay-gewindesockel-fuer-austauschbaren-schmuck-k-1007-verpackt-zu-10-stueck\/?preview_id=6422&#038;preview_nonce=8596496bc9&#038;_thumbnail_id=6425&#038;preview=true\">Art Clay Fadenbasis <\/a> <\/p>\n<p>&nbsp;<\/p>\n<p>&nbsp;<\/p>\n<p>&nbsp;<\/p>\n","protected":false},"excerpt":{"rendered":"<p>Art Clay Schraub\u00f6se gro\u00df f\u00fcr austauschbaren Schmuck. \u00d6se 6 mm <\/p>\n<p>Rhodiniertes Messing<\/p>\n<p>Dieser Faden aus Feinsilber kann in Silver Clay und Copper Clay gebrannt werden.<\/p>\n<p>Zur Kombination mit <a href=\"https:\/\/esquell.eu\/de\/produkt\/art-clay-gewindesockel-fuer-austauschbaren-schmuck-k-1007-verpackt-zu-10-stueck\/?preview_id=6422&#038;preview_nonce=8596496bc9&#038;_thumbnail_id=6425&#038;preview=true\">Art Clay Fadenbasis <\/a> <\/p>\n","protected":false},"featured_media":19462,"comment_status":"closed","ping_status":"closed","template":"","meta":{"_acf_changed":false,"_seopress_robots_primary_cat":"none","_seopress_titles_title":"","_seopress_titles_desc":"","_seopress_robots_index":""},"more":[],"product_brand":[6413],"product_cat":[12313,9913,11006,7996],"product_tag":[6488,10393,14198,6924,14337,12827,9401,16666,16656,7387,13002,16665,16662,10034,16660,12326,7017,9398,9399,10823,16661,6994,7171,16165,16657,16663,12316,14359,7131,16664,6775,7019,16655,11528,6682,6891,11182,12314,12518,9425,16654,8532,6432,6926,7021,12521,6417,6671,6812,9383,6996,12786,6920,12107,16659,16658,14358,6694,6814,6429],"class_list":{"0":"post-19482","1":"product","2":"type-product","3":"status-publish","4":"has-post-thumbnail","6":"product_brand-acs","7":"product_cat-anhangerosen-bugel-und-schraubosen","8":"product_cat-led-und-uv-harz","9":"product_cat-teile-die-fur-das-co-brennen-mit-metallton-geeignet-sind","10":"product_cat-werkzeuge-und-zubehor-fur-glas","11":"product_tag-6488","12":"product_tag-acrylharz","13":"product_tag-andern-2","14":"product_tag-anhanger-2","15":"product_tag-anhanger-5","16":"product_tag-anhanger-zum-selbermachen","17":"product_tag-austauschbar","18":"product_tag-austauschbarer-schmuck","19":"product_tag-befestigung","20":"product_tag-bronze","21":"product_tag-bronzeschmuck-3","22":"product_tag-bronzeschmuck-4","23":"product_tag-edelsteine-5","24":"product_tag-epoxid","25":"product_tag-epoxid-anhanger-epoxid-schmuck","26":"product_tag-ey","27":"product_tag-fur","28":"product_tag-glas-anhanger","29":"product_tag-glasanhanger","30":"product_tag-glasschmuck-2","31":"product_tag-glasschmuck-3","32":"product_tag-gut","33":"product_tag-gut-2","34":"product_tag-halb-gebohrt","35":"product_tag-halb-gebohrt-2","36":"product_tag-harz-3","37":"product_tag-kaution","38":"product_tag-kaution-3","39":"product_tag-kupfer","40":"product_tag-kupferschmuck","41":"product_tag-kurzwarengeschaft","42":"product_tag-liefert","43":"product_tag-mutze-2","44":"product_tag-naturstein-perle","45":"product_tag-ohrringe","46":"product_tag-online-shop","47":"product_tag-osen-verbinden","48":"product_tag-pendelauge","49":"product_tag-pendelauge-2","50":"product_tag-perle","51":"product_tag-perlenmutze","52":"product_tag-perlenmutzen","53":"product_tag-real","54":"product_tag-rein-2","55":"product_tag-schmuck-3","56":"product_tag-schraubose","57":"product_tag-silber","58":"product_tag-silber-2","59":"product_tag-silber-3","60":"product_tag-solide","61":"product_tag-sollid","62":"product_tag-springend","63":"product_tag-sterling","64":"product_tag-stift","65":"product_tag-unsichtbar-2","66":"product_tag-verborgener-anhanger-auge","67":"product_tag-versteckt","68":"product_tag-von","69":"product_tag-webshop","70":"product_tag-wirklich","71":"product_shipping_class-standard","73":"first","74":"instock","75":"taxable","76":"shipping-taxable","77":"purchasable","78":"product-type-simple"},"acf":[],"_links":{"self":[{"href":"https:\/\/esquell.eu\/de\/wp-json\/wp\/v2\/product\/19482","targetHints":{"allow":["GET"]}}],"collection":[{"href":"https:\/\/esquell.eu\/de\/wp-json\/wp\/v2\/product"}],"about":[{"href":"https:\/\/esquell.eu\/de\/wp-json\/wp\/v2\/types\/product"}],"replies":[{"embeddable":true,"href":"https:\/\/esquell.eu\/de\/wp-json\/wp\/v2\/comments?post=19482"}],"wp:featuredmedia":[{"embeddable":true,"href":"https:\/\/esquell.eu\/de\/wp-json\/wp\/v2\/media\/19462"}],"wp:attachment":[{"href":"https:\/\/esquell.eu\/de\/wp-json\/wp\/v2\/media?parent=19482"}],"wp:term":[{"taxonomy":"more","embeddable":true,"href":"https:\/\/esquell.eu\/de\/wp-json\/wp\/v2\/more?post=19482"},{"taxonomy":"product_brand","embeddable":true,"href":"https:\/\/esquell.eu\/de\/wp-json\/wp\/v2\/product_brand?post=19482"},{"taxonomy":"product_cat","embeddable":true,"href":"https:\/\/esquell.eu\/de\/wp-json\/wp\/v2\/product_cat?post=19482"},{"taxonomy":"product_tag","embeddable":true,"href":"https:\/\/esquell.eu\/de\/wp-json\/wp\/v2\/product_tag?post=19482"}],"curies":[{"name":"wp","href":"https:\/\/api.w.org\/{rel}","templated":true}]}}