{"id":19456,"date":"2025-05-01T21:38:42","date_gmt":"2025-05-01T21:38:42","guid":{"rendered":"https:\/\/esquell.eu\/product\/buegel-innengroesse-ca-6-32-mm-925-silber-pro-5-stueck-premium-acs-k-0016\/"},"modified":"2025-05-01T21:38:42","modified_gmt":"2025-05-01T21:38:42","slug":"buegel-innengroesse-ca-6-32-mm-925-silber-pro-5-stueck-premium-acs-k-0016","status":"publish","type":"product","link":"https:\/\/esquell.eu\/de\/produkt\/buegel-innengroesse-ca-6-32-mm-925-silber-pro-5-stueck-premium-acs-k-0016\/","title":{"rendered":"B\u00fcgel, Innengr\u00f6\u00dfe ca. 6 * 3,2 mm. 925 Silber Pro 5 St\u00fcck Premium ACS (K-0016)"},"content":{"rendered":"<p>B\u00fcgel, Anh\u00e4nger\u00f6se<br \/>\nInnenma\u00df 6&#215;3,2mm L\u00e4nge ca. 7,5 mm<\/p>\n<p>Verpackt zu 5 St\u00fcck<\/p>\n<p>Einrastbar.<br \/>\nEinfach zu montieren, ohne auf die Gr\u00f6\u00dfe\/Dicke des Verschlusses achten zu m\u00fcssen.<br \/>\nDiese Anh\u00e4nger\u00f6se kann an jeder beliebigen Stelle auf die Kette geschoben werden.<\/p>\n<p>Verarbeitung gl\u00e4nzend<\/p>\n<p>925 Silber<\/p>\n<p>&nbsp;<\/p>\n","protected":false},"excerpt":{"rendered":"<p>B\u00fcgel, Anh\u00e4nger\u00f6se<br \/>\nInnenma\u00df 6&#215;3,2mm L\u00e4nge ca. 7,5 mm<\/p>\n<p>Verpackt zu 5 St\u00fcck<\/p>\n<p>Einrastbar.<br \/>\nEinfach zu montieren, ohne auf die Gr\u00f6\u00dfe\/Dicke des Verschlusses achten zu m\u00fcssen.<br \/>\nDiese Anh\u00e4nger\u00f6se kann an jeder beliebigen Stelle auf die Kette geschoben werden.<\/p>\n<p>Verarbeitung gl\u00e4nzend<\/p>\n<p>925 Silber<\/p>\n<p>&nbsp;<\/p>\n","protected":false},"featured_media":6431,"comment_status":"closed","ping_status":"closed","template":"","meta":{"_acf_changed":false,"_seopress_robots_primary_cat":"none","_seopress_titles_title":"","_seopress_titles_desc":"","_seopress_robots_index":""},"more":[],"product_brand":[6413],"product_cat":[12313],"product_tag":[6488,10393,14198,14337,6924,12827,9401,16666,16656,7387,13002,16665,16662,10034,16660,12326,7017,9398,9399,10823,16661,6994,7171,16165,16657,16663,12316,14359,7131,16664,6775,7019,16655,11528,6682,6891,11182,12314,12518,9425,16654,8532,6432,6926,7021,12521,6417,6671,6812,9383,6996,12786,6920,12107,16659,16658,14358,6694,6814,6429],"class_list":{"0":"post-19456","1":"product","2":"type-product","3":"status-publish","4":"has-post-thumbnail","6":"product_brand-acs","7":"product_cat-anhangerosen-bugel-und-schraubosen","8":"product_tag-6488","9":"product_tag-acrylharz","10":"product_tag-andern-2","11":"product_tag-anhanger-5","12":"product_tag-anhanger-2","13":"product_tag-anhanger-zum-selbermachen","14":"product_tag-austauschbar","15":"product_tag-austauschbarer-schmuck","16":"product_tag-befestigung","17":"product_tag-bronze","18":"product_tag-bronzeschmuck-3","19":"product_tag-bronzeschmuck-4","20":"product_tag-edelsteine-5","21":"product_tag-epoxid","22":"product_tag-epoxid-anhanger-epoxid-schmuck","23":"product_tag-ey","24":"product_tag-fur","25":"product_tag-glas-anhanger","26":"product_tag-glasanhanger","27":"product_tag-glasschmuck-2","28":"product_tag-glasschmuck-3","29":"product_tag-gut","30":"product_tag-gut-2","31":"product_tag-halb-gebohrt","32":"product_tag-halb-gebohrt-2","33":"product_tag-harz-3","34":"product_tag-kaution","35":"product_tag-kaution-3","36":"product_tag-kupfer","37":"product_tag-kupferschmuck","38":"product_tag-kurzwarengeschaft","39":"product_tag-liefert","40":"product_tag-mutze-2","41":"product_tag-naturstein-perle","42":"product_tag-ohrringe","43":"product_tag-online-shop","44":"product_tag-osen-verbinden","45":"product_tag-pendelauge","46":"product_tag-pendelauge-2","47":"product_tag-perle","48":"product_tag-perlenmutze","49":"product_tag-perlenmutzen","50":"product_tag-real","51":"product_tag-rein-2","52":"product_tag-schmuck-3","53":"product_tag-schraubose","54":"product_tag-silber","55":"product_tag-silber-2","56":"product_tag-silber-3","57":"product_tag-solide","58":"product_tag-sollid","59":"product_tag-springend","60":"product_tag-sterling","61":"product_tag-stift","62":"product_tag-unsichtbar-2","63":"product_tag-verborgener-anhanger-auge","64":"product_tag-versteckt","65":"product_tag-von","66":"product_tag-webshop","67":"product_tag-wirklich","68":"product_shipping_class-standard","70":"first","71":"instock","72":"taxable","73":"shipping-taxable","74":"purchasable","75":"product-type-simple"},"acf":[],"_links":{"self":[{"href":"https:\/\/esquell.eu\/de\/wp-json\/wp\/v2\/product\/19456","targetHints":{"allow":["GET"]}}],"collection":[{"href":"https:\/\/esquell.eu\/de\/wp-json\/wp\/v2\/product"}],"about":[{"href":"https:\/\/esquell.eu\/de\/wp-json\/wp\/v2\/types\/product"}],"replies":[{"embeddable":true,"href":"https:\/\/esquell.eu\/de\/wp-json\/wp\/v2\/comments?post=19456"}],"wp:featuredmedia":[{"embeddable":true,"href":"https:\/\/esquell.eu\/de\/wp-json\/wp\/v2\/media\/6431"}],"wp:attachment":[{"href":"https:\/\/esquell.eu\/de\/wp-json\/wp\/v2\/media?parent=19456"}],"wp:term":[{"taxonomy":"more","embeddable":true,"href":"https:\/\/esquell.eu\/de\/wp-json\/wp\/v2\/more?post=19456"},{"taxonomy":"product_brand","embeddable":true,"href":"https:\/\/esquell.eu\/de\/wp-json\/wp\/v2\/product_brand?post=19456"},{"taxonomy":"product_cat","embeddable":true,"href":"https:\/\/esquell.eu\/de\/wp-json\/wp\/v2\/product_cat?post=19456"},{"taxonomy":"product_tag","embeddable":true,"href":"https:\/\/esquell.eu\/de\/wp-json\/wp\/v2\/product_tag?post=19456"}],"curies":[{"name":"wp","href":"https:\/\/api.w.org\/{rel}","templated":true}]}}