{"id":19345,"date":"2025-05-03T12:29:59","date_gmt":"2025-05-03T12:29:59","guid":{"rendered":"https:\/\/esquell.eu\/product\/flachdraht-aus-messing-verschiedene-dicken\/"},"modified":"2026-02-14T10:04:54","modified_gmt":"2026-02-14T10:04:54","slug":"flachdraht-aus-messing-verschiedene-dicken","status":"publish","type":"product","link":"https:\/\/esquell.eu\/de\/produkt\/flachdraht-aus-messing-verschiedene-dicken\/","title":{"rendered":"Flachdraht aus Messing, verschiedene Dicken."},"content":{"rendered":"<p>Messingdraht flach Verschiedene Dicken<\/p>\n<p>Kann u.a. als Fassungsdraht verwendet werden, um Fassungen f\u00fcr Cabochons und andere Steine herzustellen.<\/p>\n<p>Die dickeren Typen k\u00f6nnen auch als Basisdraht f\u00fcr Ringb\u00fccher usw. verwendet werden.<\/p>\n<p>L\u00e4nge 1 Meter<\/p>\n<p>Messing ist Gold wert.<\/p>\n<p>Blei- und nickelfrei.<\/p>\n<p><strong>Messing<\/strong> oder gelbes Kupfer ist eine <strong>Legierung<\/strong> aus <strong>Kupfer<\/strong> (55-70%) und <strong>Zink<\/strong> (45-30%).<\/p>\n<p>Die bestellte L\u00e4nge wird, soweit m\u00f6glich, in 1 L\u00e4nge geliefert.<br \/>\nWenn Sie wirklich 1 L\u00e4nge ben\u00f6tigen, geben Sie dies bitte bei der Bestellung im Kommentarfeld an.<\/p>\n<p>Nicht genug vorr\u00e4tig? Dann schicken Sie eine E-Mail an info@esquell.eu. Wenn m\u00f6glich, bestellen wir es f\u00fcr Sie. <\/p>\n","protected":false},"excerpt":{"rendered":"<p>Er kann unter anderem als Fassungsdraht verwendet werden, um Fassungen f\u00fcr Cabochons und andere Steine herzustellen.<\/p>\n<p>Die dickeren Typen k\u00f6nnen auch als Basisdraht f\u00fcr Ringbinder usw. verwendet werden.<\/p>\n<p>L\u00e4nge 1 Meter<\/p>\n<p>Messing ist goldfarben.<\/p>\n<p>Blei- und nickelfrei.<\/p>\n","protected":false},"featured_media":19352,"comment_status":"closed","ping_status":"closed","template":"","meta":{"_acf_changed":false,"_seopress_robots_primary_cat":"none","_seopress_titles_title":"","_seopress_titles_desc":"","_seopress_robots_index":""},"more":[],"product_brand":[6365],"product_cat":[12388],"product_tag":[6942,6948,7798,6817,12741,6438,6944,7812,6458,6790,6887,6840,7387,6903,12738,6494,16763,7736,8508,12422,6826,7799,8545,12296,7953,8535,7802,6895,7672,12510,6842,7559,9027,6824,6830,15708,8679,6822,6897,6786,6885,7131,8394,12405,16648,16713,7137,10740,6950,6844,6421,9539,10730,16723,20658,10736,6444,9250,12395,12739,6455,8395,6788,6828,8001,7674,12710,7133,12509,16761,13322,16764,16762,12503,6419,8500,12736,10470,6899,9417,6889,6490,8608,6556,7511,6893,6784,6795,7575,6814,11180,6783,16731,7735,7796],"class_list":{"0":"post-19345","1":"product","2":"type-product","3":"status-publish","4":"has-post-thumbnail","6":"product_brand-l1","7":"product_cat-kupfer-bronze-messing-rostfreier-stahl","8":"product_tag-alkmaar","9":"product_tag-almere","10":"product_tag-amersfoort","11":"product_tag-amsterdam","12":"product_tag-arhnem","13":"product_tag-artclaysilver","14":"product_tag-assen","15":"product_tag-beilen","16":"product_tag-belgien","17":"product_tag-bestellung","18":"product_tag-biegsames-silber","19":"product_tag-brabant","20":"product_tag-bronze","21":"product_tag-bronze-ton","22":"product_tag-bronzedraht","23":"product_tag-diy","24":"product_tag-diyrings","25":"product_tag-doityourself","26":"product_tag-draht","27":"product_tag-draht-2","28":"product_tag-drenthe","29":"product_tag-eindhoven","30":"product_tag-einkaufen-3","31":"product_tag-einstelldraht","32":"product_tag-einstellung","33":"product_tag-einstellung-2","34":"product_tag-enschede","35":"product_tag-es","36":"product_tag-fimo","37":"product_tag-flachdraht","38":"product_tag-flevoland","39":"product_tag-formbare-bronze","40":"product_tag-formbarem-kupfer","41":"product_tag-friesland","42":"product_tag-gelderland","43":"product_tag-goldfarben","44":"product_tag-google","45":"product_tag-groningen","46":"product_tag-ihr","47":"product_tag-kaufen","48":"product_tag-kaufen-2","49":"product_tag-kupfer","50":"product_tag-kupfer-3","51":"product_tag-kupferdraht","52":"product_tag-kupferdraht-3","53":"product_tag-kupferdraht-4","54":"product_tag-kupferton-2","55":"product_tag-legierung","56":"product_tag-lelystad","57":"product_tag-limburg","58":"product_tag-machen","59":"product_tag-messing","60":"product_tag-messing-2","61":"product_tag-messingdraht","62":"product_tag-messingdraht-2","63":"product_tag-messingplatte","64":"product_tag-metalclay","65":"product_tag-metalclaydays","66":"product_tag-metalldraht","67":"product_tag-metalldraht-2","68":"product_tag-niederlande","69":"product_tag-nordholland","70":"product_tag-online","71":"product_tag-overijssel","72":"product_tag-pmc","73":"product_tag-polymer-clay","74":"product_tag-polymer-schmuck","75":"product_tag-prometheus","76":"product_tag-ringbuch","77":"product_tag-ringbuchdraht","78":"product_tag-ringe-machen","79":"product_tag-ringe-machen-2","80":"product_tag-schenendraad","81":"product_tag-schienbeinriemen","82":"product_tag-schmuck","83":"product_tag-schmuck-selber-machen","84":"product_tag-schmuckdraht","85":"product_tag-schmuckherstellung-2","86":"product_tag-selbst","87":"product_tag-selbstgemachter-schmuck","88":"product_tag-shop","89":"product_tag-silberton","90":"product_tag-sudholland","91":"product_tag-ton-3","92":"product_tag-tonschmuck","93":"product_tag-tun","94":"product_tag-unter-2","95":"product_tag-utrecht","96":"product_tag-uv-harz","97":"product_tag-webshop","98":"product_tag-wirewrapping","99":"product_tag-wobei","100":"product_tag-zink","101":"product_tag-zu-verkaufen","102":"product_tag-zwolle","103":"product_shipping_class-standard","104":"pa_draaddikte-02-mm","105":"pa_draaddikte-05-mm","106":"pa_draaddikte-07-mm","107":"pa_draaddikte-08-mm","108":"pa_draaddikte-1-mm","109":"pa_draaddikte-15-mm","110":"pa_draaddikte-101-mm","111":"pa_draaddikte-21-mm","112":"pa_draaddikte-3025-mm","113":"pa_draaddikte-31-mm","114":"pa_draaddikte-41-mm","115":"pa_draaddikte-51-mm","116":"pa_draaddikte-6025-mm","118":"first","119":"instock","120":"taxable","121":"shipping-taxable","122":"purchasable","123":"product-type-variable"},"acf":[],"_links":{"self":[{"href":"https:\/\/esquell.eu\/de\/wp-json\/wp\/v2\/product\/19345","targetHints":{"allow":["GET"]}}],"collection":[{"href":"https:\/\/esquell.eu\/de\/wp-json\/wp\/v2\/product"}],"about":[{"href":"https:\/\/esquell.eu\/de\/wp-json\/wp\/v2\/types\/product"}],"replies":[{"embeddable":true,"href":"https:\/\/esquell.eu\/de\/wp-json\/wp\/v2\/comments?post=19345"}],"wp:featuredmedia":[{"embeddable":true,"href":"https:\/\/esquell.eu\/de\/wp-json\/wp\/v2\/media\/19352"}],"wp:attachment":[{"href":"https:\/\/esquell.eu\/de\/wp-json\/wp\/v2\/media?parent=19345"}],"wp:term":[{"taxonomy":"more","embeddable":true,"href":"https:\/\/esquell.eu\/de\/wp-json\/wp\/v2\/more?post=19345"},{"taxonomy":"product_brand","embeddable":true,"href":"https:\/\/esquell.eu\/de\/wp-json\/wp\/v2\/product_brand?post=19345"},{"taxonomy":"product_cat","embeddable":true,"href":"https:\/\/esquell.eu\/de\/wp-json\/wp\/v2\/product_cat?post=19345"},{"taxonomy":"product_tag","embeddable":true,"href":"https:\/\/esquell.eu\/de\/wp-json\/wp\/v2\/product_tag?post=19345"}],"curies":[{"name":"wp","href":"https:\/\/api.w.org\/{rel}","templated":true}]}}