{"id":19283,"date":"2025-05-03T12:13:21","date_gmt":"2025-05-03T12:13:21","guid":{"rendered":"https:\/\/esquell.eu\/product\/kupferdraht-verschiedene-dicken-preis-pro-meter\/"},"modified":"2025-05-03T12:13:21","modified_gmt":"2025-05-03T12:13:21","slug":"kupferdraht-verschiedene-dicken-preis-pro-meter","status":"publish","type":"product","link":"https:\/\/esquell.eu\/de\/produkt\/kupferdraht-verschiedene-dicken-preis-pro-meter\/","title":{"rendered":"Kupferdraht Verschiedene Dicken Preis pro Meter"},"content":{"rendered":"<p>Kupferdraht 99,9% reines Kupfer. Preis und Kauf pro Meter <\/p>\n<p>Die bestellte L\u00e4nge wird, soweit m\u00f6glich, in 1 L\u00e4nge geliefert.<br \/>\nWenn Sie wirklich 1 L\u00e4nge ben\u00f6tigen, geben Sie dies bitte bei der Bestellung im Kommentarfeld an.<\/p>\n<p>Nicht genug vorr\u00e4tig? Dann schicken Sie eine E-Mail an info@esquell.eu. Wenn m\u00f6glich, bestellen wir es f\u00fcr Sie. <\/p>\n","protected":false},"excerpt":{"rendered":"<p>Kupferdraht 99,9% reines Kupfer. Preis und Kauf pro Meter <\/p>\n<p>Die bestellte L\u00e4nge wird, soweit m\u00f6glich, in 1 L\u00e4nge geliefert.<br \/>\nWenn Sie wirklich 1 L\u00e4nge ben\u00f6tigen, geben Sie dies bitte bei der Bestellung im Kommentarfeld an.<\/p>\n<p>Nicht genug vorr\u00e4tig? Dann schicken Sie eine E-Mail an info@esquell.eu. Wenn m\u00f6glich, bestellen wir es f\u00fcr Sie. <\/p>\n","protected":false},"featured_media":6587,"comment_status":"closed","ping_status":"closed","template":"","meta":{"_acf_changed":false,"_seopress_robots_primary_cat":"none","_seopress_titles_title":"","_seopress_titles_desc":"","_seopress_robots_index":""},"more":[],"product_brand":[6703],"product_cat":[12388],"product_tag":[6942,6948,7798,6817,12741,6438,6944,7812,6458,6790,6887,6840,7387,6903,12738,6494,7736,8508,12422,6826,7799,8545,7802,6895,7672,6842,7559,9027,6824,6830,8679,6822,6897,6786,6885,7131,8394,12405,16648,16713,7137,6950,6844,6421,6444,9250,12395,12739,6455,8395,6788,6828,8001,7674,12710,7133,6419,8500,12736,10470,6899,9417,6889,6490,8608,6556,7511,6893,6784,6795,7575,6814,11180,6783,7735,7796],"class_list":{"0":"post-19283","1":"product","2":"type-product","3":"status-publish","4":"has-post-thumbnail","6":"product_brand-bm","7":"product_cat-kupfer-bronze-messing-rostfreier-stahl","8":"product_tag-alkmaar","9":"product_tag-almere","10":"product_tag-amersfoort","11":"product_tag-amsterdam","12":"product_tag-arhnem","13":"product_tag-artclaysilver","14":"product_tag-assen","15":"product_tag-beilen","16":"product_tag-belgien","17":"product_tag-bestellung","18":"product_tag-biegsames-silber","19":"product_tag-brabant","20":"product_tag-bronze","21":"product_tag-bronze-ton","22":"product_tag-bronzedraht","23":"product_tag-diy","24":"product_tag-doityourself","25":"product_tag-draht","26":"product_tag-draht-2","27":"product_tag-drenthe","28":"product_tag-eindhoven","29":"product_tag-einkaufen-3","30":"product_tag-enschede","31":"product_tag-es","32":"product_tag-fimo","33":"product_tag-flevoland","34":"product_tag-formbare-bronze","35":"product_tag-formbarem-kupfer","36":"product_tag-friesland","37":"product_tag-gelderland","38":"product_tag-google","39":"product_tag-groningen","40":"product_tag-ihr","41":"product_tag-kaufen","42":"product_tag-kaufen-2","43":"product_tag-kupfer","44":"product_tag-kupfer-3","45":"product_tag-kupferdraht","46":"product_tag-kupferdraht-3","47":"product_tag-kupferdraht-4","48":"product_tag-kupferton-2","49":"product_tag-lelystad","50":"product_tag-limburg","51":"product_tag-machen","52":"product_tag-metalclay","53":"product_tag-metalclaydays","54":"product_tag-metalldraht","55":"product_tag-metalldraht-2","56":"product_tag-niederlande","57":"product_tag-nordholland","58":"product_tag-online","59":"product_tag-overijssel","60":"product_tag-pmc","61":"product_tag-polymer-clay","62":"product_tag-polymer-schmuck","63":"product_tag-prometheus","64":"product_tag-schmuck","65":"product_tag-schmuck-selber-machen","66":"product_tag-schmuckdraht","67":"product_tag-schmuckherstellung-2","68":"product_tag-selbst","69":"product_tag-selbstgemachter-schmuck","70":"product_tag-shop","71":"product_tag-silberton","72":"product_tag-sudholland","73":"product_tag-ton-3","74":"product_tag-tonschmuck","75":"product_tag-tun","76":"product_tag-unter-2","77":"product_tag-utrecht","78":"product_tag-uv-harz","79":"product_tag-webshop","80":"product_tag-wirewrapping","81":"product_tag-wobei","82":"product_tag-zu-verkaufen","83":"product_tag-zwolle","84":"product_shipping_class-standard","85":"pa_draaddikte-02-mm","86":"pa_draaddikte-05-mm","87":"pa_draaddikte-07-mm","88":"pa_draaddikte-08-mm","89":"pa_draaddikte-1-mm","90":"pa_draaddikte-15-mm","92":"first","93":"instock","94":"taxable","95":"shipping-taxable","96":"purchasable","97":"product-type-variable"},"acf":[],"_links":{"self":[{"href":"https:\/\/esquell.eu\/de\/wp-json\/wp\/v2\/product\/19283","targetHints":{"allow":["GET"]}}],"collection":[{"href":"https:\/\/esquell.eu\/de\/wp-json\/wp\/v2\/product"}],"about":[{"href":"https:\/\/esquell.eu\/de\/wp-json\/wp\/v2\/types\/product"}],"replies":[{"embeddable":true,"href":"https:\/\/esquell.eu\/de\/wp-json\/wp\/v2\/comments?post=19283"}],"wp:featuredmedia":[{"embeddable":true,"href":"https:\/\/esquell.eu\/de\/wp-json\/wp\/v2\/media\/6587"}],"wp:attachment":[{"href":"https:\/\/esquell.eu\/de\/wp-json\/wp\/v2\/media?parent=19283"}],"wp:term":[{"taxonomy":"more","embeddable":true,"href":"https:\/\/esquell.eu\/de\/wp-json\/wp\/v2\/more?post=19283"},{"taxonomy":"product_brand","embeddable":true,"href":"https:\/\/esquell.eu\/de\/wp-json\/wp\/v2\/product_brand?post=19283"},{"taxonomy":"product_cat","embeddable":true,"href":"https:\/\/esquell.eu\/de\/wp-json\/wp\/v2\/product_cat?post=19283"},{"taxonomy":"product_tag","embeddable":true,"href":"https:\/\/esquell.eu\/de\/wp-json\/wp\/v2\/product_tag?post=19283"}],"curies":[{"name":"wp","href":"https:\/\/api.w.org\/{rel}","templated":true}]}}