{"id":19272,"date":"2025-05-03T11:38:42","date_gmt":"2025-05-03T11:38:42","guid":{"rendered":"https:\/\/esquell.eu\/product\/natuerliche-barock-zuchtperlen-ohne-loch-sortiment-6-10-mm\/"},"modified":"2025-05-03T11:38:42","modified_gmt":"2025-05-03T11:38:42","slug":"natuerliche-barock-zuchtperlen-ohne-loch-sortiment-6-10-mm","status":"publish","type":"product","link":"https:\/\/esquell.eu\/de\/produkt\/natuerliche-barock-zuchtperlen-ohne-loch-sortiment-6-10-mm\/","title":{"rendered":"Nat\u00fcrliche Barock-Zuchtperlen. Ohne Loch. Sortiment 6-10 mm"},"content":{"rendered":"<p>Perle halb gebohrt.<br \/>\nNat\u00fcrliche Perle.<br \/>\nGez\u00fcchtete, kultivierte Perle.<\/p>\n<p>Unregelm\u00e4\u00dfige Perlen ohne Loch<\/p>\n<p>Ma\u00dfe zwischen 6-10 mm<\/p>\n<p>Set mit 10 St\u00fcck.<\/p>\n<p>Die Farbpalette reicht von Wei\u00df, Off-White, Zartrosa und Zartgrau.<\/p>\n<p>Tipp zur Best\u00e4tigung:<\/p>\n<p>Vorzugsweise mit Led und UV-Harz.<\/p>\n<p>Oder mit dem 2-Komponenten-Schmuckkleber von Weicon<br \/>\n<u><strong><br \/>\n<\/strong><\/u>Da es sich um nat\u00fcrliche Perlen handelt, k\u00f6nnen die Gr\u00f6\u00dfen und Formen leicht voneinander abweichen.<\/p>\n<p>&nbsp;<\/p>\n","protected":false},"excerpt":{"rendered":"<p>Unregelm\u00e4\u00dfige Perlen ohne Loch<\/p>\n<p>Ma\u00dfe zwischen 6-10 mm<\/p>\n<p>Set mit 10 St\u00fcck.<\/p>\n<p>Die Farben reichen von wei\u00df, cremefarben, zartrosa und zartgrau.<\/p>\n","protected":false},"featured_media":6468,"comment_status":"closed","ping_status":"closed","template":"","meta":{"_acf_changed":false,"_seopress_robots_primary_cat":"none","_seopress_titles_title":"","_seopress_titles_desc":"","_seopress_robots_index":""},"more":[],"product_brand":[6365],"product_cat":[14250,7717],"product_tag":[9197,15900,15918,15920,6817,6802,6689,6492,9208,15910,16694,16695,8330,6415,6721,6840,7387,6903,7957,6603,8559,6494,6826,7320,8907,9193,6842,7680,6824,7017,11518,11569,16696,6830,16693,6767,6769,6822,15902,7330,6692,8763,6836,9184,6786,13750,15896,6498,7131,6905,6775,15890,15894,6844,6421,6444,7557,8137,6441,10628,8922,7955,16692,15912,7317,8392,6832,8395,8770,9199,6682,8946,9200,9302,6788,6828,15898,15940,7070,15908,15906,15904,8001,14444,8092,6777,9202,8767,6419,6820,15888,6889,9195,6558,6490,7507,7923,7334,6834,8608,15892,15916,13076,9204,6435,6500,6556,14007,6784,6795,8121,9206,7072,6814,6690,7441,6605,6818,8658,6783,7064,6838,16697,15914,15945],"class_list":{"0":"post-19272","1":"product","2":"type-product","3":"status-publish","4":"has-post-thumbnail","6":"product_brand-l1","7":"product_cat-naturliche-perlen","8":"product_cat-verkauf","9":"product_tag-9197","10":"product_tag-hier-ist","11":"product_tag-akoya","12":"product_tag-akoya-perlen","13":"product_tag-amsterdam","14":"product_tag-angebot","15":"product_tag-armband","16":"product_tag-artclay","17":"product_tag-assecoires","18":"product_tag-austern","19":"product_tag-barock","20":"product_tag-barocke-perlen","21":"product_tag-biegsames-silber-2","22":"product_tag-billig","23":"product_tag-blau","24":"product_tag-brabant","25":"product_tag-bronze","26":"product_tag-bronze-ton","27":"product_tag-cabochon","28":"product_tag-cool","29":"product_tag-cooltools","30":"product_tag-diy","31":"product_tag-drenthe","32":"product_tag-edelstein","33":"product_tag-einsteigerpakete","34":"product_tag-einsteigerpakete-2","35":"product_tag-flevoland","36":"product_tag-formulare","37":"product_tag-friesland","38":"product_tag-fur","39":"product_tag-gebohrt","40":"product_tag-gebohrt-3","41":"product_tag-geformt","42":"product_tag-gelderland","43":"product_tag-gezuchtet-2","44":"product_tag-gold","45":"product_tag-goldton","46":"product_tag-groningen","47":"product_tag-gucultivated","48":"product_tag-halb","49":"product_tag-handbuch","50":"product_tag-handbucher","51":"product_tag-holland","52":"product_tag-internet","53":"product_tag-kaufen","54":"product_tag-kitt","55":"product_tag-kultiviert","56":"product_tag-kunst","57":"product_tag-kupfer","58":"product_tag-kupferton","59":"product_tag-kurzwarengeschaft","60":"product_tag-lapiz","61":"product_tag-lasuli","62":"product_tag-limburg","63":"product_tag-machen","64":"product_tag-metalclay","65":"product_tag-metall","66":"product_tag-metall-3","67":"product_tag-metallton","68":"product_tag-mm","69":"product_tag-muscheln","70":"product_tag-naturlich","71":"product_tag-naturlich-4","72":"product_tag-naturliche-perlen","73":"product_tag-naturstein","74":"product_tag-nop","75":"product_tag-norden","76":"product_tag-nordholland","77":"product_tag-ohrring","78":"product_tag-ohrring-2","79":"product_tag-ohrringe","80":"product_tag-ohrstecker-2","81":"product_tag-ohrstecker-3","82":"product_tag-ohrstecker-5","83":"product_tag-online","84":"product_tag-overijssel","85":"product_tag-perlen-7","86":"product_tag-perlen-8","87":"product_tag-perlen","88":"product_tag-perlenfadeln","89":"product_tag-perlenohrring","90":"product_tag-perlenring","91":"product_tag-pmc","92":"product_tag-real-2","93":"product_tag-ring","94":"product_tag-ringe","95":"product_tag-schleifen-2","96":"product_tag-schmuck-5","97":"product_tag-schmuck","98":"product_tag-schmuck-2","99":"product_tag-schwarz-3","100":"product_tag-shop","101":"product_tag-shop-2","102":"product_tag-sie-selbst","103":"product_tag-silberton","104":"product_tag-starterset","105":"product_tag-starterset-2","106":"product_tag-stein-2","107":"product_tag-sud","108":"product_tag-sudholland","109":"product_tag-suswasser","110":"product_tag-suswasserperlen","111":"product_tag-synthetisch-2","112":"product_tag-textur","113":"product_tag-ton","114":"product_tag-ton-2","115":"product_tag-ton-3","116":"product_tag-unregelmasig-2","117":"product_tag-unter-2","118":"product_tag-utrecht","119":"product_tag-von-2","120":"product_tag-vorlagen","121":"product_tag-wattenmeer","122":"product_tag-webshop","123":"product_tag-werkstatten","124":"product_tag-werkzeug-2","125":"product_tag-werkzeuge","126":"product_tag-werkzeuge-2","127":"product_tag-wissensbasis","128":"product_tag-wobei","129":"product_tag-workshop","130":"product_tag-zeeland","131":"product_tag-zitiert","132":"product_tag-zuchtperlen","133":"product_tag-zuchtperlen-2","134":"product_shipping_class-standard","135":"pa_afmeting-11-12mm","136":"pa_afmeting-2-3mm","137":"pa_afmeting-3-4mm","138":"pa_afmeting-4-5mm","139":"pa_afmeting-5-6mm","140":"pa_afmeting-6-7mm","141":"pa_afmeting-7-8mm","142":"pa_afmeting-8-9mm","143":"pa_afmeting-9-10mm","145":"first","146":"instock","147":"sale","148":"taxable","149":"shipping-taxable","150":"purchasable","151":"product-type-simple"},"acf":[],"_links":{"self":[{"href":"https:\/\/esquell.eu\/de\/wp-json\/wp\/v2\/product\/19272","targetHints":{"allow":["GET"]}}],"collection":[{"href":"https:\/\/esquell.eu\/de\/wp-json\/wp\/v2\/product"}],"about":[{"href":"https:\/\/esquell.eu\/de\/wp-json\/wp\/v2\/types\/product"}],"replies":[{"embeddable":true,"href":"https:\/\/esquell.eu\/de\/wp-json\/wp\/v2\/comments?post=19272"}],"wp:featuredmedia":[{"embeddable":true,"href":"https:\/\/esquell.eu\/de\/wp-json\/wp\/v2\/media\/6468"}],"wp:attachment":[{"href":"https:\/\/esquell.eu\/de\/wp-json\/wp\/v2\/media?parent=19272"}],"wp:term":[{"taxonomy":"more","embeddable":true,"href":"https:\/\/esquell.eu\/de\/wp-json\/wp\/v2\/more?post=19272"},{"taxonomy":"product_brand","embeddable":true,"href":"https:\/\/esquell.eu\/de\/wp-json\/wp\/v2\/product_brand?post=19272"},{"taxonomy":"product_cat","embeddable":true,"href":"https:\/\/esquell.eu\/de\/wp-json\/wp\/v2\/product_cat?post=19272"},{"taxonomy":"product_tag","embeddable":true,"href":"https:\/\/esquell.eu\/de\/wp-json\/wp\/v2\/product_tag?post=19272"}],"curies":[{"name":"wp","href":"https:\/\/api.w.org\/{rel}","templated":true}]}}