{"id":19198,"date":"2025-05-02T21:17:28","date_gmt":"2025-05-02T21:17:28","guid":{"rendered":"https:\/\/esquell.eu\/product\/natuerliche-halbgebohrte-zuchtperle-grau-verschiedene-groessen\/"},"modified":"2025-05-02T21:17:28","modified_gmt":"2025-05-02T21:17:28","slug":"natuerliche-halbgebohrte-zuchtperle-grau-verschiedene-groessen","status":"publish","type":"product","link":"https:\/\/esquell.eu\/de\/produkt\/natuerliche-halbgebohrte-zuchtperle-grau-verschiedene-groessen\/","title":{"rendered":"Nat\u00fcrliche halbgebohrte Zuchtperle. Grau Verschiedene Gr\u00f6\u00dfen"},"content":{"rendered":"<p>Perle halb gebohrt.<br \/>\nNat\u00fcrliche Perle.<br \/>\nGez\u00fcchtete, kultivierte Perle.<\/p>\n<p>Die Unterseite, die Seite mit dem Bohrloch, ist leicht flach.<\/p>\n<p>Da es sich um nat\u00fcrliche Perlen handelt, k\u00f6nnen die Gr\u00f6\u00dfen und Formen leicht voneinander abweichen.<\/p>\n<p><strong>Verarbeitung von Perlen in Silver Clay \/ Art Clay Silver.<\/strong><\/p>\n<p>Verwenden Sie dazu ein kleines St\u00fcck 999er Silberdraht von ca. 1 mm.<\/p>\n<p>Die Dicke des Drahtes muss mit dem Durchmesser der Bohrung in der Perle \u00fcbereinstimmen<br \/>\n. Falls erforderlich, kann der Draht mit einer Feile f\u00fcr die Verwendung mit Perlen mit einer anderen Bohrung angepasst werden.<\/p>\n<p>Platzieren Sie das St\u00fcck Draht an der richtigen Stelle in der noch feuchten Silberknete. Trocknen und backen Sie damit. Durch das Schrumpfen des Tons wird der Draht fixiert.  <\/p>\n<p>Kleben Sie dann die Perle auf die 999er Silbernadel, die mit etwas Schmuckkleber zusammengeklebt wurde.<\/p>\n<p>Der 2-Komponenten-Kleber von Weicon ist daf\u00fcr sehr gut geeignet.<\/p>\n<p>&nbsp;<\/p>\n","protected":false},"excerpt":{"rendered":"<p>Perle halb gebohrt. Nat\u00fcrliche Zuchtperlen.<br \/>\nDunkel <\/p>\n<p>Perle halb gebohrt.<br \/>\nNat\u00fcrliche Perle.<br \/>\nGez\u00fcchtete, kultivierte Perle.<\/p>\n<p><strong>Verarbeitung von Perlen in Silver Clay \/ Art Clay Silver.<\/strong><\/p>\n","protected":false},"featured_media":6480,"comment_status":"closed","ping_status":"closed","template":"","meta":{"_acf_changed":false,"_seopress_robots_primary_cat":"none","_seopress_titles_title":"","_seopress_titles_desc":"","_seopress_robots_index":""},"more":[],"product_brand":[6365],"product_cat":[14250],"product_tag":[9197,15900,15918,15920,6817,6802,6689,6492,9208,15910,8330,6415,6721,6840,7387,6903,7957,6603,8559,6494,6826,7320,8907,9193,6842,7680,6824,7017,11518,11569,6830,6767,6769,6822,15902,7330,6692,8763,6836,9184,6786,13750,15896,6498,7131,6905,6775,15890,15894,6844,6421,6444,7557,8137,6441,10628,8922,7955,15912,7317,8392,6832,8395,8770,9199,6682,8946,9200,9302,6788,6828,7070,15898,15940,15908,15906,15904,8001,14444,8092,6777,9202,6419,6820,8767,15888,6889,9195,6558,6490,7507,7923,7334,6834,8608,15892,15916,13076,9204,6435,6500,6556,6784,6795,8121,9206,7072,6814,6690,7441,6605,6818,8658,6783,7064,6838,15914,15945],"class_list":{"0":"post-19198","1":"product","2":"type-product","3":"status-publish","4":"has-post-thumbnail","6":"product_brand-l1","7":"product_cat-naturliche-perlen","8":"product_tag-9197","9":"product_tag-hier-ist","10":"product_tag-akoya","11":"product_tag-akoya-perlen","12":"product_tag-amsterdam","13":"product_tag-angebot","14":"product_tag-armband","15":"product_tag-artclay","16":"product_tag-assecoires","17":"product_tag-austern","18":"product_tag-biegsames-silber-2","19":"product_tag-billig","20":"product_tag-blau","21":"product_tag-brabant","22":"product_tag-bronze","23":"product_tag-bronze-ton","24":"product_tag-cabochon","25":"product_tag-cool","26":"product_tag-cooltools","27":"product_tag-diy","28":"product_tag-drenthe","29":"product_tag-edelstein","30":"product_tag-einsteigerpakete","31":"product_tag-einsteigerpakete-2","32":"product_tag-flevoland","33":"product_tag-formulare","34":"product_tag-friesland","35":"product_tag-fur","36":"product_tag-gebohrt","37":"product_tag-gebohrt-3","38":"product_tag-gelderland","39":"product_tag-gold","40":"product_tag-goldton","41":"product_tag-groningen","42":"product_tag-gucultivated","43":"product_tag-halb","44":"product_tag-handbuch","45":"product_tag-handbucher","46":"product_tag-holland","47":"product_tag-internet","48":"product_tag-kaufen","49":"product_tag-kitt","50":"product_tag-kultiviert","51":"product_tag-kunst","52":"product_tag-kupfer","53":"product_tag-kupferton","54":"product_tag-kurzwarengeschaft","55":"product_tag-lapiz","56":"product_tag-lasuli","57":"product_tag-limburg","58":"product_tag-machen","59":"product_tag-metalclay","60":"product_tag-metall","61":"product_tag-metall-3","62":"product_tag-metallton","63":"product_tag-mm","64":"product_tag-muscheln","65":"product_tag-naturlich","66":"product_tag-naturliche-perlen","67":"product_tag-naturstein","68":"product_tag-nop","69":"product_tag-norden","70":"product_tag-nordholland","71":"product_tag-ohrring","72":"product_tag-ohrring-2","73":"product_tag-ohrringe","74":"product_tag-ohrstecker-2","75":"product_tag-ohrstecker-3","76":"product_tag-ohrstecker-5","77":"product_tag-online","78":"product_tag-overijssel","79":"product_tag-perlen","80":"product_tag-perlen-7","81":"product_tag-perlen-8","82":"product_tag-perlenfadeln","83":"product_tag-perlenohrring","84":"product_tag-perlenring","85":"product_tag-pmc","86":"product_tag-real-2","87":"product_tag-ring","88":"product_tag-ringe","89":"product_tag-schleifen-2","90":"product_tag-schmuck","91":"product_tag-schmuck-2","92":"product_tag-schmuck-5","93":"product_tag-schwarz-3","94":"product_tag-shop","95":"product_tag-shop-2","96":"product_tag-sie-selbst","97":"product_tag-silberton","98":"product_tag-starterset","99":"product_tag-starterset-2","100":"product_tag-stein-2","101":"product_tag-sud","102":"product_tag-sudholland","103":"product_tag-suswasser","104":"product_tag-suswasserperlen","105":"product_tag-synthetisch-2","106":"product_tag-textur","107":"product_tag-ton","108":"product_tag-ton-2","109":"product_tag-ton-3","110":"product_tag-unter-2","111":"product_tag-utrecht","112":"product_tag-von-2","113":"product_tag-vorlagen","114":"product_tag-wattenmeer","115":"product_tag-webshop","116":"product_tag-werkstatten","117":"product_tag-werkzeug-2","118":"product_tag-werkzeuge","119":"product_tag-werkzeuge-2","120":"product_tag-wissensbasis","121":"product_tag-wobei","122":"product_tag-workshop","123":"product_tag-zeeland","124":"product_tag-zuchtperlen","125":"product_tag-zuchtperlen-2","126":"product_shipping_class-standard","127":"pa_afmeting-11-12mm","128":"pa_afmeting-2-3mm","129":"pa_afmeting-3-4mm","130":"pa_afmeting-4-5mm","131":"pa_afmeting-5-6mm","132":"pa_afmeting-7-8mm","133":"pa_afmeting-8-9mm","134":"pa_afmeting-9-10mm","136":"first","137":"instock","138":"taxable","139":"shipping-taxable","140":"purchasable","141":"product-type-variable"},"acf":[],"_links":{"self":[{"href":"https:\/\/esquell.eu\/de\/wp-json\/wp\/v2\/product\/19198","targetHints":{"allow":["GET"]}}],"collection":[{"href":"https:\/\/esquell.eu\/de\/wp-json\/wp\/v2\/product"}],"about":[{"href":"https:\/\/esquell.eu\/de\/wp-json\/wp\/v2\/types\/product"}],"replies":[{"embeddable":true,"href":"https:\/\/esquell.eu\/de\/wp-json\/wp\/v2\/comments?post=19198"}],"wp:featuredmedia":[{"embeddable":true,"href":"https:\/\/esquell.eu\/de\/wp-json\/wp\/v2\/media\/6480"}],"wp:attachment":[{"href":"https:\/\/esquell.eu\/de\/wp-json\/wp\/v2\/media?parent=19198"}],"wp:term":[{"taxonomy":"more","embeddable":true,"href":"https:\/\/esquell.eu\/de\/wp-json\/wp\/v2\/more?post=19198"},{"taxonomy":"product_brand","embeddable":true,"href":"https:\/\/esquell.eu\/de\/wp-json\/wp\/v2\/product_brand?post=19198"},{"taxonomy":"product_cat","embeddable":true,"href":"https:\/\/esquell.eu\/de\/wp-json\/wp\/v2\/product_cat?post=19198"},{"taxonomy":"product_tag","embeddable":true,"href":"https:\/\/esquell.eu\/de\/wp-json\/wp\/v2\/product_tag?post=19198"}],"curies":[{"name":"wp","href":"https:\/\/api.w.org\/{rel}","templated":true}]}}