{"id":19113,"date":"2025-05-01T21:47:50","date_gmt":"2025-05-01T21:47:50","guid":{"rendered":"https:\/\/esquell.eu\/product\/silbernes-perlenversteck-4mm-glaenzendes-925er-silber-verpackt-zu-4-stueck\/"},"modified":"2026-03-23T20:01:56","modified_gmt":"2026-03-23T20:01:56","slug":"silbernes-perlenversteck-4mm-glaenzendes-925er-silber-verpackt-zu-4-stueck","status":"publish","type":"product","link":"https:\/\/esquell.eu\/de\/produkt\/silbernes-perlenversteck-4mm-glaenzendes-925er-silber-verpackt-zu-4-stueck\/","title":{"rendered":"Silbernes Perlenversteck, 5mm, gl\u00e4nzendes 925er Silber Verpackt zu 4 St\u00fcck"},"content":{"rendered":"<p>Silberne Quetschperlenverstecke.<br \/>\n925 Sterling Silber<br \/>\n\u00c4u\u00dfere Gr\u00f6\u00dfe 4mm<br \/>\nIdeal f\u00fcr ein professionelles Finish Ihres Schmucks.<\/p>\n","protected":false},"excerpt":{"rendered":"<p>Silberne Quetschperlenverstecke.<br \/>\n925 Sterling Silber<br \/>\n\u00c4u\u00dfere Gr\u00f6\u00dfe 4mm<br \/>\nIdeal f\u00fcr ein professionelles Finish Ihres Schmucks.<\/p>\n","protected":false},"featured_media":19128,"comment_status":"closed","ping_status":"closed","template":"","meta":{"_acf_changed":false,"_seopress_robots_primary_cat":"none","_seopress_titles_title":"","_seopress_titles_desc":"","_seopress_robots_index":""},"more":[],"product_brand":[6992],"product_cat":[12313,11510],"product_tag":[6488,10393,14198,6924,14337,12827,9401,16666,16656,7387,13002,16665,16662,10034,16660,12326,7017,9398,9399,10823,16661,6994,7171,16165,16657,16663,12316,14359,7131,16664,6775,7019,16655,11528,6682,6891,11182,12314,12518,9425,16654,8532,6432,6926,7021,12521,6417,6671,6812,9383,6996,12786,6920,12107,16659,16658,14358,6694,6814,6429],"class_list":{"0":"post-19113","1":"product","2":"type-product","3":"status-publish","4":"has-post-thumbnail","6":"product_brand-ayu","7":"product_cat-anhangerosen-bugel-und-schraubosen","8":"product_cat-perlen","9":"product_tag-6488","10":"product_tag-acrylharz","11":"product_tag-andern-2","12":"product_tag-anhanger-2","13":"product_tag-anhanger-5","14":"product_tag-anhanger-zum-selbermachen","15":"product_tag-austauschbar","16":"product_tag-austauschbarer-schmuck","17":"product_tag-befestigung","18":"product_tag-bronze","19":"product_tag-bronzeschmuck-3","20":"product_tag-bronzeschmuck-4","21":"product_tag-edelsteine-5","22":"product_tag-epoxid","23":"product_tag-epoxid-anhanger-epoxid-schmuck","24":"product_tag-ey","25":"product_tag-fur","26":"product_tag-glas-anhanger","27":"product_tag-glasanhanger","28":"product_tag-glasschmuck-2","29":"product_tag-glasschmuck-3","30":"product_tag-gut","31":"product_tag-gut-2","32":"product_tag-halb-gebohrt","33":"product_tag-halb-gebohrt-2","34":"product_tag-harz-3","35":"product_tag-kaution","36":"product_tag-kaution-3","37":"product_tag-kupfer","38":"product_tag-kupferschmuck","39":"product_tag-kurzwarengeschaft","40":"product_tag-liefert","41":"product_tag-mutze-2","42":"product_tag-naturstein-perle","43":"product_tag-ohrringe","44":"product_tag-online-shop","45":"product_tag-osen-verbinden","46":"product_tag-pendelauge","47":"product_tag-pendelauge-2","48":"product_tag-perle","49":"product_tag-perlenmutze","50":"product_tag-perlenmutzen","51":"product_tag-real","52":"product_tag-rein-2","53":"product_tag-schmuck-3","54":"product_tag-schraubose","55":"product_tag-silber","56":"product_tag-silber-2","57":"product_tag-silber-3","58":"product_tag-solide","59":"product_tag-sollid","60":"product_tag-springend","61":"product_tag-sterling","62":"product_tag-stift","63":"product_tag-unsichtbar-2","64":"product_tag-verborgener-anhanger-auge","65":"product_tag-versteckt","66":"product_tag-von","67":"product_tag-webshop","68":"product_tag-wirklich","69":"product_shipping_class-standard","71":"first","72":"instock","73":"taxable","74":"shipping-taxable","75":"purchasable","76":"product-type-simple"},"acf":[],"_links":{"self":[{"href":"https:\/\/esquell.eu\/de\/wp-json\/wp\/v2\/product\/19113","targetHints":{"allow":["GET"]}}],"collection":[{"href":"https:\/\/esquell.eu\/de\/wp-json\/wp\/v2\/product"}],"about":[{"href":"https:\/\/esquell.eu\/de\/wp-json\/wp\/v2\/types\/product"}],"replies":[{"embeddable":true,"href":"https:\/\/esquell.eu\/de\/wp-json\/wp\/v2\/comments?post=19113"}],"wp:featuredmedia":[{"embeddable":true,"href":"https:\/\/esquell.eu\/de\/wp-json\/wp\/v2\/media\/19128"}],"wp:attachment":[{"href":"https:\/\/esquell.eu\/de\/wp-json\/wp\/v2\/media?parent=19113"}],"wp:term":[{"taxonomy":"more","embeddable":true,"href":"https:\/\/esquell.eu\/de\/wp-json\/wp\/v2\/more?post=19113"},{"taxonomy":"product_brand","embeddable":true,"href":"https:\/\/esquell.eu\/de\/wp-json\/wp\/v2\/product_brand?post=19113"},{"taxonomy":"product_cat","embeddable":true,"href":"https:\/\/esquell.eu\/de\/wp-json\/wp\/v2\/product_cat?post=19113"},{"taxonomy":"product_tag","embeddable":true,"href":"https:\/\/esquell.eu\/de\/wp-json\/wp\/v2\/product_tag?post=19113"}],"curies":[{"name":"wp","href":"https:\/\/api.w.org\/{rel}","templated":true}]}}