{"id":19055,"date":"2025-05-03T14:10:09","date_gmt":"2025-05-03T14:10:09","guid":{"rendered":"https:\/\/esquell.eu\/product\/galeriedraht-befestigungsdraht-messing-10-cm\/"},"modified":"2025-11-08T08:00:46","modified_gmt":"2025-11-08T08:00:46","slug":"galeriedraht-befestigungsdraht-messing-10-cm","status":"publish","type":"product","link":"https:\/\/esquell.eu\/de\/produkt\/galeriedraht-befestigungsdraht-messing-10-cm\/","title":{"rendered":"Galeriedraht, Befestigungsdraht Messing 10 cm"},"content":{"rendered":"<p>Dieser Messing-Fassungsdraht \/ L\u00fcnettendraht kann mit Kupfer-Ton gebrannt werden<br \/>\nKann auch mit Niedertemperatur-Silberlot oder Kupferlotpaste gel\u00f6tet werden<br \/>\nL\u00e4nge 10 cm<br \/>\nH\u00f6he 4 mm<\/p>\n","protected":false},"excerpt":{"rendered":"<p>Galeriedraht, Fassungsdraht 925 Silber Leaf<\/p>\n<p>Geeignet zum Backen mit Silberton<\/p>\n<p>&nbsp;<\/p>\n<p>L\u00e4nge 10 cm<\/p>\n<p>H\u00f6he 5mm<\/p>\n<p>&nbsp;<\/p>\n<p>Die bestellte L\u00e4nge wird, soweit m\u00f6glich, in 1 L\u00e4nge geliefert.<br \/>\nWenn Sie wirklich 1 L\u00e4nge ben\u00f6tigen, geben Sie dies bitte bei der Bestellung im Kommentarfeld an.<\/p>\n<p>&nbsp;<\/p>\n<p>Nicht genug vorr\u00e4tig? Schicken Sie eine E-Mail an info@esquell, wenn m\u00f6glich, bestellen wir es f\u00fcr Sie. <\/p>\n<p>&nbsp;<\/p>\n","protected":false},"featured_media":19067,"comment_status":"closed","ping_status":"closed","template":"","meta":{"_acf_changed":false,"_seopress_robots_primary_cat":"none","_seopress_titles_title":"","_seopress_titles_desc":"","_seopress_robots_index":""},"more":[],"product_brand":[6595],"product_cat":[12388],"product_tag":[6488,6506,12432,6492,6699,6438,7280,7543,12436,7883,6675,6494,8508,12422,12296,7953,12428,12430,16650,16651,6673,6786,7131,8394,12405,14378,6510,12438,6421,6444,6441,7317,8001,6806,6417,6490,6784,6814,6783,12434],"class_list":{"0":"post-19055","1":"product","2":"type-product","3":"status-publish","4":"has-post-thumbnail","6":"product_brand-coole-tools","7":"product_cat-kupfer-bronze-messing-rostfreier-stahl","8":"product_tag-6488","9":"product_tag-6506","10":"product_tag-anmutig","11":"product_tag-artclay","12":"product_tag-artclayacademy","13":"product_tag-artclaysilver","14":"product_tag-ausbilder","15":"product_tag-ausbilder-2","16":"product_tag-ausbilder-4","17":"product_tag-cabochons","18":"product_tag-craftlines","19":"product_tag-diy","20":"product_tag-draht","21":"product_tag-draht-2","22":"product_tag-einstelldraht","23":"product_tag-einstellung","24":"product_tag-fantasie","25":"product_tag-galerie-thread","26":"product_tag-gemustert","27":"product_tag-gemusterter-draht","28":"product_tag-japan","29":"product_tag-kaufen","30":"product_tag-kupfer","31":"product_tag-kupfer-3","32":"product_tag-kupferdraht","33":"product_tag-kupferdraht-2","34":"product_tag-lunette","35":"product_tag-lunettendraht","36":"product_tag-machen","37":"product_tag-metalclay","38":"product_tag-metallton","39":"product_tag-naturstein","40":"product_tag-pmc","41":"product_tag-rabatt","42":"product_tag-silber","43":"product_tag-silberton","44":"product_tag-unter-2","45":"product_tag-webshop","46":"product_tag-wobei","47":"product_tag-zertifiziert-zertifiziert","48":"product_shipping_class-standard","50":"first","51":"instock","52":"taxable","53":"shipping-taxable","54":"purchasable","55":"product-type-simple"},"acf":[],"_links":{"self":[{"href":"https:\/\/esquell.eu\/de\/wp-json\/wp\/v2\/product\/19055","targetHints":{"allow":["GET"]}}],"collection":[{"href":"https:\/\/esquell.eu\/de\/wp-json\/wp\/v2\/product"}],"about":[{"href":"https:\/\/esquell.eu\/de\/wp-json\/wp\/v2\/types\/product"}],"replies":[{"embeddable":true,"href":"https:\/\/esquell.eu\/de\/wp-json\/wp\/v2\/comments?post=19055"}],"wp:featuredmedia":[{"embeddable":true,"href":"https:\/\/esquell.eu\/de\/wp-json\/wp\/v2\/media\/19067"}],"wp:attachment":[{"href":"https:\/\/esquell.eu\/de\/wp-json\/wp\/v2\/media?parent=19055"}],"wp:term":[{"taxonomy":"more","embeddable":true,"href":"https:\/\/esquell.eu\/de\/wp-json\/wp\/v2\/more?post=19055"},{"taxonomy":"product_brand","embeddable":true,"href":"https:\/\/esquell.eu\/de\/wp-json\/wp\/v2\/product_brand?post=19055"},{"taxonomy":"product_cat","embeddable":true,"href":"https:\/\/esquell.eu\/de\/wp-json\/wp\/v2\/product_cat?post=19055"},{"taxonomy":"product_tag","embeddable":true,"href":"https:\/\/esquell.eu\/de\/wp-json\/wp\/v2\/product_tag?post=19055"}],"curies":[{"name":"wp","href":"https:\/\/api.w.org\/{rel}","templated":true}]}}