{"id":19047,"date":"2025-05-03T13:21:46","date_gmt":"2025-05-03T13:21:46","guid":{"rendered":"https:\/\/esquell.eu\/product\/messingdraht-seildurchmesser-16-mm-15-cm\/"},"modified":"2025-05-03T13:21:46","modified_gmt":"2025-05-03T13:21:46","slug":"messingdraht-seildurchmesser-16-mm-15-cm","status":"publish","type":"product","link":"https:\/\/esquell.eu\/de\/produkt\/messingdraht-seildurchmesser-16-mm-15-cm\/","title":{"rendered":"Messingdraht Seildurchmesser 1,6 mm 15 cm"},"content":{"rendered":"<p>Messingdraht Seil. Durchmesser 1,6 mm <\/p>\n<p>L\u00e4nge 15 cm.<\/p>\n<p>Geeignet zum Backen mit Bronzeton<\/p>\n<p>Zum L\u00f6ten mit Kupferl\u00f6tpaste oder Niedertemperatur-L\u00f6tpaste.  <u><strong><br \/>\n<\/strong><\/u><\/p>\n<p>Die bestellte L\u00e4nge wird, soweit m\u00f6glich, in 1 L\u00e4nge geliefert.<br \/>\nWenn Sie wirklich 1 L\u00e4nge ben\u00f6tigen, geben Sie dies bitte bei der Bestellung im Kommentarfeld an.<\/p>\n","protected":false},"excerpt":{"rendered":"<p>Kupferdraht Seil. Durchmesser 1,6 mm <\/p>\n<p>L\u00e4nge 15 cm.<\/p>\n<p>Kupferdraht Seil. Durchmesser 1,6 mm <\/p>\n<p>L\u00e4nge 15 cm.<\/p>\n<p>Geeignet zum Backen mit Kupferton.<\/p>\n<p>Zum L\u00f6ten mit Kupferl\u00f6tpaste oder Niedertemperatur-L\u00f6tpaste<u><strong><br \/>\n<\/strong><\/u><\/p>\n<p>Die bestellte L\u00e4nge wird, soweit m\u00f6glich, in 1 L\u00e4nge geliefert.<br \/>\nWenn Sie wirklich 1 L\u00e4nge ben\u00f6tigen, geben Sie dies bitte bei der Bestellung im Kommentarfeld an.<\/p>\n<p><u><strong> <\/strong><\/u><\/p>\n<p>Die bestellte L\u00e4nge wird, soweit m\u00f6glich, in 1 L\u00e4nge geliefert.<br \/>\nWenn Sie wirklich 1 L\u00e4nge ben\u00f6tigen, geben Sie dies bitte bei der Bestellung im Kommentarfeld an.<\/p>\n<p>&nbsp;<\/p>\n<p>&nbsp;<\/p>\n<p>&nbsp;<\/p>\n","protected":false},"featured_media":6631,"comment_status":"closed","ping_status":"closed","template":"","meta":{"_acf_changed":false,"_seopress_robots_primary_cat":"none","_seopress_titles_title":"","_seopress_titles_desc":"","_seopress_robots_index":""},"more":[],"product_brand":[6595],"product_cat":[12388],"product_tag":[12391,6817,6924,6689,12407,6438,8126,6458,6790,6415,6840,7387,6883,6494,8508,12397,12406,11181,12410,6826,6793,8545,6895,6909,6842,9027,6824,8679,6822,6693,6836,12389,12078,6897,6907,6786,6885,6691,6804,7131,8019,8394,12405,14378,16648,12414,6905,7137,6775,6421,9539,12416,16649,12395,6441,6455,6832,6788,6828,8510,12412,6806,6419,12393,12403,7541,12418,16647,6899,6779,7509,6889,9195,12401,6558,6417,6671,6490,8128,7340,6834,6781,6893,6784,12399,7072,6690,6783,7735,7796],"class_list":{"0":"post-19047","1":"product","2":"type-product","3":"status-publish","4":"has-post-thumbnail","6":"product_brand-coole-tools","7":"product_cat-kupfer-bronze-messing-rostfreier-stahl","8":"product_tag-allergen","9":"product_tag-amsterdam","10":"product_tag-anhanger-2","11":"product_tag-armband","12":"product_tag-artclay-silber-shop","13":"product_tag-artclaysilver","14":"product_tag-artclaysilvershop","15":"product_tag-belgien","16":"product_tag-bestellung","17":"product_tag-billig","18":"product_tag-brabant","19":"product_tag-bronze","20":"product_tag-deutschland","21":"product_tag-diy","22":"product_tag-draht","23":"product_tag-draht-ohrringe","24":"product_tag-drahtarmband","25":"product_tag-drahtschmuck","26":"product_tag-drahtschmuck-2","27":"product_tag-drenthe","28":"product_tag-einkaufen","29":"product_tag-einkaufen-3","30":"product_tag-es","31":"product_tag-facebook","32":"product_tag-flevoland","33":"product_tag-formbarem-kupfer","34":"product_tag-friesland","35":"product_tag-google","36":"product_tag-groningen","37":"product_tag-halskette","38":"product_tag-holland","39":"product_tag-hypo","40":"product_tag-hypoallergen","41":"product_tag-ihr","42":"product_tag-instagram","43":"product_tag-kaufen","44":"product_tag-kaufen-2","45":"product_tag-kette","46":"product_tag-kostenlos","47":"product_tag-kupfer","48":"product_tag-kupfer-2","49":"product_tag-kupfer-3","50":"product_tag-kupferdraht","51":"product_tag-kupferdraht-2","52":"product_tag-kupferdraht-3","53":"product_tag-kupferteile","54":"product_tag-kupferton","55":"product_tag-kupferton-2","56":"product_tag-kurzwarengeschaft","57":"product_tag-machen","58":"product_tag-messing","59":"product_tag-messing-kurzwaren","60":"product_tag-messingseil","61":"product_tag-metalldraht","62":"product_tag-metallton","63":"product_tag-niederlande","64":"product_tag-norden","65":"product_tag-online","66":"product_tag-overijssel","67":"product_tag-perlenladen","68":"product_tag-pinteres","69":"product_tag-rabatt","70":"product_tag-schmuck","71":"product_tag-schmuck-kurzwaren","72":"product_tag-schmuckteile-2","73":"product_tag-schmuckzubehor","74":"product_tag-seil","75":"product_tag-seil-2","76":"product_tag-selbst","77":"product_tag-selbstgemacht","78":"product_tag-senden","79":"product_tag-shop","80":"product_tag-shop-2","81":"product_tag-shop-3","82":"product_tag-sie-selbst","83":"product_tag-silber","84":"product_tag-silber-2","85":"product_tag-silberton","86":"product_tag-silberwarengeschaft","87":"product_tag-silverclay-co-uk","88":"product_tag-sud","89":"product_tag-teile","90":"product_tag-tun","91":"product_tag-unter-2","92":"product_tag-verdrahtung","93":"product_tag-wattenmeer","94":"product_tag-werkstatten","95":"product_tag-wobei","96":"product_tag-zu-verkaufen","97":"product_tag-zwolle","98":"product_shipping_class-standard","100":"first","101":"instock","102":"taxable","103":"shipping-taxable","104":"purchasable","105":"product-type-simple"},"acf":[],"_links":{"self":[{"href":"https:\/\/esquell.eu\/de\/wp-json\/wp\/v2\/product\/19047","targetHints":{"allow":["GET"]}}],"collection":[{"href":"https:\/\/esquell.eu\/de\/wp-json\/wp\/v2\/product"}],"about":[{"href":"https:\/\/esquell.eu\/de\/wp-json\/wp\/v2\/types\/product"}],"replies":[{"embeddable":true,"href":"https:\/\/esquell.eu\/de\/wp-json\/wp\/v2\/comments?post=19047"}],"wp:featuredmedia":[{"embeddable":true,"href":"https:\/\/esquell.eu\/de\/wp-json\/wp\/v2\/media\/6631"}],"wp:attachment":[{"href":"https:\/\/esquell.eu\/de\/wp-json\/wp\/v2\/media?parent=19047"}],"wp:term":[{"taxonomy":"more","embeddable":true,"href":"https:\/\/esquell.eu\/de\/wp-json\/wp\/v2\/more?post=19047"},{"taxonomy":"product_brand","embeddable":true,"href":"https:\/\/esquell.eu\/de\/wp-json\/wp\/v2\/product_brand?post=19047"},{"taxonomy":"product_cat","embeddable":true,"href":"https:\/\/esquell.eu\/de\/wp-json\/wp\/v2\/product_cat?post=19047"},{"taxonomy":"product_tag","embeddable":true,"href":"https:\/\/esquell.eu\/de\/wp-json\/wp\/v2\/product_tag?post=19047"}],"curies":[{"name":"wp","href":"https:\/\/api.w.org\/{rel}","templated":true}]}}