{"id":19010,"date":"2025-05-05T17:12:58","date_gmt":"2025-05-05T17:12:58","guid":{"rendered":"https:\/\/esquell.eu\/product\/edelstahl-beschichteter-heftdraht-verschiedene-durchmesser\/"},"modified":"2025-05-05T17:12:58","modified_gmt":"2025-05-05T17:12:58","slug":"edelstahl-beschichteter-heftdraht-verschiedene-durchmesser","status":"publish","type":"product","link":"https:\/\/esquell.eu\/de\/produkt\/edelstahl-beschichteter-heftdraht-verschiedene-durchmesser\/","title":{"rendered":"Edelstahl beschichteter Heftdraht. Verschiedene Durchmesser"},"content":{"rendered":"<p>Gewinde aus rostfreiem Stahl beschichtet. Stahldraht, gewachst<\/p>\n<p>Verschiedene Durchmesser<\/p>\n<p>Stark, flexibel, knickt nicht ein.<\/p>\n<p>Edelstahl l\u00f6st keine allergischen Reaktionen aus. Schmuck aus rostfreiem Stahl ist der perfekte Schmuck, denn er ist hypoallergen, so dass eine allergische Reaktion selten auftritt. Er wird auch als Chirurgenstahl oder Edelstahl bezeichnet und wird zum Beispiel f\u00fcr Geschw\u00fcrkn\u00f6pfe verwendet, die nach dem Schie\u00dfen von Ohrringen getragen werden. Schmuck aus rostfreiem Stahl wird auch als medizinischer Schmuck bezeichnet.    Schmuck aus Edelstahl verf\u00e4rbt sich nicht.<\/p>\n","protected":false},"excerpt":{"rendered":"<p>Gewinde aus rostfreiem Stahl beschichtet. Stahldraht, gewachst<\/p>\n<p>Verschiedene Dicken; 0,3 &#8211; 0,45 &#8211; 0,5 &#8211; 0,6 &#8211; 0,7 &#8211; 0,8 und 1mm<\/p>\n<p>Stark, flexibel, knickt nicht ein.<\/p>\n<p>Edelstahl l\u00f6st keine allergischen Reaktionen aus. Schmuck aus rostfreiem Stahl ist der perfekte Schmuck, denn er ist hypoallergen, so dass eine allergische Reaktion selten auftritt. Er wird auch als Chirurgenstahl oder Edelstahl bezeichnet und wird zum Beispiel f\u00fcr Geschw\u00fcrkn\u00f6pfe verwendet, die nach dem Schie\u00dfen von Ohrringen getragen werden. Schmuck aus rostfreiem Stahl wird auch als medizinischer Schmuck bezeichnet.    Schmuck aus Edelstahl verf\u00e4rbt sich nicht.<\/p>\n<p>&nbsp;<\/p>\n<p>&nbsp;<\/p>\n","protected":false},"featured_media":6928,"comment_status":"closed","ping_status":"closed","template":"","meta":{"_acf_changed":false,"_seopress_robots_primary_cat":"none","_seopress_titles_title":"","_seopress_titles_desc":"","_seopress_robots_index":""},"more":[],"product_brand":[6365],"product_cat":[8470],"product_tag":[6942,7803,7798,6817,6773,6799,6689,6702,7919,6797,6944,7812,6458,10760,11186,6790,6415,6929,8514,9670,10754,7810,10750,9649,10718,7804,8518,8471,7128,10748,6494,16634,8508,8502,10756,8506,8512,8477,11242,7017,6934,10766,9663,10865,11399,6693,9379,14329,9678,8124,6946,12100,8487,8516,9669,9641,10620,10708,10758,6786,6885,6691,6804,9655,8504,9638,10618,10705,10747,10710,8498,9664,7801,6421,16632,8491,7800,10752,7317,6455,7797,6682,6788,6891,16633,7070,7524,8510,9675,7742,6928,11243,16325,9657,9661,9659,10749,6940,8496,6419,8500,7182,6779,7509,6889,6558,11239,9383,9677,8139,8494,9644,11241,11238,10714,6697,9667,12704,9672,10717,6784,7811,9412,8483,10715,6814,11237,11240,6783,8520,9646,10622,9653,9651,7796],"class_list":{"0":"post-19010","1":"product","2":"type-product","3":"status-publish","4":"has-post-thumbnail","6":"product_brand-l1","7":"product_cat-garn-kordel-und-leder","8":"product_tag-alkmaar","9":"product_tag-almelo","10":"product_tag-amersfoort","11":"product_tag-amsterdam","12":"product_tag-antwerpen","13":"product_tag-apeldoorn","14":"product_tag-armband","15":"product_tag-armbander","16":"product_tag-armbander-2","17":"product_tag-arnheim","18":"product_tag-assen","19":"product_tag-beilen","20":"product_tag-belgien","21":"product_tag-bergen-op-zoom","22":"product_tag-beschichtet","23":"product_tag-bestellung","24":"product_tag-billig","25":"product_tag-blei","26":"product_tag-blick","27":"product_tag-boho","28":"product_tag-braun","29":"product_tag-coevorden","30":"product_tag-cognac","31":"product_tag-cooleer","32":"product_tag-cuik","33":"product_tag-delft","34":"product_tag-delfzijl","35":"product_tag-den-bosch","36":"product_tag-den-haag","37":"product_tag-den-helder","38":"product_tag-diy","39":"product_tag-diy-armband","40":"product_tag-draht","41":"product_tag-dronten","42":"product_tag-dunkelbraun","43":"product_tag-einfadeln","44":"product_tag-emmeloord","45":"product_tag-emmen","46":"product_tag-flachkordel","47":"product_tag-fur","48":"product_tag-gent","49":"product_tag-glasperlen","50":"product_tag-grosartig","51":"product_tag-gummi","52":"product_tag-gummi-2","53":"product_tag-halskette","54":"product_tag-halskette-3","55":"product_tag-halsketten","56":"product_tag-hardenberg","57":"product_tag-harderwijk","58":"product_tag-heerenveen","59":"product_tag-hohl-2","60":"product_tag-hoogeveen","61":"product_tag-horn","62":"product_tag-ibiza","63":"product_tag-kabel","64":"product_tag-kabel-2","65":"product_tag-kabel-3","66":"product_tag-kaffee","67":"product_tag-kaufen","68":"product_tag-kaufen-2","69":"product_tag-kette","70":"product_tag-kostenlos","71":"product_tag-kuh","72":"product_tag-lager","73":"product_tag-leder","74":"product_tag-leder-2","75":"product_tag-leder-3","76":"product_tag-leder-4","77":"product_tag-leleystad","78":"product_tag-lemmer","79":"product_tag-loch","80":"product_tag-maastricht","81":"product_tag-machen","82":"product_tag-machen-sie-es-selbst-3","83":"product_tag-meppel","84":"product_tag-middelburg","85":"product_tag-naturlich-2","86":"product_tag-naturstein","87":"product_tag-niederlande","88":"product_tag-nijmegen","89":"product_tag-ohrringe","90":"product_tag-online","91":"product_tag-online-shop","92":"product_tag-ornamente-selbst-herstellen","93":"product_tag-perlen","94":"product_tag-perlen-2","95":"product_tag-perlenladen","96":"product_tag-roermond","97":"product_tag-rostfreier-stahl","98":"product_tag-rotterdam","99":"product_tag-rundschnur","100":"product_tag-rundschnur-2","101":"product_tag-schafe","102":"product_tag-schafsfell","103":"product_tag-schafsleder","104":"product_tag-schagen","105":"product_tag-scheveningen","106":"product_tag-schliesungen","107":"product_tag-schmuck","108":"product_tag-schmuck-selber-machen","109":"product_tag-schwarz","110":"product_tag-selbstgemacht","111":"product_tag-senden","112":"product_tag-shop","113":"product_tag-sie-selbst","114":"product_tag-slipknot","115":"product_tag-solide","116":"product_tag-sperren","117":"product_tag-stark-2","118":"product_tag-steenwijk","119":"product_tag-string","120":"product_tag-suedin-kordel","121":"product_tag-suedine","122":"product_tag-swifterband","123":"product_tag-tasten","124":"product_tag-tasten-2","125":"product_tag-thread","126":"product_tag-tiel","127":"product_tag-um","128":"product_tag-unter-2","129":"product_tag-urk","130":"product_tag-valkenburg","131":"product_tag-venlo","132":"product_tag-vollenhove","133":"product_tag-webshop","134":"product_tag-wildleder","135":"product_tag-wildlederkordel","136":"product_tag-wobei","137":"product_tag-wohnung","138":"product_tag-zeichenketten","139":"product_tag-zeichenketten-2","140":"product_tag-ziege","141":"product_tag-ziegenleder","142":"product_tag-zwolle","143":"product_shipping_class-standard","144":"pa_diameter-03mm","145":"pa_diameter-045mm","146":"pa_diameter-05mm","147":"pa_diameter-06mm","148":"pa_diameter-07mm","149":"pa_diameter-08mm","150":"pa_diameter-1mm","151":"pa_diameter-2mm","152":"pa_diameter-3mm","153":"pa_diameter-4mm","154":"pa_diameter-5mm","156":"first","157":"instock","158":"taxable","159":"shipping-taxable","160":"purchasable","161":"product-type-variable"},"acf":[],"_links":{"self":[{"href":"https:\/\/esquell.eu\/de\/wp-json\/wp\/v2\/product\/19010","targetHints":{"allow":["GET"]}}],"collection":[{"href":"https:\/\/esquell.eu\/de\/wp-json\/wp\/v2\/product"}],"about":[{"href":"https:\/\/esquell.eu\/de\/wp-json\/wp\/v2\/types\/product"}],"replies":[{"embeddable":true,"href":"https:\/\/esquell.eu\/de\/wp-json\/wp\/v2\/comments?post=19010"}],"wp:featuredmedia":[{"embeddable":true,"href":"https:\/\/esquell.eu\/de\/wp-json\/wp\/v2\/media\/6928"}],"wp:attachment":[{"href":"https:\/\/esquell.eu\/de\/wp-json\/wp\/v2\/media?parent=19010"}],"wp:term":[{"taxonomy":"more","embeddable":true,"href":"https:\/\/esquell.eu\/de\/wp-json\/wp\/v2\/more?post=19010"},{"taxonomy":"product_brand","embeddable":true,"href":"https:\/\/esquell.eu\/de\/wp-json\/wp\/v2\/product_brand?post=19010"},{"taxonomy":"product_cat","embeddable":true,"href":"https:\/\/esquell.eu\/de\/wp-json\/wp\/v2\/product_cat?post=19010"},{"taxonomy":"product_tag","embeddable":true,"href":"https:\/\/esquell.eu\/de\/wp-json\/wp\/v2\/product_tag?post=19010"}],"curies":[{"name":"wp","href":"https:\/\/api.w.org\/{rel}","templated":true}]}}