{"id":18863,"date":"2025-05-04T20:22:11","date_gmt":"2025-05-04T20:22:11","guid":{"rendered":"https:\/\/esquell.eu\/product\/oesen-925-sterling-silber-stecker-oese-oval-offen-verschiedene-groessen\/"},"modified":"2025-12-22T10:51:46","modified_gmt":"2025-12-22T10:51:46","slug":"oesen-925-sterling-silber-stecker-oese-oval-offen-verschiedene-groessen","status":"publish","type":"product","link":"https:\/\/esquell.eu\/de\/produkt\/oesen-925-sterling-silber-stecker-oese-oval-offen-verschiedene-groessen\/","title":{"rendered":"\u00d6sen 925 Sterling Silber. Stecker \u00d6se Oval Offen Verschiedene Gr\u00f6\u00dfen"},"content":{"rendered":"<p>925 Silber Verbindungs\u00f6sen<br \/>\nOval Offen<\/p>\n<p>Verpackt zu 10 St\u00fcck<\/p>\n<p>\u00d6se, Ring, Sprungfeder, Sprungring, Silber, Sprungfeder, Spannring<\/p>\n<p>&nbsp;<\/p>\n<p>&nbsp;<\/p>\n<p>&nbsp;<\/p>\n","protected":false},"excerpt":{"rendered":"<p>925 Silber Verbindungs\u00f6sen rund offen<\/p>\n<p>Verpackt zu 10 St\u00fcck<\/p>\n<p>Verbindungs\u00f6sen Oval offen<\/p>\n<p>\u00d6se, Ring, Sprungfeder, Sprungring, Silber, Sprungfeder, Spannring<\/p>\n<p>&nbsp;<\/p>\n<p>&nbsp;<\/p>\n","protected":false},"featured_media":18866,"comment_status":"closed","ping_status":"closed","template":"","meta":{"_acf_changed":false,"_seopress_robots_primary_cat":"none","_seopress_titles_title":"","_seopress_titles_desc":"","_seopress_robots_index":""},"more":[],"product_brand":[6992,6703],"product_cat":[12783],"product_tag":[16331,16351,12391,16332,6948,6684,21672,10755,16333,14333,8530,16352,6458,8354,6790,6415,7387,12300,7076,9029,6883,6881,6494,9978,8506,6895,12326,6909,12298,16360,7672,7017,16398,16400,7808,6767,6452,12389,12078,6696,6897,8640,6907,12784,6786,16354,6804,12083,7131,6775,7019,6421,6455,11183,6682,7931,6788,6891,11182,7524,8643,7674,8005,8092,6777,8528,11421,13887,7742,10486,16335,16371,12735,6419,6820,7021,16368,8500,6899,6779,7509,6889,16390,6558,6417,12837,16342,16345,16377,10753,12786,16380,16392,7445,10492,6781,6556,16387,6893,6784,7575,8628,12785,16340,16384,16394,16348,16358,16356,6814,6429,6783,7735],"class_list":{"0":"post-18863","1":"product","2":"type-product","3":"status-publish","4":"has-post-thumbnail","6":"product_brand-ayu","7":"product_brand-bm","8":"product_cat-silber","9":"product_tag-ablenkungsringe","10":"product_tag-ablenkungsringe-2","11":"product_tag-allergen","12":"product_tag-allergie","13":"product_tag-almere","14":"product_tag-anhanger","15":"product_tag-anneau","16":"product_tag-anschluss","17":"product_tag-anziehen","18":"product_tag-auge-2","19":"product_tag-augen","20":"product_tag-augen-verdrehen","21":"product_tag-belgien","22":"product_tag-bestatigen","23":"product_tag-bestellung","24":"product_tag-billig","25":"product_tag-bronze","26":"product_tag-bunt","27":"product_tag-charme-2","28":"product_tag-charme-4","29":"product_tag-deutschland","30":"product_tag-deutsland","31":"product_tag-diy","32":"product_tag-edelmetall","33":"product_tag-einfadeln","34":"product_tag-es","35":"product_tag-ey","36":"product_tag-facebook","37":"product_tag-farbe","38":"product_tag-farbecht","39":"product_tag-fimo","40":"product_tag-fur","41":"product_tag-geschlossene-sprungfeder","42":"product_tag-geschlossene-verbindung-auge","43":"product_tag-glas","44":"product_tag-gold","45":"product_tag-groshandel","46":"product_tag-hypo","47":"product_tag-hypoallergen","48":"product_tag-ideen","49":"product_tag-ihr","50":"product_tag-inspiration","51":"product_tag-instagram","52":"product_tag-jumprings","53":"product_tag-kaufen","54":"product_tag-knickauge","55":"product_tag-kostenlos","56":"product_tag-kostenlos-2","57":"product_tag-kupfer","58":"product_tag-kurzwarengeschaft","59":"product_tag-liefert","60":"product_tag-machen","61":"product_tag-niederlande","62":"product_tag-offene-verbindung-auge","63":"product_tag-ohrringe","64":"product_tag-ohrringe-2","65":"product_tag-online","66":"product_tag-online-shop","67":"product_tag-osen-verbinden","68":"product_tag-perlen-2","69":"product_tag-pinterest","70":"product_tag-polymer-clay","71":"product_tag-porzellan-2","72":"product_tag-ring","73":"product_tag-ringe","74":"product_tag-ringe-2","75":"product_tag-rost","76":"product_tag-rostfrei-3","77":"product_tag-rostfreier-stahl","78":"product_tag-rostfreier-stahl-3","79":"product_tag-rostfreier-stahl-5","80":"product_tag-scharniere-2","81":"product_tag-schlusselanhanger","82":"product_tag-schmuck","83":"product_tag-schmuck-2","84":"product_tag-schmuck-3","85":"product_tag-schmuck-aus-rostfreiem-stahl","86":"product_tag-schmuck-selber-machen","87":"product_tag-selbst","88":"product_tag-selbstgemacht","89":"product_tag-senden","90":"product_tag-shop","91":"product_tag-sicherheitsring","92":"product_tag-sie-selbst","93":"product_tag-silber","94":"product_tag-silberschmuck-5","95":"product_tag-spaltring","96":"product_tag-spaltringe","97":"product_tag-spanndraht","98":"product_tag-spannring","99":"product_tag-springend","100":"product_tag-sprungring","101":"product_tag-sprungschanze-offnen","102":"product_tag-stahl","103":"product_tag-stehlen","104":"product_tag-teile","105":"product_tag-ton-3","106":"product_tag-touto","107":"product_tag-tun","108":"product_tag-unter-2","109":"product_tag-uv-harz","110":"product_tag-verbinden","111":"product_tag-verbindungsauge","112":"product_tag-verbindungsauge-2","113":"product_tag-verbindungsring-2","114":"product_tag-verbindungsring-3","115":"product_tag-verbindungsringe","116":"product_tag-verblassen","117":"product_tag-von-3","118":"product_tag-webshop","119":"product_tag-wirklich","120":"product_tag-wobei","121":"product_tag-zu-verkaufen","122":"product_shipping_class-standard","123":"pa_diameter-10mm","124":"pa_diameter-15mm","125":"pa_diameter-25mm-2","126":"pa_diameter-3mm","127":"pa_diameter-4mm","128":"pa_diameter-5mm","129":"pa_diameter-6mm","130":"pa_diameter-7mm","131":"pa_diameter-8mm","133":"first","134":"instock","135":"taxable","136":"shipping-taxable","137":"purchasable","138":"product-type-variable"},"acf":[],"_links":{"self":[{"href":"https:\/\/esquell.eu\/de\/wp-json\/wp\/v2\/product\/18863","targetHints":{"allow":["GET"]}}],"collection":[{"href":"https:\/\/esquell.eu\/de\/wp-json\/wp\/v2\/product"}],"about":[{"href":"https:\/\/esquell.eu\/de\/wp-json\/wp\/v2\/types\/product"}],"replies":[{"embeddable":true,"href":"https:\/\/esquell.eu\/de\/wp-json\/wp\/v2\/comments?post=18863"}],"wp:featuredmedia":[{"embeddable":true,"href":"https:\/\/esquell.eu\/de\/wp-json\/wp\/v2\/media\/18866"}],"wp:attachment":[{"href":"https:\/\/esquell.eu\/de\/wp-json\/wp\/v2\/media?parent=18863"}],"wp:term":[{"taxonomy":"more","embeddable":true,"href":"https:\/\/esquell.eu\/de\/wp-json\/wp\/v2\/more?post=18863"},{"taxonomy":"product_brand","embeddable":true,"href":"https:\/\/esquell.eu\/de\/wp-json\/wp\/v2\/product_brand?post=18863"},{"taxonomy":"product_cat","embeddable":true,"href":"https:\/\/esquell.eu\/de\/wp-json\/wp\/v2\/product_cat?post=18863"},{"taxonomy":"product_tag","embeddable":true,"href":"https:\/\/esquell.eu\/de\/wp-json\/wp\/v2\/product_tag?post=18863"}],"curies":[{"name":"wp","href":"https:\/\/api.w.org\/{rel}","templated":true}]}}