{"id":18834,"date":"2025-05-04T19:56:19","date_gmt":"2025-05-04T19:56:19","guid":{"rendered":"https:\/\/esquell.eu\/product\/spiessringe-verbindungsoesen-aus-rostfreiem-stahl-verschiedene-groessen-pro-10-stueck\/"},"modified":"2025-05-04T19:56:19","modified_gmt":"2025-05-04T19:56:19","slug":"spiessringe-verbindungsoesen-aus-rostfreiem-stahl-verschiedene-groessen-pro-10-stueck","status":"publish","type":"product","link":"https:\/\/esquell.eu\/de\/produkt\/spiessringe-verbindungsoesen-aus-rostfreiem-stahl-verschiedene-groessen-pro-10-stueck\/","title":{"rendered":"Spie\u00dfringe Verbindungs\u00f6sen aus rostfreiem Stahl. verschiedene Gr\u00f6\u00dfen.  Pro 10 St\u00fcck"},"content":{"rendered":"<p>Edelstahl Hypoallergen<br \/>\nSplitringe, Verbindungsringe, Edelstahl<\/p>\n<p>Verschiedene Gr\u00f6\u00dfen.<\/p>\n<p>&nbsp;<\/p>\n","protected":false},"excerpt":{"rendered":"<p>Hypoallergene offene Jum-Ringe aus Edelstahl zum Verbinden von Komponenten wie Verschl\u00fcssen, Anh\u00e4ngern, Anh\u00e4ngern und Abstandshaltern.<br \/>\nUnverzichtbar f\u00fcr alle, die ihren eigenen Schmuck herstellen.<\/p>\n<p>&nbsp;<\/p>\n","protected":false},"featured_media":6821,"comment_status":"closed","ping_status":"closed","template":"","meta":{"_acf_changed":false,"_seopress_robots_primary_cat":"none","_seopress_titles_title":"","_seopress_titles_desc":"","_seopress_robots_index":""},"more":[],"product_brand":[6365],"product_cat":[12594],"product_tag":[16331,16351,12391,16332,6948,6684,10755,16333,14333,8530,16352,6458,8354,6790,6415,7387,12300,7076,9029,6883,6881,6494,9978,8506,6895,12326,6909,12298,16360,7672,7017,7808,6767,6452,12389,12078,6696,6897,8640,6907,12784,6786,16354,6804,12083,7131,6775,7019,6421,6455,6682,7931,6788,6891,11182,7524,8643,7674,8005,8092,6777,8528,11421,13887,7742,10486,16335,16371,12735,6419,6820,7021,16368,8500,6899,6779,7509,6889,16390,6558,6417,12837,16342,16345,16377,10753,12786,16380,7445,10492,6781,6556,16387,6893,6784,7575,8628,12785,16340,16384,16394,16348,16358,16356,6814,6429,6783,7735],"class_list":{"0":"post-18834","1":"product","2":"type-product","3":"status-publish","4":"has-post-thumbnail","6":"product_brand-l1","7":"product_cat-andere-metalle","8":"product_tag-ablenkungsringe","9":"product_tag-ablenkungsringe-2","10":"product_tag-allergen","11":"product_tag-allergie","12":"product_tag-almere","13":"product_tag-anhanger","14":"product_tag-anschluss","15":"product_tag-anziehen","16":"product_tag-auge-2","17":"product_tag-augen","18":"product_tag-augen-verdrehen","19":"product_tag-belgien","20":"product_tag-bestatigen","21":"product_tag-bestellung","22":"product_tag-billig","23":"product_tag-bronze","24":"product_tag-bunt","25":"product_tag-charme-2","26":"product_tag-charme-4","27":"product_tag-deutschland","28":"product_tag-deutsland","29":"product_tag-diy","30":"product_tag-edelmetall","31":"product_tag-einfadeln","32":"product_tag-es","33":"product_tag-ey","34":"product_tag-facebook","35":"product_tag-farbe","36":"product_tag-farbecht","37":"product_tag-fimo","38":"product_tag-fur","39":"product_tag-glas","40":"product_tag-gold","41":"product_tag-groshandel","42":"product_tag-hypo","43":"product_tag-hypoallergen","44":"product_tag-ideen","45":"product_tag-ihr","46":"product_tag-inspiration","47":"product_tag-instagram","48":"product_tag-jumprings","49":"product_tag-kaufen","50":"product_tag-knickauge","51":"product_tag-kostenlos","52":"product_tag-kostenlos-2","53":"product_tag-kupfer","54":"product_tag-kurzwarengeschaft","55":"product_tag-liefert","56":"product_tag-machen","57":"product_tag-niederlande","58":"product_tag-ohrringe","59":"product_tag-ohrringe-2","60":"product_tag-online","61":"product_tag-online-shop","62":"product_tag-osen-verbinden","63":"product_tag-perlen-2","64":"product_tag-pinterest","65":"product_tag-polymer-clay","66":"product_tag-porzellan-2","67":"product_tag-ring","68":"product_tag-ringe","69":"product_tag-ringe-2","70":"product_tag-rost","71":"product_tag-rostfrei-3","72":"product_tag-rostfreier-stahl","73":"product_tag-rostfreier-stahl-3","74":"product_tag-rostfreier-stahl-5","75":"product_tag-scharniere-2","76":"product_tag-schlusselanhanger","77":"product_tag-schmuck","78":"product_tag-schmuck-2","79":"product_tag-schmuck-3","80":"product_tag-schmuck-aus-rostfreiem-stahl","81":"product_tag-schmuck-selber-machen","82":"product_tag-selbst","83":"product_tag-selbstgemacht","84":"product_tag-senden","85":"product_tag-shop","86":"product_tag-sicherheitsring","87":"product_tag-sie-selbst","88":"product_tag-silber","89":"product_tag-silberschmuck-5","90":"product_tag-spaltring","91":"product_tag-spaltringe","92":"product_tag-spanndraht","93":"product_tag-spannring","94":"product_tag-springend","95":"product_tag-sprungring","96":"product_tag-stahl","97":"product_tag-stehlen","98":"product_tag-teile","99":"product_tag-ton-3","100":"product_tag-touto","101":"product_tag-tun","102":"product_tag-unter-2","103":"product_tag-uv-harz","104":"product_tag-verbinden","105":"product_tag-verbindungsauge","106":"product_tag-verbindungsauge-2","107":"product_tag-verbindungsring-2","108":"product_tag-verbindungsring-3","109":"product_tag-verbindungsringe","110":"product_tag-verblassen","111":"product_tag-von-3","112":"product_tag-webshop","113":"product_tag-wirklich","114":"product_tag-wobei","115":"product_tag-zu-verkaufen","116":"product_shipping_class-standard","117":"pa_diameter-10mm","118":"pa_diameter-15mm","119":"pa_diameter-25mm-2","120":"pa_diameter-4mm","121":"pa_diameter-5mm","122":"pa_diameter-6mm","123":"pa_diameter-7mm","124":"pa_diameter-8mm","126":"first","127":"instock","128":"taxable","129":"shipping-taxable","130":"purchasable","131":"product-type-variable"},"acf":[],"_links":{"self":[{"href":"https:\/\/esquell.eu\/de\/wp-json\/wp\/v2\/product\/18834","targetHints":{"allow":["GET"]}}],"collection":[{"href":"https:\/\/esquell.eu\/de\/wp-json\/wp\/v2\/product"}],"about":[{"href":"https:\/\/esquell.eu\/de\/wp-json\/wp\/v2\/types\/product"}],"replies":[{"embeddable":true,"href":"https:\/\/esquell.eu\/de\/wp-json\/wp\/v2\/comments?post=18834"}],"wp:featuredmedia":[{"embeddable":true,"href":"https:\/\/esquell.eu\/de\/wp-json\/wp\/v2\/media\/6821"}],"wp:attachment":[{"href":"https:\/\/esquell.eu\/de\/wp-json\/wp\/v2\/media?parent=18834"}],"wp:term":[{"taxonomy":"more","embeddable":true,"href":"https:\/\/esquell.eu\/de\/wp-json\/wp\/v2\/more?post=18834"},{"taxonomy":"product_brand","embeddable":true,"href":"https:\/\/esquell.eu\/de\/wp-json\/wp\/v2\/product_brand?post=18834"},{"taxonomy":"product_cat","embeddable":true,"href":"https:\/\/esquell.eu\/de\/wp-json\/wp\/v2\/product_cat?post=18834"},{"taxonomy":"product_tag","embeddable":true,"href":"https:\/\/esquell.eu\/de\/wp-json\/wp\/v2\/product_tag?post=18834"}],"curies":[{"name":"wp","href":"https:\/\/api.w.org\/{rel}","templated":true}]}}