{"id":18807,"date":"2025-05-04T19:13:43","date_gmt":"2025-05-04T19:13:43","guid":{"rendered":"https:\/\/esquell.eu\/product\/magnetverschluss-aus-edelstahl-fuer-8mm-kordel-oder-leder\/"},"modified":"2025-05-04T19:13:43","modified_gmt":"2025-05-04T19:13:43","slug":"magnetverschluss-aus-edelstahl-fuer-8mm-kordel-oder-leder","status":"publish","type":"product","link":"https:\/\/esquell.eu\/de\/produkt\/magnetverschluss-aus-edelstahl-fuer-8mm-kordel-oder-leder\/","title":{"rendered":"Magnetverschluss aus Edelstahl f\u00fcr 8mm Kordel oder Leder"},"content":{"rendered":"<p>Magnetverschluss aus rostfreiem Stahl<br \/>\nGeeignet f\u00fcr 8mm Leder\/Kordel<br \/>\nVeredelung gl\u00e4nzend<br \/>\nHypoallergen<\/p>\n<p>&nbsp;<\/p>\n<p>Edelstahl l\u00f6st keine allergischen Reaktionen aus. Schmuck aus rostfreiem Stahl ist der perfekte Schmuck, denn er ist hypoallergen, so dass eine allergische Reaktion selten auftritt. Er wird auch als Chirurgenstahl oder Edelstahl bezeichnet und wird zum Beispiel f\u00fcr Geschw\u00fcrkn\u00f6pfe verwendet, die nach dem Schie\u00dfen von Ohrringen getragen werden. Schmuck aus rostfreiem Stahl wird auch als medizinischer Schmuck bezeichnet.   <\/p>\n","protected":false},"excerpt":{"rendered":"<p>Magnetverschluss aus Edelstahl<br \/>\nGeeignet f\u00fcr 8mm Leder\/Kordel<br \/>\nVerarbeitung gl\u00e4nzend<\/p>\n<p>Edelstahl l\u00f6st keine allergischen Reaktionen aus. Schmuck aus rostfreiem Stahl ist der perfekte Schmuck, denn er ist hypoallergen, so dass eine allergische Reaktion selten auftritt. Er wird auch als Chirurgenstahl oder Edelstahl bezeichnet und wird zum Beispiel f\u00fcr Geschw\u00fcrkn\u00f6pfe verwendet, die nach dem Schie\u00dfen von Ohrringen getragen werden. Schmuck aus rostfreiem Stahl wird auch als medizinischer Schmuck bezeichnet.   <\/p>\n<p>&nbsp;<\/p>\n","protected":false},"featured_media":6791,"comment_status":"closed","ping_status":"closed","template":"","meta":{"_acf_changed":false,"_seopress_robots_primary_cat":"none","_seopress_titles_title":"","_seopress_titles_desc":"","_seopress_robots_index":""},"more":[],"product_brand":[6992],"product_cat":[14168],"product_tag":[15900,6488,6506,6942,6948,6817,8713,7058,6773,16567,6689,12692,6492,6438,6944,6458,6415,6840,6903,7123,6936,7076,9029,16575,16604,7804,6494,6826,7799,9979,16522,7802,6895,21661,6842,7555,8091,6824,6830,6934,6822,6994,7171,6693,6998,9379,14329,16475,6836,16465,16485,16572,16484,16500,16479,12078,6897,16122,16486,16603,16570,16576,16571,16607,16471,6786,16574,6691,16477,6498,6905,6775,6932,6950,7019,6844,6952,7801,6421,11057,6444,7557,14688,6441,7800,16573,6455,6832,6938,6828,7524,6806,6432,8786,6424,6926,7023,12070,13887,7742,10486,16568,16606,6928,16481,8496,16473,6419,7539,6899,16569,6558,6901,6417,6671,6812,16483,7086,6490,6996,14170,16469,10495,6920,6834,6781,6500,6893,10717,16467,6784,6795,12539,7276,6818,6429,6783,8520,6838,7796],"class_list":{"0":"post-18807","1":"product","2":"type-product","3":"status-publish","4":"has-post-thumbnail","6":"product_brand-ayu","7":"product_cat-andere-metalle-2","8":"product_tag-hier-ist","9":"product_tag-6488","10":"product_tag-6506","11":"product_tag-alkmaar","12":"product_tag-almere","13":"product_tag-amsterdam","14":"product_tag-angebot-2","15":"product_tag-anhanger-3","16":"product_tag-antwerpen","17":"product_tag-antwort","18":"product_tag-armband","19":"product_tag-armband-2","20":"product_tag-artclay","21":"product_tag-artclaysilver","22":"product_tag-assen","23":"product_tag-belgien","24":"product_tag-billig","25":"product_tag-brabant","26":"product_tag-bronze-ton","27":"product_tag-brucke","28":"product_tag-brussel","29":"product_tag-charme-2","30":"product_tag-charme-4","31":"product_tag-clabs","32":"product_tag-dekorative-kante","33":"product_tag-delft","34":"product_tag-diy","35":"product_tag-drenthe","36":"product_tag-eindhoven","37":"product_tag-einzigartig","38":"product_tag-endkappe","39":"product_tag-enschede","40":"product_tag-es","41":"product_tag-finition","42":"product_tag-flevoland","43":"product_tag-formbare","44":"product_tag-freigabe","45":"product_tag-friesland","46":"product_tag-gelderland","47":"product_tag-gent","48":"product_tag-groningen","49":"product_tag-gut","50":"product_tag-gut-2","51":"product_tag-halskette","52":"product_tag-halskette-2","53":"product_tag-halskette-3","54":"product_tag-halsketten","55":"product_tag-handgefertigt-2","56":"product_tag-holland","57":"product_tag-hummer","58":"product_tag-hummer-2","59":"product_tag-hummerschlamm","60":"product_tag-hummerschloss","61":"product_tag-hummerschloss-2","62":"product_tag-hummerverschluss","63":"product_tag-hypoallergen","64":"product_tag-ihr","65":"product_tag-kallotje","66":"product_tag-kalotte","67":"product_tag-kalotte-2","68":"product_tag-kapitel","69":"product_tag-kapitel-klammer","70":"product_tag-kapitelsperre","71":"product_tag-kapitelsperre-2","72":"product_tag-karabinerhaken","73":"product_tag-kaufen","74":"product_tag-keine-allergische-reaktion","75":"product_tag-kette","76":"product_tag-klatscht","77":"product_tag-kunst","78":"product_tag-kupferton","79":"product_tag-kurzwarengeschaft","80":"product_tag-leeuwarden","81":"product_tag-lelystad","82":"product_tag-liefert","83":"product_tag-limburg","84":"product_tag-luttich","85":"product_tag-maastricht","86":"product_tag-machen","87":"product_tag-materialien","88":"product_tag-metalclay","89":"product_tag-metall","90":"product_tag-metallbearbeitung-3","91":"product_tag-metallton","92":"product_tag-middelburg","93":"product_tag-nicht-allergisch","94":"product_tag-niederlande","95":"product_tag-norden","96":"product_tag-ostende","97":"product_tag-overijssel","98":"product_tag-perlen-2","99":"product_tag-rabatt","100":"product_tag-real","101":"product_tag-reichweite","102":"product_tag-rein","103":"product_tag-rein-2","104":"product_tag-rein-3","105":"product_tag-rostfrei-2","106":"product_tag-rostfrei-3","107":"product_tag-rostfreier-stahl","108":"product_tag-rostfreier-stahl-3","109":"product_tag-rostfreier-stahl-6","110":"product_tag-rostfreier-stahl-7","111":"product_tag-rotterdam","112":"product_tag-schlagt","113":"product_tag-schliesungen","114":"product_tag-schlosser-2","115":"product_tag-schmuck","116":"product_tag-schmuckteile","117":"product_tag-selbst","118":"product_tag-sicher","119":"product_tag-sie-selbst","120":"product_tag-sie-selbst-2","121":"product_tag-silber","122":"product_tag-silber-2","123":"product_tag-silber-3","124":"product_tag-silber-ton-workshops","125":"product_tag-silberschmiede","126":"product_tag-silberton","127":"product_tag-sollid","128":"product_tag-sperren-3","129":"product_tag-sperren-4","130":"product_tag-stahl-2","131":"product_tag-sterling","132":"product_tag-sud","133":"product_tag-teile","134":"product_tag-ton-2","135":"product_tag-tun","136":"product_tag-um","137":"product_tag-umfangreich","138":"product_tag-unter-2","139":"product_tag-utrecht","140":"product_tag-verschluss","141":"product_tag-vorteilhaft","142":"product_tag-werkzeuge-2","143":"product_tag-wirklich","144":"product_tag-wobei","145":"product_tag-wohnung","146":"product_tag-zeeland","147":"product_tag-zwolle","148":"product_shipping_class-standard","149":"pa_afmeting-15mm","150":"pa_afmeting-10-mm","151":"pa_afmeting-11mm","152":"pa_afmeting-16565","153":"pa_afmeting-12mm","154":"pa_afmeting-13mm","155":"pa_afmeting-16566","156":"pa_afmeting-14mm","157":"pa_afmeting-16mm","158":"pa_afmeting-18mm","159":"pa_afmeting-1mm","160":"pa_afmeting-22mm","161":"pa_afmeting-2mm","162":"pa_afmeting-35mm-2","163":"pa_afmeting-3mm","164":"pa_afmeting-4mm","165":"pa_afmeting-55mm","166":"pa_afmeting-5mm","167":"pa_afmeting-6mm","168":"pa_afmeting-8mm","169":"pa_afmeting-9mm","171":"first","172":"instock","173":"taxable","174":"shipping-taxable","175":"purchasable","176":"product-type-simple"},"acf":[],"_links":{"self":[{"href":"https:\/\/esquell.eu\/de\/wp-json\/wp\/v2\/product\/18807","targetHints":{"allow":["GET"]}}],"collection":[{"href":"https:\/\/esquell.eu\/de\/wp-json\/wp\/v2\/product"}],"about":[{"href":"https:\/\/esquell.eu\/de\/wp-json\/wp\/v2\/types\/product"}],"replies":[{"embeddable":true,"href":"https:\/\/esquell.eu\/de\/wp-json\/wp\/v2\/comments?post=18807"}],"wp:featuredmedia":[{"embeddable":true,"href":"https:\/\/esquell.eu\/de\/wp-json\/wp\/v2\/media\/6791"}],"wp:attachment":[{"href":"https:\/\/esquell.eu\/de\/wp-json\/wp\/v2\/media?parent=18807"}],"wp:term":[{"taxonomy":"more","embeddable":true,"href":"https:\/\/esquell.eu\/de\/wp-json\/wp\/v2\/more?post=18807"},{"taxonomy":"product_brand","embeddable":true,"href":"https:\/\/esquell.eu\/de\/wp-json\/wp\/v2\/product_brand?post=18807"},{"taxonomy":"product_cat","embeddable":true,"href":"https:\/\/esquell.eu\/de\/wp-json\/wp\/v2\/product_cat?post=18807"},{"taxonomy":"product_tag","embeddable":true,"href":"https:\/\/esquell.eu\/de\/wp-json\/wp\/v2\/product_tag?post=18807"}],"curies":[{"name":"wp","href":"https:\/\/api.w.org\/{rel}","templated":true}]}}