{"id":18799,"date":"2025-05-04T18:47:55","date_gmt":"2025-05-04T18:47:55","guid":{"rendered":"https:\/\/esquell.eu\/product\/calots-edelstahl-304-silber-laenge-7-mm-hypoallergen-preis-pro-20-stueck\/"},"modified":"2025-05-04T18:47:55","modified_gmt":"2025-05-04T18:47:55","slug":"calots-edelstahl-304-silber-laenge-7-mm-hypoallergen-preis-pro-20-stueck","status":"publish","type":"product","link":"https:\/\/esquell.eu\/de\/produkt\/calots-edelstahl-304-silber-laenge-7-mm-hypoallergen-preis-pro-20-stueck\/","title":{"rendered":"Calots Edelstahl 304 Silber. L\u00e4nge 7 mm Hypoallergen Preis pro 20 St\u00fcck"},"content":{"rendered":"<p>Kalotte zum Veredeln von Halsketten und Armb\u00e4ndern.<\/p>\n<p>Gesamtl\u00e4nge inklusive \u00d6se 7mm<\/p>\n<p>Hypoallergen<\/p>\n<p>Die Kalotte verdeckt die Quetschperle.<\/p>\n<p>Kann auf Stahldraht oder Nylondraht verwendet werden.<\/p>\n<p>Mit einer Kalotte erh\u00e4lt man eine \u00d6se zum Befestigen eines Verschlusses oder Rings.<\/p>\n<p>Farbecht.<\/p>\n<p>Preis pro 20 St\u00fcck<\/p>\n","protected":false},"excerpt":{"rendered":"<p>Kalotte zum Veredeln von Halsketten und Armb\u00e4ndern.<\/p>\n<p>Gesamtl\u00e4nge inklusive \u00d6se 7mm<\/p>\n<p>Hypoallergen<\/p>\n<p>Mit der Kalotte verstecken Sie die Quetschperle.<\/p>\n<p>Kann auf Stahldraht oder Nylondraht verwendet werden.<\/p>\n<p>Mit einer Kalotte haben Sie eine \u00d6se zum Befestigen eines Verschlusses oder Rings.<\/p>\n<p>Farbecht.<\/p>\n<p>&nbsp;<\/p>\n<p>&nbsp;<\/p>\n","protected":false},"featured_media":6767,"comment_status":"closed","ping_status":"closed","template":"","meta":{"_acf_changed":false,"_seopress_robots_primary_cat":"none","_seopress_titles_title":"","_seopress_titles_desc":"","_seopress_robots_index":""},"more":[],"product_brand":[6365],"product_cat":[14168],"product_tag":[15900,6488,6506,1742,6942,6948,6817,8713,7058,6773,16567,6689,12692,6492,6438,6944,6458,6415,6840,6903,7123,6936,7076,9029,16575,16604,7804,6494,6826,7799,9979,7802,6895,6842,7555,8091,6824,6830,6934,6822,6994,7171,6693,6998,9379,14329,16475,6836,16465,16485,16572,16484,16500,16479,12078,6897,16122,16486,16603,16570,16576,16571,16607,16471,6786,16574,6691,16477,6498,6905,6775,6932,6950,7019,6844,6952,7801,6421,11057,6444,7557,14688,6441,7800,16573,6455,6832,6938,6828,7524,6806,6432,8786,6424,6926,7023,12070,13887,7742,10486,16568,6928,16481,8496,16473,6419,7539,6899,16569,6558,6901,6417,6671,6812,16483,7086,6490,6996,14170,16469,10495,6920,6834,6781,6500,6893,10717,16467,6784,6795,12539,7276,6818,6429,6783,8520,6838,7796],"class_list":{"0":"post-18799","1":"product","2":"type-product","3":"status-publish","4":"has-post-thumbnail","6":"product_brand-l1","7":"product_cat-andere-metalle-2","8":"product_tag-hier-ist","9":"product_tag-6488","10":"product_tag-6506","11":"product_tag-afwerken","12":"product_tag-alkmaar","13":"product_tag-almere","14":"product_tag-amsterdam","15":"product_tag-angebot-2","16":"product_tag-anhanger-3","17":"product_tag-antwerpen","18":"product_tag-antwort","19":"product_tag-armband","20":"product_tag-armband-2","21":"product_tag-artclay","22":"product_tag-artclaysilver","23":"product_tag-assen","24":"product_tag-belgien","25":"product_tag-billig","26":"product_tag-brabant","27":"product_tag-bronze-ton","28":"product_tag-brucke","29":"product_tag-brussel","30":"product_tag-charme-2","31":"product_tag-charme-4","32":"product_tag-clabs","33":"product_tag-dekorative-kante","34":"product_tag-delft","35":"product_tag-diy","36":"product_tag-drenthe","37":"product_tag-eindhoven","38":"product_tag-einzigartig","39":"product_tag-enschede","40":"product_tag-es","41":"product_tag-flevoland","42":"product_tag-formbare","43":"product_tag-freigabe","44":"product_tag-friesland","45":"product_tag-gelderland","46":"product_tag-gent","47":"product_tag-groningen","48":"product_tag-gut","49":"product_tag-gut-2","50":"product_tag-halskette","51":"product_tag-halskette-2","52":"product_tag-halskette-3","53":"product_tag-halsketten","54":"product_tag-handgefertigt-2","55":"product_tag-holland","56":"product_tag-hummer","57":"product_tag-hummer-2","58":"product_tag-hummerschlamm","59":"product_tag-hummerschloss","60":"product_tag-hummerschloss-2","61":"product_tag-hummerverschluss","62":"product_tag-hypoallergen","63":"product_tag-ihr","64":"product_tag-kallotje","65":"product_tag-kalotte","66":"product_tag-kalotte-2","67":"product_tag-kapitel","68":"product_tag-kapitel-klammer","69":"product_tag-kapitelsperre","70":"product_tag-kapitelsperre-2","71":"product_tag-karabinerhaken","72":"product_tag-kaufen","73":"product_tag-keine-allergische-reaktion","74":"product_tag-kette","75":"product_tag-klatscht","76":"product_tag-kunst","77":"product_tag-kupferton","78":"product_tag-kurzwarengeschaft","79":"product_tag-leeuwarden","80":"product_tag-lelystad","81":"product_tag-liefert","82":"product_tag-limburg","83":"product_tag-luttich","84":"product_tag-maastricht","85":"product_tag-machen","86":"product_tag-materialien","87":"product_tag-metalclay","88":"product_tag-metall","89":"product_tag-metallbearbeitung-3","90":"product_tag-metallton","91":"product_tag-middelburg","92":"product_tag-nicht-allergisch","93":"product_tag-niederlande","94":"product_tag-norden","95":"product_tag-ostende","96":"product_tag-overijssel","97":"product_tag-perlen-2","98":"product_tag-rabatt","99":"product_tag-real","100":"product_tag-reichweite","101":"product_tag-rein","102":"product_tag-rein-2","103":"product_tag-rein-3","104":"product_tag-rostfrei-2","105":"product_tag-rostfrei-3","106":"product_tag-rostfreier-stahl","107":"product_tag-rostfreier-stahl-3","108":"product_tag-rostfreier-stahl-6","109":"product_tag-rotterdam","110":"product_tag-schlagt","111":"product_tag-schliesungen","112":"product_tag-schlosser-2","113":"product_tag-schmuck","114":"product_tag-schmuckteile","115":"product_tag-selbst","116":"product_tag-sicher","117":"product_tag-sie-selbst","118":"product_tag-sie-selbst-2","119":"product_tag-silber","120":"product_tag-silber-2","121":"product_tag-silber-3","122":"product_tag-silber-ton-workshops","123":"product_tag-silberschmiede","124":"product_tag-silberton","125":"product_tag-sollid","126":"product_tag-sperren-3","127":"product_tag-sperren-4","128":"product_tag-stahl-2","129":"product_tag-sterling","130":"product_tag-sud","131":"product_tag-teile","132":"product_tag-ton-2","133":"product_tag-tun","134":"product_tag-um","135":"product_tag-umfangreich","136":"product_tag-unter-2","137":"product_tag-utrecht","138":"product_tag-verschluss","139":"product_tag-vorteilhaft","140":"product_tag-werkzeuge-2","141":"product_tag-wirklich","142":"product_tag-wobei","143":"product_tag-wohnung","144":"product_tag-zeeland","145":"product_tag-zwolle","146":"product_shipping_class-standard","147":"pa_afmeting-15mm","148":"pa_afmeting-10-mm","149":"pa_afmeting-11mm","150":"pa_afmeting-16565","151":"pa_afmeting-12mm","152":"pa_afmeting-13mm","153":"pa_afmeting-16566","154":"pa_afmeting-14mm","155":"pa_afmeting-16mm","156":"pa_afmeting-18mm","157":"pa_afmeting-1mm","158":"pa_afmeting-22mm","159":"pa_afmeting-2mm","160":"pa_afmeting-35mm-2","161":"pa_afmeting-3mm","162":"pa_afmeting-4mm","163":"pa_afmeting-55mm","164":"pa_afmeting-5mm","165":"pa_afmeting-6mm","166":"pa_afmeting-8mm","167":"pa_afmeting-9mm","169":"first","170":"instock","171":"taxable","172":"shipping-taxable","173":"purchasable","174":"product-type-simple"},"acf":[],"_links":{"self":[{"href":"https:\/\/esquell.eu\/de\/wp-json\/wp\/v2\/product\/18799","targetHints":{"allow":["GET"]}}],"collection":[{"href":"https:\/\/esquell.eu\/de\/wp-json\/wp\/v2\/product"}],"about":[{"href":"https:\/\/esquell.eu\/de\/wp-json\/wp\/v2\/types\/product"}],"replies":[{"embeddable":true,"href":"https:\/\/esquell.eu\/de\/wp-json\/wp\/v2\/comments?post=18799"}],"wp:featuredmedia":[{"embeddable":true,"href":"https:\/\/esquell.eu\/de\/wp-json\/wp\/v2\/media\/6767"}],"wp:attachment":[{"href":"https:\/\/esquell.eu\/de\/wp-json\/wp\/v2\/media?parent=18799"}],"wp:term":[{"taxonomy":"more","embeddable":true,"href":"https:\/\/esquell.eu\/de\/wp-json\/wp\/v2\/more?post=18799"},{"taxonomy":"product_brand","embeddable":true,"href":"https:\/\/esquell.eu\/de\/wp-json\/wp\/v2\/product_brand?post=18799"},{"taxonomy":"product_cat","embeddable":true,"href":"https:\/\/esquell.eu\/de\/wp-json\/wp\/v2\/product_cat?post=18799"},{"taxonomy":"product_tag","embeddable":true,"href":"https:\/\/esquell.eu\/de\/wp-json\/wp\/v2\/product_tag?post=18799"}],"curies":[{"name":"wp","href":"https:\/\/api.w.org\/{rel}","templated":true}]}}