{"id":18772,"date":"2025-05-04T18:40:21","date_gmt":"2025-05-04T18:40:21","guid":{"rendered":"https:\/\/esquell.eu\/product\/knebelschliesse-kapitelschliesse-edelstahl-verschiedene-groessen-preis-pro-5-sets\/"},"modified":"2025-05-04T18:40:21","modified_gmt":"2025-05-04T18:40:21","slug":"knebelschliesse-kapitelschliesse-edelstahl-verschiedene-groessen-preis-pro-5-sets","status":"publish","type":"product","link":"https:\/\/esquell.eu\/de\/produkt\/knebelschliesse-kapitelschliesse-edelstahl-verschiedene-groessen-preis-pro-5-sets\/","title":{"rendered":"Knebelschlie\u00dfe, Kapitelschlie\u00dfe Edelstahl Verschiedene Gr\u00f6\u00dfen Preis pro 5 Sets"},"content":{"rendered":"<p>Kippbarer Verschluss,<\/p>\n<p>Kapitelschloss aus Edelstahl 304<\/p>\n<p>Hypoallergen<\/p>\n<p>Edelstahl l\u00f6st keine allergischen Reaktionen aus. Schmuck aus rostfreiem Stahl ist der perfekte Schmuck, denn er ist hypoallergen, so dass eine allergische Reaktion selten auftritt. Er wird auch als Chirurgenstahl oder Edelstahl bezeichnet und wird zum Beispiel f\u00fcr Geschw\u00fcrkn\u00f6pfe verwendet, die nach dem Schie\u00dfen von Ohrringen getragen werden. Schmuck aus rostfreiem Stahl wird auch als medizinischer Schmuck bezeichnet.   <\/p>\n","protected":false},"excerpt":{"rendered":"<p>Kippbarer Verschluss,<\/p>\n<p>Kapitelschloss aus Edelstahl 304<\/p>\n<p>Hypoallergen<\/p>\n<p>5 Verschl\u00fcsse<\/p>\n<p>14*20mm<\/p>\n<p>Edelstahl l\u00f6st keine allergischen Reaktionen aus. Schmuck aus rostfreiem Stahl ist der perfekte Schmuck, denn er ist hypoallergen, so dass eine allergische Reaktion selten auftritt. Er wird auch als Chirurgenstahl oder Edelstahl bezeichnet und wird zum Beispiel f\u00fcr Geschw\u00fcrkn\u00f6pfe verwendet, die nach dem Schie\u00dfen von Ohrringen getragen werden. Schmuck aus rostfreiem Stahl wird auch als medizinischer Schmuck bezeichnet.   <\/p>\n<p>&nbsp;<\/p>\n<p>&nbsp;<\/p>\n","protected":false},"featured_media":6762,"comment_status":"closed","ping_status":"closed","template":"","meta":{"_acf_changed":false,"_seopress_robots_primary_cat":"none","_seopress_titles_title":"","_seopress_titles_desc":"","_seopress_robots_index":""},"more":[],"product_brand":[6365],"product_cat":[14168],"product_tag":[15900,6488,6506,6942,6948,6817,8713,7058,6773,16567,6689,12692,6492,6438,6944,6458,6415,6840,6903,7123,6936,7076,9029,16575,7804,6494,6826,7799,9979,7802,6895,6842,7555,8091,6824,6830,6934,6822,6994,7171,6693,6998,16475,6836,16465,16485,16572,16484,16500,16479,12078,6897,16570,16576,16571,16471,6786,16574,6691,16477,6498,6905,6775,6932,6950,7019,6844,6952,7801,6421,11057,6444,7557,14688,6441,7800,16573,6455,6832,6938,6828,7524,6806,6432,8786,6424,6926,7023,12070,13887,7742,10486,16568,6928,16481,8496,16473,6419,7539,6899,16569,6558,6901,6417,6671,6812,16483,7086,6490,6996,14170,16469,10495,6920,6834,6781,6500,6893,10717,16467,6784,6795,12539,7276,6818,6429,6783,8520,6838,7796],"class_list":{"0":"post-18772","1":"product","2":"type-product","3":"status-publish","4":"has-post-thumbnail","6":"product_brand-l1","7":"product_cat-andere-metalle-2","8":"product_tag-hier-ist","9":"product_tag-6488","10":"product_tag-6506","11":"product_tag-alkmaar","12":"product_tag-almere","13":"product_tag-amsterdam","14":"product_tag-angebot-2","15":"product_tag-anhanger-3","16":"product_tag-antwerpen","17":"product_tag-antwort","18":"product_tag-armband","19":"product_tag-armband-2","20":"product_tag-artclay","21":"product_tag-artclaysilver","22":"product_tag-assen","23":"product_tag-belgien","24":"product_tag-billig","25":"product_tag-brabant","26":"product_tag-bronze-ton","27":"product_tag-brucke","28":"product_tag-brussel","29":"product_tag-charme-2","30":"product_tag-charme-4","31":"product_tag-clabs","32":"product_tag-delft","33":"product_tag-diy","34":"product_tag-drenthe","35":"product_tag-eindhoven","36":"product_tag-einzigartig","37":"product_tag-enschede","38":"product_tag-es","39":"product_tag-flevoland","40":"product_tag-formbare","41":"product_tag-freigabe","42":"product_tag-friesland","43":"product_tag-gelderland","44":"product_tag-gent","45":"product_tag-groningen","46":"product_tag-gut","47":"product_tag-gut-2","48":"product_tag-halskette","49":"product_tag-halskette-2","50":"product_tag-handgefertigt-2","51":"product_tag-holland","52":"product_tag-hummer","53":"product_tag-hummer-2","54":"product_tag-hummerschlamm","55":"product_tag-hummerschloss","56":"product_tag-hummerschloss-2","57":"product_tag-hummerverschluss","58":"product_tag-hypoallergen","59":"product_tag-ihr","60":"product_tag-kapitel","61":"product_tag-kapitel-klammer","62":"product_tag-kapitelsperre","63":"product_tag-karabinerhaken","64":"product_tag-kaufen","65":"product_tag-keine-allergische-reaktion","66":"product_tag-kette","67":"product_tag-klatscht","68":"product_tag-kunst","69":"product_tag-kupferton","70":"product_tag-kurzwarengeschaft","71":"product_tag-leeuwarden","72":"product_tag-lelystad","73":"product_tag-liefert","74":"product_tag-limburg","75":"product_tag-luttich","76":"product_tag-maastricht","77":"product_tag-machen","78":"product_tag-materialien","79":"product_tag-metalclay","80":"product_tag-metall","81":"product_tag-metallbearbeitung-3","82":"product_tag-metallton","83":"product_tag-middelburg","84":"product_tag-nicht-allergisch","85":"product_tag-niederlande","86":"product_tag-norden","87":"product_tag-ostende","88":"product_tag-overijssel","89":"product_tag-perlen-2","90":"product_tag-rabatt","91":"product_tag-real","92":"product_tag-reichweite","93":"product_tag-rein","94":"product_tag-rein-2","95":"product_tag-rein-3","96":"product_tag-rostfrei-2","97":"product_tag-rostfrei-3","98":"product_tag-rostfreier-stahl","99":"product_tag-rostfreier-stahl-3","100":"product_tag-rostfreier-stahl-6","101":"product_tag-rotterdam","102":"product_tag-schlagt","103":"product_tag-schliesungen","104":"product_tag-schlosser-2","105":"product_tag-schmuck","106":"product_tag-schmuckteile","107":"product_tag-selbst","108":"product_tag-sicher","109":"product_tag-sie-selbst","110":"product_tag-sie-selbst-2","111":"product_tag-silber","112":"product_tag-silber-2","113":"product_tag-silber-3","114":"product_tag-silber-ton-workshops","115":"product_tag-silberschmiede","116":"product_tag-silberton","117":"product_tag-sollid","118":"product_tag-sperren-3","119":"product_tag-sperren-4","120":"product_tag-stahl-2","121":"product_tag-sterling","122":"product_tag-sud","123":"product_tag-teile","124":"product_tag-ton-2","125":"product_tag-tun","126":"product_tag-um","127":"product_tag-umfangreich","128":"product_tag-unter-2","129":"product_tag-utrecht","130":"product_tag-verschluss","131":"product_tag-vorteilhaft","132":"product_tag-werkzeuge-2","133":"product_tag-wirklich","134":"product_tag-wobei","135":"product_tag-wohnung","136":"product_tag-zeeland","137":"product_tag-zwolle","138":"product_shipping_class-standard","139":"pa_afmeting-15mm","140":"pa_afmeting-10-mm","141":"pa_afmeting-11mm","142":"pa_afmeting-16565","143":"pa_afmeting-12mm","144":"pa_afmeting-13mm","145":"pa_afmeting-16566","146":"pa_afmeting-14mm","147":"pa_afmeting-16mm","148":"pa_afmeting-18mm","149":"pa_afmeting-1mm","150":"pa_afmeting-22mm","151":"pa_afmeting-2mm","152":"pa_afmeting-35mm-2","153":"pa_afmeting-3mm","154":"pa_afmeting-4mm","155":"pa_afmeting-55mm","156":"pa_afmeting-5mm","157":"pa_afmeting-6mm","158":"pa_afmeting-8mm","159":"pa_afmeting-9mm","161":"first","162":"instock","163":"taxable","164":"shipping-taxable","165":"purchasable","166":"product-type-variable"},"acf":[],"_links":{"self":[{"href":"https:\/\/esquell.eu\/de\/wp-json\/wp\/v2\/product\/18772","targetHints":{"allow":["GET"]}}],"collection":[{"href":"https:\/\/esquell.eu\/de\/wp-json\/wp\/v2\/product"}],"about":[{"href":"https:\/\/esquell.eu\/de\/wp-json\/wp\/v2\/types\/product"}],"replies":[{"embeddable":true,"href":"https:\/\/esquell.eu\/de\/wp-json\/wp\/v2\/comments?post=18772"}],"wp:featuredmedia":[{"embeddable":true,"href":"https:\/\/esquell.eu\/de\/wp-json\/wp\/v2\/media\/6762"}],"wp:attachment":[{"href":"https:\/\/esquell.eu\/de\/wp-json\/wp\/v2\/media?parent=18772"}],"wp:term":[{"taxonomy":"more","embeddable":true,"href":"https:\/\/esquell.eu\/de\/wp-json\/wp\/v2\/more?post=18772"},{"taxonomy":"product_brand","embeddable":true,"href":"https:\/\/esquell.eu\/de\/wp-json\/wp\/v2\/product_brand?post=18772"},{"taxonomy":"product_cat","embeddable":true,"href":"https:\/\/esquell.eu\/de\/wp-json\/wp\/v2\/product_cat?post=18772"},{"taxonomy":"product_tag","embeddable":true,"href":"https:\/\/esquell.eu\/de\/wp-json\/wp\/v2\/product_tag?post=18772"}],"curies":[{"name":"wp","href":"https:\/\/api.w.org\/{rel}","templated":true}]}}