{"id":18751,"date":"2025-05-04T12:17:53","date_gmt":"2025-05-04T12:17:53","guid":{"rendered":"https:\/\/esquell.eu\/product\/manschettenknopf-925-sterling-silber-mit-klebeflaeche-loetflaeche-925-sterling-silber-preis-pro-paar\/"},"modified":"2025-05-04T12:17:53","modified_gmt":"2025-05-04T12:17:53","slug":"manschettenknopf-925-sterling-silber-mit-klebeflaeche-loetflaeche-925-sterling-silber-preis-pro-paar","status":"publish","type":"product","link":"https:\/\/esquell.eu\/de\/produkt\/manschettenknopf-925-sterling-silber-mit-klebeflaeche-loetflaeche-925-sterling-silber-preis-pro-paar\/","title":{"rendered":"Manschettenknopf 925 Sterling Silber mit Klebefl\u00e4che\/L\u00f6tfl\u00e4che 925 Sterling Silber Preis pro Paar"},"content":{"rendered":"<p>Manschettenknopf, Gesamtl\u00e4nge 23mm<br \/>\nGr\u00f6\u00dfe Platte 9mm, Dicke 0,7mm<br \/>\nOberfl\u00e4che gl\u00e4nzend<\/p>\n<p>Speziell zum L\u00f6ten von Metallen oder Kleben von Glascabochons oder anderen Materialien<\/p>\n","protected":false},"excerpt":{"rendered":"<p>Manschettenknopf, Gesamtl\u00e4nge 23mm<br \/>\nGr\u00f6\u00dfe Platte 9mm, Dicke 0,7mm<br \/>\nOberfl\u00e4che gl\u00e4nzend<\/p>\n<p>Speziell zum L\u00f6ten von Metallen oder Kleben von Glascabochons oder anderen Materialien<\/p>\n<p>&nbsp;<\/p>\n","protected":false},"featured_media":6666,"comment_status":"closed","ping_status":"closed","template":"","meta":{"_acf_changed":false,"_seopress_robots_primary_cat":"none","_seopress_titles_title":"","_seopress_titles_desc":"","_seopress_robots_index":""},"more":[],"product_brand":[8480],"product_cat":[14167],"product_tag":[15900,6488,6506,6942,6948,6817,8713,6802,7058,8120,8122,6773,6689,12692,6492,6438,6944,14333,6458,6415,6840,6903,7123,6936,7076,9029,7804,16502,6881,6494,16541,6826,7799,9979,16522,16525,7802,6895,10516,6842,7555,7547,6680,8091,6824,7017,6830,6934,9393,6822,6994,7171,16528,16530,6998,9379,6693,16475,10822,6836,16465,16485,16484,16500,16479,6897,9641,16532,16486,16471,6786,6691,16477,6698,6498,6905,6775,16543,6932,6950,7019,6844,6952,6679,7801,6421,16551,16553,11057,16544,6444,7557,14688,6441,7800,6455,6832,6938,6828,7524,16498,6806,6432,8786,7023,6424,6926,6928,16542,16481,8496,16473,6419,7539,6899,6889,6558,6901,16489,6417,6671,6812,16483,7086,6490,6996,14170,16469,16531,6920,16545,6834,6781,6500,7511,6893,10717,16467,6784,6795,12539,7276,6814,6818,6429,6783,8520,6838,7796],"class_list":{"0":"post-18751","1":"product","2":"type-product","3":"status-publish","4":"has-post-thumbnail","6":"product_brand-925-handwerk","7":"product_cat-925-sterling-silber","8":"product_tag-hier-ist","9":"product_tag-6488","10":"product_tag-6506","11":"product_tag-alkmaar","12":"product_tag-almere","13":"product_tag-amsterdam","14":"product_tag-angebot-2","15":"product_tag-angebot","16":"product_tag-anhanger-3","17":"product_tag-antik","18":"product_tag-antik-look","19":"product_tag-antwerpen","20":"product_tag-armband","21":"product_tag-armband-2","22":"product_tag-artclay","23":"product_tag-artclaysilver","24":"product_tag-assen","25":"product_tag-auge-2","26":"product_tag-belgien","27":"product_tag-billig","28":"product_tag-brabant","29":"product_tag-bronze-ton","30":"product_tag-brucke","31":"product_tag-brussel","32":"product_tag-charme-2","33":"product_tag-charme-4","34":"product_tag-delft","35":"product_tag-deutschlandh","36":"product_tag-deutsland","37":"product_tag-diy","38":"product_tag-drahtsplitter","39":"product_tag-drenthe","40":"product_tag-eindhoven","41":"product_tag-einzigartig","42":"product_tag-endkappe","43":"product_tag-endstuck","44":"product_tag-enschede","45":"product_tag-es","46":"product_tag-finishing","47":"product_tag-flevoland","48":"product_tag-formbare","49":"product_tag-frankreich-2","50":"product_tag-frankreich","51":"product_tag-freigabe","52":"product_tag-friesland","53":"product_tag-fur","54":"product_tag-gelderland","55":"product_tag-gent","56":"product_tag-glasschmuck","57":"product_tag-groningen","58":"product_tag-gut","59":"product_tag-gut-2","60":"product_tag-haken","61":"product_tag-hakenschloss","62":"product_tag-halskette-2","63":"product_tag-halskette-3","64":"product_tag-halskette","65":"product_tag-handgefertigt-2","66":"product_tag-hochwertige","67":"product_tag-holland","68":"product_tag-hummer","69":"product_tag-hummer-2","70":"product_tag-hummerschloss","71":"product_tag-hummerschloss-2","72":"product_tag-hummerverschluss","73":"product_tag-ihr","74":"product_tag-kabel","75":"product_tag-kabelklemme","76":"product_tag-kalotte","77":"product_tag-karabinerhaken","78":"product_tag-kaufen","79":"product_tag-kette","80":"product_tag-klatscht","81":"product_tag-kumihimo","82":"product_tag-kunst","83":"product_tag-kupferton","84":"product_tag-kurzwarengeschaft","85":"product_tag-lagen-halskette","86":"product_tag-leeuwarden","87":"product_tag-lelystad","88":"product_tag-liefert","89":"product_tag-limburg","90":"product_tag-luttich","91":"product_tag-luxemburg","92":"product_tag-maastricht","93":"product_tag-machen","94":"product_tag-manschettenknopf","95":"product_tag-manschettenknopfe","96":"product_tag-materialien","97":"product_tag-mehrere","98":"product_tag-metalclay","99":"product_tag-metall","100":"product_tag-metallbearbeitung-3","101":"product_tag-metallton","102":"product_tag-middelburg","103":"product_tag-niederlande","104":"product_tag-norden","105":"product_tag-ostende","106":"product_tag-overijssel","107":"product_tag-perlen-2","108":"product_tag-quetschwulst","109":"product_tag-rabatt","110":"product_tag-real","111":"product_tag-reichweite","112":"product_tag-rein-3","113":"product_tag-rein","114":"product_tag-rein-2","115":"product_tag-rotterdam","116":"product_tag-schichtkette","117":"product_tag-schlagt","118":"product_tag-schliesungen","119":"product_tag-schlosser-2","120":"product_tag-schmuck","121":"product_tag-schmuckteile","122":"product_tag-selbst","123":"product_tag-shop","124":"product_tag-sie-selbst","125":"product_tag-sie-selbst-2","126":"product_tag-silber-5","127":"product_tag-silber","128":"product_tag-silber-2","129":"product_tag-silber-3","130":"product_tag-silber-ton-workshops","131":"product_tag-silberschmiede","132":"product_tag-silberton","133":"product_tag-sollid","134":"product_tag-sperren-3","135":"product_tag-sperren-4","136":"product_tag-spitzenklammer","137":"product_tag-sterling","138":"product_tag-strange","139":"product_tag-sud","140":"product_tag-teile","141":"product_tag-ton-2","142":"product_tag-tonschmuck","143":"product_tag-tun","144":"product_tag-um","145":"product_tag-umfangreich","146":"product_tag-unter-2","147":"product_tag-utrecht","148":"product_tag-verschluss","149":"product_tag-vorteilhaft","150":"product_tag-webshop","151":"product_tag-werkzeuge-2","152":"product_tag-wirklich","153":"product_tag-wobei","154":"product_tag-wohnung","155":"product_tag-zeeland","156":"product_tag-zwolle","157":"product_shipping_class-standard","158":"pa_afmeting-15mm","159":"pa_afmeting-10-mm","160":"pa_afmeting-11mm","161":"pa_afmeting-12mm","162":"pa_afmeting-13mm","163":"pa_afmeting-14mm","164":"pa_afmeting-16mm","165":"pa_afmeting-18mm","166":"pa_afmeting-1mm","167":"pa_afmeting-22mm","168":"pa_afmeting-2mm","169":"pa_afmeting-35mm-2","170":"pa_afmeting-3mm","171":"pa_afmeting-4mm","172":"pa_afmeting-55mm","173":"pa_afmeting-5mm","174":"pa_afmeting-6mm","175":"pa_afmeting-8mm","176":"pa_afmeting-9mm","178":"first","179":"instock","180":"taxable","181":"shipping-taxable","182":"purchasable","183":"product-type-simple"},"acf":[],"_links":{"self":[{"href":"https:\/\/esquell.eu\/de\/wp-json\/wp\/v2\/product\/18751","targetHints":{"allow":["GET"]}}],"collection":[{"href":"https:\/\/esquell.eu\/de\/wp-json\/wp\/v2\/product"}],"about":[{"href":"https:\/\/esquell.eu\/de\/wp-json\/wp\/v2\/types\/product"}],"replies":[{"embeddable":true,"href":"https:\/\/esquell.eu\/de\/wp-json\/wp\/v2\/comments?post=18751"}],"wp:featuredmedia":[{"embeddable":true,"href":"https:\/\/esquell.eu\/de\/wp-json\/wp\/v2\/media\/6666"}],"wp:attachment":[{"href":"https:\/\/esquell.eu\/de\/wp-json\/wp\/v2\/media?parent=18751"}],"wp:term":[{"taxonomy":"more","embeddable":true,"href":"https:\/\/esquell.eu\/de\/wp-json\/wp\/v2\/more?post=18751"},{"taxonomy":"product_brand","embeddable":true,"href":"https:\/\/esquell.eu\/de\/wp-json\/wp\/v2\/product_brand?post=18751"},{"taxonomy":"product_cat","embeddable":true,"href":"https:\/\/esquell.eu\/de\/wp-json\/wp\/v2\/product_cat?post=18751"},{"taxonomy":"product_tag","embeddable":true,"href":"https:\/\/esquell.eu\/de\/wp-json\/wp\/v2\/product_tag?post=18751"}],"curies":[{"name":"wp","href":"https:\/\/api.w.org\/{rel}","templated":true}]}}