{"id":18722,"date":"2025-05-04T11:38:40","date_gmt":"2025-05-04T11:38:40","guid":{"rendered":"https:\/\/esquell.eu\/product\/verschluss-haken-oese-925-silber-925-sterling-silber-preis-pro-set\/"},"modified":"2025-12-22T10:51:31","modified_gmt":"2025-12-22T10:51:31","slug":"verschluss-haken-oese-925-silber-925-sterling-silber-preis-pro-set","status":"publish","type":"product","link":"https:\/\/esquell.eu\/de\/produkt\/verschluss-haken-oese-925-silber-925-sterling-silber-preis-pro-set\/","title":{"rendered":"Verschluss Haken &amp; \u00d6se 925 Silber 925 Sterling Silber Preis pro Set."},"content":{"rendered":"<p>Verschluss Haken &amp; \u00d6se aus 925er Silber.<br \/>\nDiese Endst\u00fccke eignen sich u.a. f\u00fcr Kumihimo-Faden, Lederkordel, Gummi oder Stoff.<br \/>\nDie Abmessungen sind;<br \/>\nL\u00e4nge pro Verschlussteil ca. 18,mm,<br \/>\nInnengr\u00f6\u00dfe \u00d6se, in die der Haken f\u00e4llt 5,3mm<\/p>\n<p>Das Loch f\u00fcr die Kordel ist leicht oval, 3,3*2,9mm<\/p>\n<p>Gewicht 1,5 Gramm<\/p>\n","protected":false},"excerpt":{"rendered":"<p>Verschluss Haken &amp; \u00d6se aus 925er Silber.<br \/>\nDiese Endst\u00fccke eignen sich u.a. f\u00fcr Kumihimo-Draht, Lederkordel, Gummi oder Stoff.<br \/>\nDie Abmessungen sind;<br \/>\nL\u00e4nge pro Verschlussteil ca. 18,mm,<br \/>\nInnengr\u00f6\u00dfe \u00d6se, in die der Haken f\u00e4llt 5,3mm<\/p>\n<p>&nbsp;<\/p>\n<p>&nbsp;<\/p>\n","protected":false},"featured_media":18725,"comment_status":"closed","ping_status":"closed","template":"","meta":{"_acf_changed":false,"_seopress_robots_primary_cat":"none","_seopress_titles_title":"","_seopress_titles_desc":"","_seopress_robots_index":""},"more":[],"product_brand":[8480],"product_cat":[14167],"product_tag":[15900,6488,6506,6942,6948,6817,6802,8713,7058,6773,12692,6689,6492,6438,6944,14333,6458,6415,6840,6903,7123,6936,7076,9029,7804,16502,6881,6494,6826,7799,9979,16522,16525,7802,6895,10516,21661,6842,7555,6680,7547,8091,6824,7017,6830,6934,6822,6994,7171,16528,6998,9379,6693,16475,10822,6836,16465,16485,16484,16500,16479,6897,9641,16532,16486,16471,6786,6691,16477,6698,6498,6905,6775,6932,6950,7019,6844,6952,6679,7801,6421,11057,6444,7557,14688,6441,7800,6455,6832,6938,6828,7524,16498,6806,6432,8786,6926,7023,6424,6928,16481,8496,16473,6419,7539,6899,6889,6558,6901,6812,16489,6417,6671,16483,7086,6490,6996,14170,16469,16531,6920,6834,6781,6500,6893,10717,16467,6784,6795,12539,7276,6814,6818,6429,6783,8520,6838,7796],"class_list":{"0":"post-18722","1":"product","2":"type-product","3":"status-publish","4":"has-post-thumbnail","6":"product_brand-925-handwerk","7":"product_cat-925-sterling-silber","8":"product_tag-hier-ist","9":"product_tag-6488","10":"product_tag-6506","11":"product_tag-alkmaar","12":"product_tag-almere","13":"product_tag-amsterdam","14":"product_tag-angebot","15":"product_tag-angebot-2","16":"product_tag-anhanger-3","17":"product_tag-antwerpen","18":"product_tag-armband-2","19":"product_tag-armband","20":"product_tag-artclay","21":"product_tag-artclaysilver","22":"product_tag-assen","23":"product_tag-auge-2","24":"product_tag-belgien","25":"product_tag-billig","26":"product_tag-brabant","27":"product_tag-bronze-ton","28":"product_tag-brucke","29":"product_tag-brussel","30":"product_tag-charme-2","31":"product_tag-charme-4","32":"product_tag-delft","33":"product_tag-deutschlandh","34":"product_tag-deutsland","35":"product_tag-diy","36":"product_tag-drenthe","37":"product_tag-eindhoven","38":"product_tag-einzigartig","39":"product_tag-endkappe","40":"product_tag-endstuck","41":"product_tag-enschede","42":"product_tag-es","43":"product_tag-finishing","44":"product_tag-finition","45":"product_tag-flevoland","46":"product_tag-formbare","47":"product_tag-frankreich","48":"product_tag-frankreich-2","49":"product_tag-freigabe","50":"product_tag-friesland","51":"product_tag-fur","52":"product_tag-gelderland","53":"product_tag-gent","54":"product_tag-groningen","55":"product_tag-gut","56":"product_tag-gut-2","57":"product_tag-haken","58":"product_tag-halskette-2","59":"product_tag-halskette-3","60":"product_tag-halskette","61":"product_tag-handgefertigt-2","62":"product_tag-hochwertige","63":"product_tag-holland","64":"product_tag-hummer","65":"product_tag-hummer-2","66":"product_tag-hummerschloss","67":"product_tag-hummerschloss-2","68":"product_tag-hummerverschluss","69":"product_tag-ihr","70":"product_tag-kabel","71":"product_tag-kabelklemme","72":"product_tag-kalotte","73":"product_tag-karabinerhaken","74":"product_tag-kaufen","75":"product_tag-kette","76":"product_tag-klatscht","77":"product_tag-kumihimo","78":"product_tag-kunst","79":"product_tag-kupferton","80":"product_tag-kurzwarengeschaft","81":"product_tag-leeuwarden","82":"product_tag-lelystad","83":"product_tag-liefert","84":"product_tag-limburg","85":"product_tag-luttich","86":"product_tag-luxemburg","87":"product_tag-maastricht","88":"product_tag-machen","89":"product_tag-materialien","90":"product_tag-metalclay","91":"product_tag-metall","92":"product_tag-metallbearbeitung-3","93":"product_tag-metallton","94":"product_tag-middelburg","95":"product_tag-niederlande","96":"product_tag-norden","97":"product_tag-ostende","98":"product_tag-overijssel","99":"product_tag-perlen-2","100":"product_tag-quetschwulst","101":"product_tag-rabatt","102":"product_tag-real","103":"product_tag-reichweite","104":"product_tag-rein-2","105":"product_tag-rein-3","106":"product_tag-rein","107":"product_tag-rotterdam","108":"product_tag-schlagt","109":"product_tag-schliesungen","110":"product_tag-schlosser-2","111":"product_tag-schmuck","112":"product_tag-schmuckteile","113":"product_tag-selbst","114":"product_tag-shop","115":"product_tag-sie-selbst","116":"product_tag-sie-selbst-2","117":"product_tag-silber-3","118":"product_tag-silber-5","119":"product_tag-silber","120":"product_tag-silber-2","121":"product_tag-silber-ton-workshops","122":"product_tag-silberschmiede","123":"product_tag-silberton","124":"product_tag-sollid","125":"product_tag-sperren-3","126":"product_tag-sperren-4","127":"product_tag-spitzenklammer","128":"product_tag-sterling","129":"product_tag-sud","130":"product_tag-teile","131":"product_tag-ton-2","132":"product_tag-tun","133":"product_tag-um","134":"product_tag-umfangreich","135":"product_tag-unter-2","136":"product_tag-utrecht","137":"product_tag-verschluss","138":"product_tag-vorteilhaft","139":"product_tag-webshop","140":"product_tag-werkzeuge-2","141":"product_tag-wirklich","142":"product_tag-wobei","143":"product_tag-wohnung","144":"product_tag-zeeland","145":"product_tag-zwolle","146":"product_shipping_class-standard","147":"pa_afmeting-15mm","148":"pa_afmeting-10-mm","149":"pa_afmeting-11mm","150":"pa_afmeting-12mm","151":"pa_afmeting-13mm","152":"pa_afmeting-14mm","153":"pa_afmeting-16mm","154":"pa_afmeting-18mm","155":"pa_afmeting-1mm","156":"pa_afmeting-22mm","157":"pa_afmeting-2mm","158":"pa_afmeting-35mm-2","159":"pa_afmeting-3mm","160":"pa_afmeting-4mm","161":"pa_afmeting-55mm","162":"pa_afmeting-5mm","163":"pa_afmeting-6mm","164":"pa_afmeting-8mm","165":"pa_afmeting-9mm","167":"first","168":"instock","169":"taxable","170":"shipping-taxable","171":"purchasable","172":"product-type-simple"},"acf":[],"_links":{"self":[{"href":"https:\/\/esquell.eu\/de\/wp-json\/wp\/v2\/product\/18722","targetHints":{"allow":["GET"]}}],"collection":[{"href":"https:\/\/esquell.eu\/de\/wp-json\/wp\/v2\/product"}],"about":[{"href":"https:\/\/esquell.eu\/de\/wp-json\/wp\/v2\/types\/product"}],"replies":[{"embeddable":true,"href":"https:\/\/esquell.eu\/de\/wp-json\/wp\/v2\/comments?post=18722"}],"wp:featuredmedia":[{"embeddable":true,"href":"https:\/\/esquell.eu\/de\/wp-json\/wp\/v2\/media\/18725"}],"wp:attachment":[{"href":"https:\/\/esquell.eu\/de\/wp-json\/wp\/v2\/media?parent=18722"}],"wp:term":[{"taxonomy":"more","embeddable":true,"href":"https:\/\/esquell.eu\/de\/wp-json\/wp\/v2\/more?post=18722"},{"taxonomy":"product_brand","embeddable":true,"href":"https:\/\/esquell.eu\/de\/wp-json\/wp\/v2\/product_brand?post=18722"},{"taxonomy":"product_cat","embeddable":true,"href":"https:\/\/esquell.eu\/de\/wp-json\/wp\/v2\/product_cat?post=18722"},{"taxonomy":"product_tag","embeddable":true,"href":"https:\/\/esquell.eu\/de\/wp-json\/wp\/v2\/product_tag?post=18722"}],"curies":[{"name":"wp","href":"https:\/\/api.w.org\/{rel}","templated":true}]}}