{"id":18686,"date":"2025-05-04T11:28:30","date_gmt":"2025-05-04T11:28:30","guid":{"rendered":"https:\/\/esquell.eu\/product\/silberne-kalotte-endperle-3mm-doppelring-925-sterling-silber-paar\/"},"modified":"2025-05-04T11:28:30","modified_gmt":"2025-05-04T11:28:30","slug":"silberne-kalotte-endperle-3mm-doppelring-925-sterling-silber-paar","status":"publish","type":"product","link":"https:\/\/esquell.eu\/de\/produkt\/silberne-kalotte-endperle-3mm-doppelring-925-sterling-silber-paar\/","title":{"rendered":"Silberne Kalotte, Endperle, 3mm Doppelring 925 Sterling Silber Paar."},"content":{"rendered":"<p>Silberkalotte. Kalotte Pro Paar ( 2 St\u00fcck) Becher aus 3mm 925er Sterlingsilber. <\/p>\n<p>Hat einen Ring an beiden Tassen<\/p>\n<p>Gl\u00e4nzende Oberfl\u00e4che<\/p>\n<p>H\u00fcbsche Endst\u00fccke f\u00fcr aufgef\u00e4delte Perlen. Die Kalotte kann an der Schlie\u00dfe befestigt werden. <\/p>\n<p>F\u00fcr das Einf\u00e4deln von Metall: Verwenden Sie eine Quetschwulst f\u00fcr den Abschluss in der Kalotte<\/p>\n<p>Verwenden Sie f\u00fcr den Abschluss in der Kalotte eine kleine Perle aus Baumwolle oder anderem Heftgarn.<\/p>\n<p>&nbsp;<\/p>\n","protected":false},"excerpt":{"rendered":"<p>Silberkalotte. Kalotte Pro Paar ( 2 St\u00fcck) Becher aus 3mm 925er Sterlingsilber. <\/p>\n<p>Hat einen Ring an beiden Tassen<\/p>\n<p>Gl\u00e4nzende Oberfl\u00e4che<\/p>\n<p>H\u00fcbsche Endst\u00fccke f\u00fcr aufgef\u00e4delte Perlen. Die Kalotte kann an der Schlie\u00dfe befestigt werden. <\/p>\n<p>&nbsp;<\/p>\n<p>&nbsp;<\/p>\n","protected":false},"featured_media":6739,"comment_status":"closed","ping_status":"closed","template":"","meta":{"_acf_changed":false,"_seopress_robots_primary_cat":"none","_seopress_titles_title":"","_seopress_titles_desc":"","_seopress_robots_index":""},"more":[],"product_brand":[6992],"product_cat":[14167],"product_tag":[15900,6488,6506,6942,6948,6817,8713,6802,7058,6773,12692,6689,6492,6438,6944,6458,6415,6840,6903,7123,6936,7076,9029,7804,16502,6881,6494,6826,7799,9979,7802,6895,10516,6842,7555,6680,7547,8091,6824,6830,6934,6822,6994,7171,6693,6998,16475,10822,6836,16465,16485,16484,16500,16479,6897,16486,16471,6786,6691,16477,6498,6905,6775,6932,6950,7019,6844,6952,6679,7801,6421,11057,6444,7557,14688,6441,7800,6455,6832,6938,6828,7524,16498,6806,6432,8786,6424,6926,7023,6928,16481,8496,16473,6419,7539,6899,6889,6558,6901,16489,6417,6671,6812,16483,7086,6490,6996,14170,16469,6920,6834,6781,6500,6893,10717,16467,6784,6795,12539,7276,6814,6818,6429,6783,8520,6838,7796],"class_list":{"0":"post-18686","1":"product","2":"type-product","3":"status-publish","4":"has-post-thumbnail","6":"product_brand-ayu","7":"product_cat-925-sterling-silber","8":"product_tag-hier-ist","9":"product_tag-6488","10":"product_tag-6506","11":"product_tag-alkmaar","12":"product_tag-almere","13":"product_tag-amsterdam","14":"product_tag-angebot-2","15":"product_tag-angebot","16":"product_tag-anhanger-3","17":"product_tag-antwerpen","18":"product_tag-armband-2","19":"product_tag-armband","20":"product_tag-artclay","21":"product_tag-artclaysilver","22":"product_tag-assen","23":"product_tag-belgien","24":"product_tag-billig","25":"product_tag-brabant","26":"product_tag-bronze-ton","27":"product_tag-brucke","28":"product_tag-brussel","29":"product_tag-charme-2","30":"product_tag-charme-4","31":"product_tag-delft","32":"product_tag-deutschlandh","33":"product_tag-deutsland","34":"product_tag-diy","35":"product_tag-drenthe","36":"product_tag-eindhoven","37":"product_tag-einzigartig","38":"product_tag-enschede","39":"product_tag-es","40":"product_tag-finishing","41":"product_tag-flevoland","42":"product_tag-formbare","43":"product_tag-frankreich","44":"product_tag-frankreich-2","45":"product_tag-freigabe","46":"product_tag-friesland","47":"product_tag-gelderland","48":"product_tag-gent","49":"product_tag-groningen","50":"product_tag-gut","51":"product_tag-gut-2","52":"product_tag-halskette","53":"product_tag-halskette-2","54":"product_tag-handgefertigt-2","55":"product_tag-hochwertige","56":"product_tag-holland","57":"product_tag-hummer","58":"product_tag-hummer-2","59":"product_tag-hummerschloss","60":"product_tag-hummerschloss-2","61":"product_tag-hummerverschluss","62":"product_tag-ihr","63":"product_tag-kalotte","64":"product_tag-karabinerhaken","65":"product_tag-kaufen","66":"product_tag-kette","67":"product_tag-klatscht","68":"product_tag-kunst","69":"product_tag-kupferton","70":"product_tag-kurzwarengeschaft","71":"product_tag-leeuwarden","72":"product_tag-lelystad","73":"product_tag-liefert","74":"product_tag-limburg","75":"product_tag-luttich","76":"product_tag-luxemburg","77":"product_tag-maastricht","78":"product_tag-machen","79":"product_tag-materialien","80":"product_tag-metalclay","81":"product_tag-metall","82":"product_tag-metallbearbeitung-3","83":"product_tag-metallton","84":"product_tag-middelburg","85":"product_tag-niederlande","86":"product_tag-norden","87":"product_tag-ostende","88":"product_tag-overijssel","89":"product_tag-perlen-2","90":"product_tag-quetschwulst","91":"product_tag-rabatt","92":"product_tag-real","93":"product_tag-reichweite","94":"product_tag-rein","95":"product_tag-rein-2","96":"product_tag-rein-3","97":"product_tag-rotterdam","98":"product_tag-schlagt","99":"product_tag-schliesungen","100":"product_tag-schlosser-2","101":"product_tag-schmuck","102":"product_tag-schmuckteile","103":"product_tag-selbst","104":"product_tag-shop","105":"product_tag-sie-selbst","106":"product_tag-sie-selbst-2","107":"product_tag-silber-5","108":"product_tag-silber","109":"product_tag-silber-2","110":"product_tag-silber-3","111":"product_tag-silber-ton-workshops","112":"product_tag-silberschmiede","113":"product_tag-silberton","114":"product_tag-sollid","115":"product_tag-sperren-3","116":"product_tag-sperren-4","117":"product_tag-sterling","118":"product_tag-sud","119":"product_tag-teile","120":"product_tag-ton-2","121":"product_tag-tun","122":"product_tag-um","123":"product_tag-umfangreich","124":"product_tag-unter-2","125":"product_tag-utrecht","126":"product_tag-verschluss","127":"product_tag-vorteilhaft","128":"product_tag-webshop","129":"product_tag-werkzeuge-2","130":"product_tag-wirklich","131":"product_tag-wobei","132":"product_tag-wohnung","133":"product_tag-zeeland","134":"product_tag-zwolle","135":"product_shipping_class-standard","136":"pa_afmeting-15mm","137":"pa_afmeting-10-mm","138":"pa_afmeting-11mm","139":"pa_afmeting-12mm","140":"pa_afmeting-13mm","141":"pa_afmeting-14mm","142":"pa_afmeting-16mm","143":"pa_afmeting-18mm","144":"pa_afmeting-1mm","145":"pa_afmeting-22mm","146":"pa_afmeting-2mm","147":"pa_afmeting-35mm-2","148":"pa_afmeting-3mm","149":"pa_afmeting-4mm","150":"pa_afmeting-55mm","151":"pa_afmeting-5mm","152":"pa_afmeting-6mm","153":"pa_afmeting-8mm","154":"pa_afmeting-9mm","156":"first","157":"instock","158":"taxable","159":"shipping-taxable","160":"purchasable","161":"product-type-simple"},"acf":[],"_links":{"self":[{"href":"https:\/\/esquell.eu\/de\/wp-json\/wp\/v2\/product\/18686","targetHints":{"allow":["GET"]}}],"collection":[{"href":"https:\/\/esquell.eu\/de\/wp-json\/wp\/v2\/product"}],"about":[{"href":"https:\/\/esquell.eu\/de\/wp-json\/wp\/v2\/types\/product"}],"replies":[{"embeddable":true,"href":"https:\/\/esquell.eu\/de\/wp-json\/wp\/v2\/comments?post=18686"}],"wp:featuredmedia":[{"embeddable":true,"href":"https:\/\/esquell.eu\/de\/wp-json\/wp\/v2\/media\/6739"}],"wp:attachment":[{"href":"https:\/\/esquell.eu\/de\/wp-json\/wp\/v2\/media?parent=18686"}],"wp:term":[{"taxonomy":"more","embeddable":true,"href":"https:\/\/esquell.eu\/de\/wp-json\/wp\/v2\/more?post=18686"},{"taxonomy":"product_brand","embeddable":true,"href":"https:\/\/esquell.eu\/de\/wp-json\/wp\/v2\/product_brand?post=18686"},{"taxonomy":"product_cat","embeddable":true,"href":"https:\/\/esquell.eu\/de\/wp-json\/wp\/v2\/product_cat?post=18686"},{"taxonomy":"product_tag","embeddable":true,"href":"https:\/\/esquell.eu\/de\/wp-json\/wp\/v2\/product_tag?post=18686"}],"curies":[{"name":"wp","href":"https:\/\/api.w.org\/{rel}","templated":true}]}}