{"id":18663,"date":"2025-05-04T21:03:49","date_gmt":"2025-05-04T21:03:49","guid":{"rendered":"https:\/\/esquell.eu\/product\/heftklammern-edelstahl-304-rundkopf-laenge-40-mm-pro-20-stueck\/"},"modified":"2025-05-04T21:03:49","modified_gmt":"2025-05-04T21:03:49","slug":"heftklammern-edelstahl-304-rundkopf-laenge-40-mm-pro-20-stueck","status":"publish","type":"product","link":"https:\/\/esquell.eu\/de\/produkt\/heftklammern-edelstahl-304-rundkopf-laenge-40-mm-pro-20-stueck\/","title":{"rendered":"Heftklammern Edelstahl 304 Rundkopf L\u00e4nge 40 mm Pro 20 St\u00fcck"},"content":{"rendered":"<p>Heftklammern<\/p>\n<p>EDELSTAHL 304<\/p>\n<p>Runder Kopf L\u00e4nge 40mm. Dicke 0,7 mm <\/p>\n<p>Verpackt pro 20<\/p>\n<p>Edelstahl l\u00f6st keine allergischen Reaktionen aus. Schmuck aus rostfreiem Stahl ist der perfekte Schmuck, denn er ist hypoallergen, so dass eine allergische Reaktion selten auftritt. Er wird auch als Chirurgenstahl oder Edelstahl bezeichnet und wird zum Beispiel f\u00fcr Geschw\u00fcrkn\u00f6pfe verwendet, die nach dem Schie\u00dfen von Ohrringen getragen werden. Schmuck aus rostfreiem Stahl wird auch als medizinischer Schmuck bezeichnet.   <\/p>\n","protected":false},"excerpt":{"rendered":"<p>Heftklammern<\/p>\n<p>EDELSTAHL 304<\/p>\n<p>Runder Kopf L\u00e4nge 40mm. Dicke 0,7 mm <\/p>\n<p>Edelstahl l\u00f6st keine allergischen Reaktionen aus. Schmuck aus rostfreiem Stahl ist der perfekte Schmuck, denn er ist hypoallergen, so dass eine allergische Reaktion selten auftritt. Er wird auch als Chirurgenstahl oder Edelstahl bezeichnet und wird zum Beispiel f\u00fcr Geschw\u00fcrkn\u00f6pfe verwendet, die nach dem Schie\u00dfen von Ohrringen getragen werden. Schmuck aus rostfreiem Stahl wird auch als medizinischer Schmuck bezeichnet.   <\/p>\n","protected":false},"featured_media":6893,"comment_status":"closed","ping_status":"closed","template":"","meta":{"_acf_changed":false,"_seopress_robots_primary_cat":"none","_seopress_titles_title":"","_seopress_titles_desc":"","_seopress_robots_index":""},"more":[],"product_brand":[6365],"product_cat":[12594],"product_tag":[6488,16331,16351,12391,16332,6948,6684,10755,16333,14333,8530,16352,6458,8354,6790,6415,7387,12300,7076,9029,6883,6881,6494,8508,12422,9978,8506,6895,12326,6909,12298,16360,7672,7017,16398,16400,7808,6767,6452,16410,12389,12078,6696,6897,8640,6907,12784,6786,16428,16382,16347,16354,6804,12083,7131,6775,7019,6421,6455,11183,6682,7931,6788,6891,11182,7524,8643,14282,7674,8005,8092,6777,8528,11421,13887,7742,10486,16335,16371,12735,6419,6820,7021,16368,8500,6899,6779,7509,6889,16390,6558,6417,6671,16412,16403,12837,16342,16345,16377,10753,12786,16380,16392,7445,10492,6920,16374,6781,6556,16387,6893,6784,7575,8628,12785,16340,16384,16394,16348,16358,12788,16406,16419,10767,12076,16356,6814,6429,6783,7735],"class_list":{"0":"post-18663","1":"product","2":"type-product","3":"status-publish","4":"has-post-thumbnail","6":"product_brand-l1","7":"product_cat-andere-metalle","8":"product_tag-6488","9":"product_tag-ablenkungsringe","10":"product_tag-ablenkungsringe-2","11":"product_tag-allergen","12":"product_tag-allergie","13":"product_tag-almere","14":"product_tag-anhanger","15":"product_tag-anschluss","16":"product_tag-anziehen","17":"product_tag-auge-2","18":"product_tag-augen","19":"product_tag-augen-verdrehen","20":"product_tag-belgien","21":"product_tag-bestatigen","22":"product_tag-bestellung","23":"product_tag-billig","24":"product_tag-bronze","25":"product_tag-bunt","26":"product_tag-charme-2","27":"product_tag-charme-4","28":"product_tag-deutschland","29":"product_tag-deutsland","30":"product_tag-diy","31":"product_tag-draht","32":"product_tag-draht-2","33":"product_tag-edelmetall","34":"product_tag-einfadeln","35":"product_tag-es","36":"product_tag-ey","37":"product_tag-facebook","38":"product_tag-farbe","39":"product_tag-farbecht","40":"product_tag-fimo","41":"product_tag-fur","42":"product_tag-geschlossene-sprungfeder","43":"product_tag-geschlossene-verbindung-auge","44":"product_tag-glas","45":"product_tag-gold","46":"product_tag-groshandel","47":"product_tag-heftklammer","48":"product_tag-hypo","49":"product_tag-hypoallergen","50":"product_tag-ideen","51":"product_tag-ihr","52":"product_tag-inspiration","53":"product_tag-instagram","54":"product_tag-jumprings","55":"product_tag-kaufen","56":"product_tag-kette-3","57":"product_tag-kettenbolzen","58":"product_tag-kettennadel","59":"product_tag-knickauge","60":"product_tag-kostenlos","61":"product_tag-kostenlos-2","62":"product_tag-kupfer","63":"product_tag-kurzwarengeschaft","64":"product_tag-liefert","65":"product_tag-machen","66":"product_tag-niederlande","67":"product_tag-offene-verbindung-auge","68":"product_tag-ohrringe","69":"product_tag-ohrringe-2","70":"product_tag-online","71":"product_tag-online-shop","72":"product_tag-osen-verbinden","73":"product_tag-perlen-2","74":"product_tag-pinterest","75":"product_tag-plattiert-2","76":"product_tag-polymer-clay","77":"product_tag-porzellan-2","78":"product_tag-ring","79":"product_tag-ringe","80":"product_tag-ringe-2","81":"product_tag-rost","82":"product_tag-rostfrei-3","83":"product_tag-rostfreier-stahl","84":"product_tag-rostfreier-stahl-3","85":"product_tag-rostfreier-stahl-5","86":"product_tag-scharniere-2","87":"product_tag-schlusselanhanger","88":"product_tag-schmuck","89":"product_tag-schmuck-2","90":"product_tag-schmuck-3","91":"product_tag-schmuck-aus-rostfreiem-stahl","92":"product_tag-schmuck-selber-machen","93":"product_tag-selbst","94":"product_tag-selbstgemacht","95":"product_tag-senden","96":"product_tag-shop","97":"product_tag-sicherheitsring","98":"product_tag-sie-selbst","99":"product_tag-silber","100":"product_tag-silber-2","101":"product_tag-silberne-heftklammer","102":"product_tag-silberner-spaltring","103":"product_tag-silberschmuck-5","104":"product_tag-spaltring","105":"product_tag-spaltringe","106":"product_tag-spanndraht","107":"product_tag-spannring","108":"product_tag-springend","109":"product_tag-sprungring","110":"product_tag-sprungschanze-offnen","111":"product_tag-stahl","112":"product_tag-stehlen","113":"product_tag-sterling","114":"product_tag-tackernadeln","115":"product_tag-teile","116":"product_tag-ton-3","117":"product_tag-touto","118":"product_tag-tun","119":"product_tag-unter-2","120":"product_tag-uv-harz","121":"product_tag-verbinden","122":"product_tag-verbindungsauge","123":"product_tag-verbindungsauge-2","124":"product_tag-verbindungsring-2","125":"product_tag-verbindungsring-3","126":"product_tag-verbindungsringe","127":"product_tag-verblassen","128":"product_tag-verdreht","129":"product_tag-verdrillter-draht","130":"product_tag-verdrillter-draht-2","131":"product_tag-versilbert","132":"product_tag-versilbert-2","133":"product_tag-von-3","134":"product_tag-webshop","135":"product_tag-wirklich","136":"product_tag-wobei","137":"product_tag-zu-verkaufen","138":"product_shipping_class-standard","139":"pa_diameter-10mm","140":"pa_diameter-15mm","141":"pa_diameter-25mm-2","142":"pa_diameter-3mm","143":"pa_diameter-4mm","144":"pa_diameter-5mm","145":"pa_diameter-6mm","146":"pa_diameter-7mm","147":"pa_diameter-8mm","148":"pa_diameter-9mm","150":"first","151":"instock","152":"taxable","153":"shipping-taxable","154":"purchasable","155":"product-type-simple"},"acf":[],"_links":{"self":[{"href":"https:\/\/esquell.eu\/de\/wp-json\/wp\/v2\/product\/18663","targetHints":{"allow":["GET"]}}],"collection":[{"href":"https:\/\/esquell.eu\/de\/wp-json\/wp\/v2\/product"}],"about":[{"href":"https:\/\/esquell.eu\/de\/wp-json\/wp\/v2\/types\/product"}],"replies":[{"embeddable":true,"href":"https:\/\/esquell.eu\/de\/wp-json\/wp\/v2\/comments?post=18663"}],"wp:featuredmedia":[{"embeddable":true,"href":"https:\/\/esquell.eu\/de\/wp-json\/wp\/v2\/media\/6893"}],"wp:attachment":[{"href":"https:\/\/esquell.eu\/de\/wp-json\/wp\/v2\/media?parent=18663"}],"wp:term":[{"taxonomy":"more","embeddable":true,"href":"https:\/\/esquell.eu\/de\/wp-json\/wp\/v2\/more?post=18663"},{"taxonomy":"product_brand","embeddable":true,"href":"https:\/\/esquell.eu\/de\/wp-json\/wp\/v2\/product_brand?post=18663"},{"taxonomy":"product_cat","embeddable":true,"href":"https:\/\/esquell.eu\/de\/wp-json\/wp\/v2\/product_cat?post=18663"},{"taxonomy":"product_tag","embeddable":true,"href":"https:\/\/esquell.eu\/de\/wp-json\/wp\/v2\/product_tag?post=18663"}],"curies":[{"name":"wp","href":"https:\/\/api.w.org\/{rel}","templated":true}]}}