{"id":18599,"date":"2025-05-04T21:48:58","date_gmt":"2025-05-04T21:48:58","guid":{"rendered":"https:\/\/esquell.eu\/product\/broschen-anstecker-kilt-anstecker-schal-anstecker-aus-edelstahl-pro-5-anstecknadeln\/"},"modified":"2025-05-04T21:48:58","modified_gmt":"2025-05-04T21:48:58","slug":"broschen-anstecker-kilt-anstecker-schal-anstecker-aus-edelstahl-pro-5-anstecknadeln","status":"publish","type":"product","link":"https:\/\/esquell.eu\/de\/produkt\/broschen-anstecker-kilt-anstecker-schal-anstecker-aus-edelstahl-pro-5-anstecknadeln\/","title":{"rendered":"Broschen-Anstecker, Kilt-Anstecker, Schal-Anstecker aus Edelstahl. Pro 5 Anstecknadeln"},"content":{"rendered":"<div class=\"product-addition\">\n<div class=\"product-addition-content\">\n<p>Brosche, Anstecknadel, Kilt-Anstecknadel, Schal-Anstecknadel Edelstahl<br \/>\nPreis pro 5 Anstecknadeln<\/p>\n<p>Gr\u00f6\u00dfe 7cm *1,2 cm<\/p>\n<p>Es macht Spa\u00df, sie mit Anh\u00e4ngern aus Metallton, Fimo, Perlen usw. zu verzieren.<\/p>\n<\/div>\n<\/div>\n","protected":false},"excerpt":{"rendered":"<p>Rever-Stift f\u00fcr die Verarbeitung in Metallton. Sie k\u00f6nnen den Stift in ein 5 mm gro\u00dfes Bohrloch im getrockneten Ton stecken. Dann mit Paste bedecken, trocknen und abbrennen. Da es sich um unedles Metall handelt, kann beim Brennen eine oxidierte Schicht entstehen. Sie k\u00f6nnen diese mit einem gr\u00fcnen Schleifpad entfernen.    <\/p>\n<p>Die Reversnadel besteht aus vernickeltem Messing<br \/>\nBacken Sie den Verschluss nicht mit.<\/p>\n<p>Die Gesamtl\u00e4nge des Stifts betr\u00e4gt 6 mm, der integrierbare Stiftkopf hat einen Durchmesser von 4,5 mm.<\/p>\n<p>Der Stift ist etwa 1 mm dick.<\/p>\n","protected":false},"featured_media":6921,"comment_status":"closed","ping_status":"closed","template":"","meta":{"_acf_changed":false,"_seopress_robots_primary_cat":"none","_seopress_titles_title":"","_seopress_titles_desc":"","_seopress_robots_index":""},"more":[],"product_brand":[6365],"product_cat":[12538],"product_tag":[6488,6508,6506,12547,6492,6699,7543,6458,8599,9294,8949,8953,8596,12543,6494,6680,7547,7017,11308,6452,6786,6498,6775,12548,7545,6421,6441,7552,12520,6455,6806,12541,12545,7742,6419,6889,9195,6558,6417,6671,6812,8022,6490,6920,12107,12546,6781,6500,6784,9686,12539,6449,6783,11307],"class_list":{"0":"post-18599","1":"product","2":"type-product","3":"status-publish","4":"has-post-thumbnail","6":"product_brand-l1","7":"product_cat-broschen-nadeln-und-teile","8":"product_tag-6488","9":"product_tag-6508","10":"product_tag-6506","11":"product_tag-999-broschen-anstecknadel","12":"product_tag-artclay","13":"product_tag-artclayacademy","14":"product_tag-ausbilder-2","15":"product_tag-belgien","16":"product_tag-benelux","17":"product_tag-brooche","18":"product_tag-brosche","19":"product_tag-brosche-2","20":"product_tag-broschen","21":"product_tag-broschen-anstecknadel","22":"product_tag-diy","23":"product_tag-frankreich","24":"product_tag-frankreich-2","25":"product_tag-fur","26":"product_tag-grosen","27":"product_tag-groshandel","28":"product_tag-kaufen","29":"product_tag-kunst","30":"product_tag-kurzwarengeschaft","31":"product_tag-luxembourgh","32":"product_tag-luxemburg-2","33":"product_tag-machen","34":"product_tag-metallton","35":"product_tag-mit","36":"product_tag-mitbraten","37":"product_tag-niederlande","38":"product_tag-rabatt","39":"product_tag-revers","40":"product_tag-reverspin","41":"product_tag-rostfreier-stahl","42":"product_tag-schmuck","43":"product_tag-shop","44":"product_tag-shop-2","45":"product_tag-sie-selbst","46":"product_tag-silber","47":"product_tag-silber-2","48":"product_tag-silber-3","49":"product_tag-silberlehm","50":"product_tag-silberton","51":"product_tag-sterling","52":"product_tag-stift","53":"product_tag-stifte-2","54":"product_tag-teile","55":"product_tag-ton-2","56":"product_tag-unter-2","57":"product_tag-verschiedene-2","58":"product_tag-verschluss","59":"product_tag-verteiler","60":"product_tag-wobei","61":"product_tag-zertifiziert-2","62":"product_shipping_class-standard","64":"first","65":"instock","66":"taxable","67":"shipping-taxable","68":"purchasable","69":"product-type-simple"},"acf":[],"_links":{"self":[{"href":"https:\/\/esquell.eu\/de\/wp-json\/wp\/v2\/product\/18599","targetHints":{"allow":["GET"]}}],"collection":[{"href":"https:\/\/esquell.eu\/de\/wp-json\/wp\/v2\/product"}],"about":[{"href":"https:\/\/esquell.eu\/de\/wp-json\/wp\/v2\/types\/product"}],"replies":[{"embeddable":true,"href":"https:\/\/esquell.eu\/de\/wp-json\/wp\/v2\/comments?post=18599"}],"wp:featuredmedia":[{"embeddable":true,"href":"https:\/\/esquell.eu\/de\/wp-json\/wp\/v2\/media\/6921"}],"wp:attachment":[{"href":"https:\/\/esquell.eu\/de\/wp-json\/wp\/v2\/media?parent=18599"}],"wp:term":[{"taxonomy":"more","embeddable":true,"href":"https:\/\/esquell.eu\/de\/wp-json\/wp\/v2\/more?post=18599"},{"taxonomy":"product_brand","embeddable":true,"href":"https:\/\/esquell.eu\/de\/wp-json\/wp\/v2\/product_brand?post=18599"},{"taxonomy":"product_cat","embeddable":true,"href":"https:\/\/esquell.eu\/de\/wp-json\/wp\/v2\/product_cat?post=18599"},{"taxonomy":"product_tag","embeddable":true,"href":"https:\/\/esquell.eu\/de\/wp-json\/wp\/v2\/product_tag?post=18599"}],"curies":[{"name":"wp","href":"https:\/\/api.w.org\/{rel}","templated":true}]}}